{"id":51185,"date":"2021-05-13T10:47:11","date_gmt":"2021-05-13T14:47:11","guid":{"rendered":"https:\/\/www.muralunique.com\/?post_type=product&#038;p=51185"},"modified":"2022-03-16T17:38:00","modified_gmt":"2022-03-16T21:38:00","slug":"les-fees","status":"publish","type":"product","link":"https:\/\/www.muralunique.com\/fr\/produit\/les-fees\/","title":{"rendered":"Les F\u00e9es"},"content":{"rendered":"<p>-Murale de sept jolies petites f\u00e9es dans un monde magique. Une murale unique et exclusive, id\u00e9ale pour cr\u00e9er un d\u00e9cor enchanteur dans une chambre de petite fille.<\/p>\n<p>-La murale comprend des laizes de 18\u2033 (45cm) de largeur. Par exemple, une murale de 6\u2032 (1,83m) de largeur a 4 laizes et une murale de 12\u2032 (3,66m) de largeur a 8 laizes.<\/p>\n<p>-Murale en papier\u00a0peint pr\u00e9encoll\u00e9e, lavable, s\u2019enl\u00e8ve \u00e0 sec et r\u00e9utilisable. Facile \u00e0 installer, se pose comme du papier\u00a0peint (tapisserie).<\/p>\n<p>-Une cr\u00e9ation originale de Birgit Schulz.<\/p>\n<p>-murale les f\u00e9es, murale en papier peint les f\u00e9es, tapisserie les f\u00e9es, papier peint les f\u00e9es, murale pour petite fille, murale pour chambre de fille, tapisserie pour chambre de fille, papier peint pour chambre de petite fille<\/p>\n","protected":false},"excerpt":{"rendered":"<p>-Murale de sept jolies petites f\u00e9es dans un monde magique. Une murale unique et exclusive, id\u00e9ale pour cr\u00e9er un d\u00e9cor enchanteur dans une chambre de petite fille. -La murale comprend des laizes de 18\u2033 (45cm) de largeur. Par exemple, une murale de 6\u2032 (1,83m) de largeur a 4 laizes et une murale de 12\u2032 (3,66m) [&hellip;]<\/p>\n","protected":false},"featured_media":51193,"template":"","meta":{"_acf_changed":false},"product_brand":[],"product_cat":[173,401],"product_tag":[8894,8895,8977,8976,9052,9125],"class_list":{"0":"post-51185","1":"product","2":"type-product","3":"status-publish","4":"has-post-thumbnail","6":"artist-birgit-schulz-fr","7":"product_cat-enfants","8":"product_cat-tous-nos-produits","9":"product_tag-enfant","10":"product_tag-enfants","11":"product_tag-fee","12":"product_tag-fees","13":"product_tag-filles","14":"product_tag-gamins","16":"first","17":"instock","18":"taxable","19":"shipping-taxable","20":"purchasable","21":"product-type-variable","22":"has-default-attributes"},"acf":[],"_links":{"self":[{"href":"https:\/\/www.muralunique.com\/fr\/wp-json\/wp\/v2\/product\/51185","targetHints":{"allow":["GET"]}}],"collection":[{"href":"https:\/\/www.muralunique.com\/fr\/wp-json\/wp\/v2\/product"}],"about":[{"href":"https:\/\/www.muralunique.com\/fr\/wp-json\/wp\/v2\/types\/product"}],"wp:featuredmedia":[{"embeddable":true,"href":"https:\/\/www.muralunique.com\/fr\/wp-json\/wp\/v2\/media\/51193"}],"wp:attachment":[{"href":"https:\/\/www.muralunique.com\/fr\/wp-json\/wp\/v2\/media?parent=51185"}],"wp:term":[{"taxonomy":"product_brand","embeddable":true,"href":"https:\/\/www.muralunique.com\/fr\/wp-json\/wp\/v2\/product_brand?post=51185"},{"taxonomy":"product_cat","embeddable":true,"href":"https:\/\/www.muralunique.com\/fr\/wp-json\/wp\/v2\/product_cat?post=51185"},{"taxonomy":"product_tag","embeddable":true,"href":"https:\/\/www.muralunique.com\/fr\/wp-json\/wp\/v2\/product_tag?post=51185"}],"curies":[{"name":"wp","href":"https:\/\/api.w.org\/{rel}","templated":true}]}}