{"id":51214,"date":"2021-05-13T11:42:25","date_gmt":"2021-05-13T15:42:25","guid":{"rendered":"https:\/\/www.muralunique.com\/?post_type=product&#038;p=51214"},"modified":"2022-04-16T19:43:54","modified_gmt":"2022-04-16T23:43:54","slug":"dirigeable-des-chatons-aventuriers","status":"publish","type":"product","link":"https:\/\/www.muralunique.com\/fr\/produit\/dirigeable-des-chatons-aventuriers\/","title":{"rendered":"Dirigeable des Chatons Aventuriers"},"content":{"rendered":"<p>-Murale en papier peint de petits chatons aventuriers \u00e0 bord d&#8217;un dirigeable. Une murale amusante et exclusive provenant de l&#8217;imagination sans limites de l&#8217;artiste Birgit Schulz. Une murale parfaite pour une chambre d&#8217;enfants ou une salle de jeu.<\/p>\n<p>-La murale comprend des laizes de 18\u2033 (45cm) de largeur. Par exemple, une murale de 6\u2032 (1,83m) de largeur a 4 laizes et une murale de 12\u2032 (3,66m) de largeur a 8 laizes.<\/p>\n<p>-Murale en papier\u00a0peint pr\u00e9encoll\u00e9e, lavable, s\u2019enl\u00e8ve \u00e0 sec et r\u00e9utilisable. Facile \u00e0 installer, se pose comme du papier\u00a0peint (tapisserie).<\/p>\n<p>-Une cr\u00e9ation originale de Birgit Schulz.<\/p>\n<p>-murale dirigeable des chatons aventuriers, tapisserie dirigeable des chatons aventuriers, papier peint dirigeable des chatons aventuriers, murale pour enfants, murale en paier peint pour enfants, tapisserie pour enfants<\/p>\n","protected":false},"excerpt":{"rendered":"<p>-Murale en papier peint de petits chatons aventuriers \u00e0 bord d&#8217;un dirigeable. Une murale amusante et exclusive provenant de l&#8217;imagination sans limites de l&#8217;artiste Birgit Schulz. Une murale parfaite pour une chambre d&#8217;enfants ou une salle de jeu. -La murale comprend des laizes de 18\u2033 (45cm) de largeur. Par exemple, une murale de 6\u2032 (1,83m) [&hellip;]<\/p>\n","protected":false},"featured_media":51222,"template":"","meta":{"_acf_changed":false},"product_brand":[],"product_cat":[134,173,401],"product_tag":[9744,9745,8879,9740,8894,8895,9125],"class_list":{"0":"post-51214","1":"product","2":"type-product","3":"status-publish","4":"has-post-thumbnail","6":"artist-birgit-schulz-fr","7":"product_cat-animaux","8":"product_cat-enfants","9":"product_cat-tous-nos-produits","10":"product_tag-chaton-fr","11":"product_tag-chatons-fr","12":"product_tag-chats","13":"product_tag-dirigeable","14":"product_tag-enfant","15":"product_tag-enfants","16":"product_tag-gamins","18":"first","19":"instock","20":"taxable","21":"shipping-taxable","22":"purchasable","23":"product-type-variable","24":"has-default-attributes"},"acf":[],"_links":{"self":[{"href":"https:\/\/www.muralunique.com\/fr\/wp-json\/wp\/v2\/product\/51214","targetHints":{"allow":["GET"]}}],"collection":[{"href":"https:\/\/www.muralunique.com\/fr\/wp-json\/wp\/v2\/product"}],"about":[{"href":"https:\/\/www.muralunique.com\/fr\/wp-json\/wp\/v2\/types\/product"}],"wp:featuredmedia":[{"embeddable":true,"href":"https:\/\/www.muralunique.com\/fr\/wp-json\/wp\/v2\/media\/51222"}],"wp:attachment":[{"href":"https:\/\/www.muralunique.com\/fr\/wp-json\/wp\/v2\/media?parent=51214"}],"wp:term":[{"taxonomy":"product_brand","embeddable":true,"href":"https:\/\/www.muralunique.com\/fr\/wp-json\/wp\/v2\/product_brand?post=51214"},{"taxonomy":"product_cat","embeddable":true,"href":"https:\/\/www.muralunique.com\/fr\/wp-json\/wp\/v2\/product_cat?post=51214"},{"taxonomy":"product_tag","embeddable":true,"href":"https:\/\/www.muralunique.com\/fr\/wp-json\/wp\/v2\/product_tag?post=51214"}],"curies":[{"name":"wp","href":"https:\/\/api.w.org\/{rel}","templated":true}]}}