{"id":51251,"date":"2021-05-13T13:11:35","date_gmt":"2021-05-13T17:11:35","guid":{"rendered":"https:\/\/www.muralunique.com\/?post_type=product&#038;p=51251"},"modified":"2022-04-16T19:44:13","modified_gmt":"2022-04-16T23:44:13","slug":"nounours","status":"publish","type":"product","link":"https:\/\/www.muralunique.com\/fr\/produit\/nounours\/","title":{"rendered":"Nounours"},"content":{"rendered":"<p>-Murale en papier peint pour les tout-petits d&#8217;\u00e9tag\u00e8res avec un assortiment d&#8217;adorables nounours. Une excellente option pour les amateurs de nounours et de peluches et parfait pour un mur accent th\u00e9matique dans une chambre d&#8217;enfant.<\/p>\n<p>-La murale comprend des laizes de 18\u2033 (45cm) de largeur. Par exemple, une murale de 6\u2032 (1,83m) de largeur a 4 laizes et une murale de 12\u2032 (3,66m) de largeur a 8 laizes.<\/p>\n<p>-Murale en papier\u00a0peint pr\u00e9encoll\u00e9e, lavable, s\u2019enl\u00e8ve \u00e0 sec et r\u00e9utilisable. Facile \u00e0 installer, se pose comme du papier\u00a0peint (tapisserie).<\/p>\n<p>-Une cr\u00e9ation originale de Birgit Schulz.<\/p>\n<p>-murale nounours, murale en papier peint nounours, papier peint nounours, tapisserie nounours, murale pour enfants, murale pour b\u00e9b\u00e9, murale en papier peint pour enfants, murale en papier peint pour b\u00e9b\u00e9s<\/p>\n","protected":false},"excerpt":{"rendered":"<p>-Murale en papier peint pour les tout-petits d&#8217;\u00e9tag\u00e8res avec un assortiment d&#8217;adorables nounours. Une excellente option pour les amateurs de nounours et de peluches et parfait pour un mur accent th\u00e9matique dans une chambre d&#8217;enfant. -La murale comprend des laizes de 18\u2033 (45cm) de largeur. Par exemple, une murale de 6\u2032 (1,83m) de largeur a [&hellip;]<\/p>\n","protected":false},"featured_media":51263,"template":"","meta":{"_acf_changed":false},"product_brand":[],"product_cat":[173,401],"product_tag":[8791,8790,8894,8895,9748,9125,9750,8809,9747],"class_list":{"0":"post-51251","1":"product","2":"type-product","3":"status-publish","4":"has-post-thumbnail","6":"artist-birgit-schulz-fr","7":"product_cat-enfants","8":"product_cat-tous-nos-produits","9":"product_tag-bebe","10":"product_tag-bebes","11":"product_tag-enfant","12":"product_tag-enfants","13":"product_tag-etageres","14":"product_tag-gamins","15":"product_tag-nounours","16":"product_tag-ours-fr","17":"product_tag-peluche","19":"first","20":"instock","21":"taxable","22":"shipping-taxable","23":"purchasable","24":"product-type-variable","25":"has-default-attributes"},"acf":[],"_links":{"self":[{"href":"https:\/\/www.muralunique.com\/fr\/wp-json\/wp\/v2\/product\/51251","targetHints":{"allow":["GET"]}}],"collection":[{"href":"https:\/\/www.muralunique.com\/fr\/wp-json\/wp\/v2\/product"}],"about":[{"href":"https:\/\/www.muralunique.com\/fr\/wp-json\/wp\/v2\/types\/product"}],"wp:featuredmedia":[{"embeddable":true,"href":"https:\/\/www.muralunique.com\/fr\/wp-json\/wp\/v2\/media\/51263"}],"wp:attachment":[{"href":"https:\/\/www.muralunique.com\/fr\/wp-json\/wp\/v2\/media?parent=51251"}],"wp:term":[{"taxonomy":"product_brand","embeddable":true,"href":"https:\/\/www.muralunique.com\/fr\/wp-json\/wp\/v2\/product_brand?post=51251"},{"taxonomy":"product_cat","embeddable":true,"href":"https:\/\/www.muralunique.com\/fr\/wp-json\/wp\/v2\/product_cat?post=51251"},{"taxonomy":"product_tag","embeddable":true,"href":"https:\/\/www.muralunique.com\/fr\/wp-json\/wp\/v2\/product_tag?post=51251"}],"curies":[{"name":"wp","href":"https:\/\/api.w.org\/{rel}","templated":true}]}}