{"id":5132,"date":"2012-02-28T09:44:32","date_gmt":"2012-02-28T09:44:32","guid":{"rendered":"https:\/\/muralunique.com\/?post_type=product&#038;p=5132"},"modified":"2022-10-21T10:27:54","modified_gmt":"2022-10-21T14:27:54","slug":"petra-en-jordanie","status":"publish","type":"product","link":"https:\/\/www.muralunique.com\/fr\/produit\/petra-en-jordanie\/","title":{"rendered":"Petra en Jordanie"},"content":{"rendered":"<p>-Photo murale en papier peint de Petra en Jordanie. Petra a \u00e9t\u00e9 design\u00e9 comme l&#8217;une des Sept Nouvelles Merveilles du Monde et fait partie du Patrimoine Mondial de l&#8217;UNESCO depuis mille neuf cent quatre-vingt-cinq.<\/p>\n<p>-La murale comprend des laizes de 18\u2033 (45cm) de largeur. Par exemple, une murale de 6\u2032 (1,83m) de largeur a 4 laizes et une murale de 12\u2032 (3,66m) de largeur a 8 laizes.<\/p>\n<p>-Murale en papier\u00a0peint pr\u00e9encoll\u00e9e, lavable, s\u2019enl\u00e8ve \u00e0 sec et r\u00e9utilisable. Facile \u00e0 installer, se pose comme du papier\u00a0peint (tapisserie).<\/p>\n<p>-murale Petra, murale en papier peint Petra, murale Jordanie, photo murale Petra, papier peint Petra<\/p>\n","protected":false},"excerpt":{"rendered":"<p>-Photo murale en papier peint de Petra en Jordanie. Petra a \u00e9t\u00e9 design\u00e9 comme l&#8217;une des Sept Nouvelles Merveilles du Monde et fait partie du Patrimoine Mondial de l&#8217;UNESCO depuis mille neuf cent quatre-vingt-cinq. -La murale comprend des laizes de 18\u2033 (45cm) de largeur. Par exemple, une murale de 6\u2032 (1,83m) de largeur a 4 [&hellip;]<\/p>\n","protected":false},"featured_media":61954,"template":"","meta":{"_acf_changed":false},"product_brand":[203],"product_cat":[128,401,163],"product_tag":[8664,8778,8699,9536,9537,9545,8722,9483,9612,9485,9495],"class_list":{"0":"post-5132","1":"product","2":"type-product","3":"status-publish","4":"has-post-thumbnail","6":"product_brand-muralunique-com","7":"product_cat-merveilles-du-monde","8":"product_cat-tous-nos-produits","9":"product_cat-trompe-loeil","10":"product_tag-archeologie","11":"product_tag-archeologique","12":"product_tag-jordanie-fr","13":"product_tag-merveilles","14":"product_tag-merveilles-du-monde","15":"product_tag-monde","16":"product_tag-petra-fr","17":"product_tag-trompe-l-oeil","18":"product_tag-trompe-loeil-fr","19":"product_tag-trompe-oeil-fr","20":"product_tag-unesco-fr","22":"first","23":"instock","24":"taxable","25":"shipping-taxable","26":"purchasable","27":"product-type-variable","28":"has-default-attributes"},"acf":[],"_links":{"self":[{"href":"https:\/\/www.muralunique.com\/fr\/wp-json\/wp\/v2\/product\/5132","targetHints":{"allow":["GET"]}}],"collection":[{"href":"https:\/\/www.muralunique.com\/fr\/wp-json\/wp\/v2\/product"}],"about":[{"href":"https:\/\/www.muralunique.com\/fr\/wp-json\/wp\/v2\/types\/product"}],"wp:featuredmedia":[{"embeddable":true,"href":"https:\/\/www.muralunique.com\/fr\/wp-json\/wp\/v2\/media\/61954"}],"wp:attachment":[{"href":"https:\/\/www.muralunique.com\/fr\/wp-json\/wp\/v2\/media?parent=5132"}],"wp:term":[{"taxonomy":"product_brand","embeddable":true,"href":"https:\/\/www.muralunique.com\/fr\/wp-json\/wp\/v2\/product_brand?post=5132"},{"taxonomy":"product_cat","embeddable":true,"href":"https:\/\/www.muralunique.com\/fr\/wp-json\/wp\/v2\/product_cat?post=5132"},{"taxonomy":"product_tag","embeddable":true,"href":"https:\/\/www.muralunique.com\/fr\/wp-json\/wp\/v2\/product_tag?post=5132"}],"curies":[{"name":"wp","href":"https:\/\/api.w.org\/{rel}","templated":true}]}}