{"id":5138,"date":"2012-02-28T09:48:20","date_gmt":"2012-02-28T09:48:20","guid":{"rendered":"https:\/\/muralunique.com\/?post_type=product&#038;p=5138"},"modified":"2022-10-24T11:48:30","modified_gmt":"2022-10-24T15:48:30","slug":"pyramides","status":"publish","type":"product","link":"https:\/\/www.muralunique.com\/fr\/produit\/pyramides\/","title":{"rendered":"Pyramides"},"content":{"rendered":"<p>-Murale en papier peint des Pyramides de Gizeh en \u00c9gypte. La Grande Pyramide de Gizeh fait partie des Sept Merveilles du Monde Antique (la seule merveille antique qui existe encore aujourd&#8217;hui). Ce site fait partie du Patrimoine Mondial de l&#8217;UNESCO depuis mille neuf cent soixante-dix-neuf.<\/p>\n<p>-La murale comprend des laizes de 18\u2033 (45cm) de largeur. Par exemple, une murale de 6\u2032 (1,83m) de largeur a 4 laizes et une murale de 12\u2032 (3,66m) de largeur a 8 laizes.<\/p>\n<p>-Murale en papier\u00a0peint pr\u00e9encoll\u00e9e, lavable, s\u2019enl\u00e8ve \u00e0 sec et r\u00e9utilisable. Facile \u00e0 installer, se pose comme du papier\u00a0peint (tapisserie).<\/p>\n<p>-murale pyramides \u00c9gypte, photo murale pyramides \u00c9gypte, murale en papier peint pyramides \u00c9gypte, papier peint pyramides \u00c9gypte, murale pyramides Gizeh<\/p>\n","protected":false},"excerpt":{"rendered":"<p>-Murale en papier peint des Pyramides de Gizeh en \u00c9gypte. La Grande Pyramide de Gizeh fait partie des Sept Merveilles du Monde Antique (la seule merveille antique qui existe encore aujourd&#8217;hui). Ce site fait partie du Patrimoine Mondial de l&#8217;UNESCO depuis mille neuf cent soixante-dix-neuf. -La murale comprend des laizes de 18\u2033 (45cm) de largeur. [&hellip;]<\/p>\n","protected":false},"featured_media":5139,"template":"","meta":{"_acf_changed":false},"product_brand":[203],"product_cat":[128,401],"product_tag":[8767,8771,8664,8778,8688,8692,9536,9537,9545,9304,9495,9234],"class_list":{"0":"post-5138","1":"product","2":"type-product","3":"status-publish","4":"has-post-thumbnail","6":"product_brand-muralunique-com","7":"product_cat-merveilles-du-monde","8":"product_cat-tous-nos-produits","9":"product_tag-ancient-fr","10":"product_tag-antique-fr","11":"product_tag-archeologie","12":"product_tag-archeologique","13":"product_tag-egypte","14":"product_tag-gizeh","15":"product_tag-merveilles","16":"product_tag-merveilles-du-monde","17":"product_tag-monde","18":"product_tag-pyramides","19":"product_tag-unesco-fr","20":"product_tag-vieux","22":"first","23":"instock","24":"taxable","25":"shipping-taxable","26":"purchasable","27":"product-type-variable","28":"has-default-attributes"},"acf":[],"_links":{"self":[{"href":"https:\/\/www.muralunique.com\/fr\/wp-json\/wp\/v2\/product\/5138","targetHints":{"allow":["GET"]}}],"collection":[{"href":"https:\/\/www.muralunique.com\/fr\/wp-json\/wp\/v2\/product"}],"about":[{"href":"https:\/\/www.muralunique.com\/fr\/wp-json\/wp\/v2\/types\/product"}],"wp:featuredmedia":[{"embeddable":true,"href":"https:\/\/www.muralunique.com\/fr\/wp-json\/wp\/v2\/media\/5139"}],"wp:attachment":[{"href":"https:\/\/www.muralunique.com\/fr\/wp-json\/wp\/v2\/media?parent=5138"}],"wp:term":[{"taxonomy":"product_brand","embeddable":true,"href":"https:\/\/www.muralunique.com\/fr\/wp-json\/wp\/v2\/product_brand?post=5138"},{"taxonomy":"product_cat","embeddable":true,"href":"https:\/\/www.muralunique.com\/fr\/wp-json\/wp\/v2\/product_cat?post=5138"},{"taxonomy":"product_tag","embeddable":true,"href":"https:\/\/www.muralunique.com\/fr\/wp-json\/wp\/v2\/product_tag?post=5138"}],"curies":[{"name":"wp","href":"https:\/\/api.w.org\/{rel}","templated":true}]}}