{"id":51409,"date":"2021-05-17T16:20:15","date_gmt":"2021-05-17T20:20:15","guid":{"rendered":"https:\/\/www.muralunique.com\/?post_type=product&#038;p=51409"},"modified":"2022-03-16T17:37:59","modified_gmt":"2022-03-16T21:37:59","slug":"una-foresta-particulare","status":"publish","type":"product","link":"https:\/\/www.muralunique.com\/fr\/produit\/una-foresta-particulare\/","title":{"rendered":"Una Foresta Particulare"},"content":{"rendered":"<p>-Photo murale d&#8217;une splendide for\u00eat en automne. Un paysage vivant et color\u00e9, un excellent choix pour donner vie \u00e0 un mur terne. Une murale provenant d&#8217;une photographie exclusive du c\u00e9l\u00e8bre photographe Lars Van de Goor.<\/p>\n<p>-La murale comprend des laizes de 18\u2033 (45cm) de largeur. Par exemple, une murale de 6\u2032 (1,83m) de largeur a 4 laizes et une murale de 12\u2032 (3,66m) de largeur a 8 laizes.<\/p>\n<p>-Murale en papier\u00a0peint pr\u00e9encoll\u00e9e, lavable, s\u2019enl\u00e8ve \u00e0 sec et r\u00e9utilisable. Facile \u00e0 installer, se pose comme du papier\u00a0peint (tapisserie).<\/p>\n<p>-Photographie de Lars Van de Goor. Vous pouvez obtenir plus d\u2019informations \u00e0\u00a0<a href=\"http:\/\/www.larsvandegoor.com\/\" rel=\"nofollow noopener\" target=\"_blank\">www.larsvandegoor.com<\/a>.<\/p>\n<p>-murale de for\u00eat, photo murale de for\u00eat, murale en papier peint de for\u00eat, tapisserie de for\u00eat, murale de for\u00eat en automne, tapisserie de for\u00eat en automne, murale en papier peint de for\u00eat en automne<\/p>\n","protected":false},"excerpt":{"rendered":"<p>-Photo murale d&#8217;une splendide for\u00eat en automne. Un paysage vivant et color\u00e9, un excellent choix pour donner vie \u00e0 un mur terne. Une murale provenant d&#8217;une photographie exclusive du c\u00e9l\u00e8bre photographe Lars Van de Goor. -La murale comprend des laizes de 18\u2033 (45cm) de largeur. Par exemple, une murale de 6\u2032 (1,83m) de largeur a [&hellip;]<\/p>\n","protected":false},"featured_media":51408,"template":"","meta":{"_acf_changed":false},"product_brand":[],"product_cat":[141,401],"product_tag":[9478,8788,8979,8864,9019,9219,9261,9137,9467],"class_list":{"0":"post-51409","1":"product","2":"type-product","3":"status-publish","4":"has-post-thumbnail","6":"artist-lars-van-de-goor-fr","7":"product_cat-nature-et-paysages","8":"product_cat-tous-nos-produits","9":"product_tag-arbres","10":"product_tag-automne","11":"product_tag-automne-fr","12":"product_tag-calme","13":"product_tag-foret","14":"product_tag-nature-fr","15":"product_tag-paisible","16":"product_tag-paysage","17":"product_tag-tranquilite","19":"first","20":"instock","21":"taxable","22":"shipping-taxable","23":"purchasable","24":"product-type-variable","25":"has-default-attributes"},"acf":[],"_links":{"self":[{"href":"https:\/\/www.muralunique.com\/fr\/wp-json\/wp\/v2\/product\/51409","targetHints":{"allow":["GET"]}}],"collection":[{"href":"https:\/\/www.muralunique.com\/fr\/wp-json\/wp\/v2\/product"}],"about":[{"href":"https:\/\/www.muralunique.com\/fr\/wp-json\/wp\/v2\/types\/product"}],"wp:featuredmedia":[{"embeddable":true,"href":"https:\/\/www.muralunique.com\/fr\/wp-json\/wp\/v2\/media\/51408"}],"wp:attachment":[{"href":"https:\/\/www.muralunique.com\/fr\/wp-json\/wp\/v2\/media?parent=51409"}],"wp:term":[{"taxonomy":"product_brand","embeddable":true,"href":"https:\/\/www.muralunique.com\/fr\/wp-json\/wp\/v2\/product_brand?post=51409"},{"taxonomy":"product_cat","embeddable":true,"href":"https:\/\/www.muralunique.com\/fr\/wp-json\/wp\/v2\/product_cat?post=51409"},{"taxonomy":"product_tag","embeddable":true,"href":"https:\/\/www.muralunique.com\/fr\/wp-json\/wp\/v2\/product_tag?post=51409"}],"curies":[{"name":"wp","href":"https:\/\/api.w.org\/{rel}","templated":true}]}}