{"id":5144,"date":"2012-02-28T09:50:50","date_gmt":"2012-02-28T09:50:50","guid":{"rendered":"https:\/\/muralunique.com\/?post_type=product&#038;p=5144"},"modified":"2022-10-26T11:37:57","modified_gmt":"2022-10-26T15:37:57","slug":"colisee-de-rome","status":"publish","type":"product","link":"https:\/\/www.muralunique.com\/fr\/produit\/colisee-de-rome\/","title":{"rendered":"Colis\u00e9e de Rome"},"content":{"rendered":"<p>-Murale en papier peint des Merveilles du Monde du Colis\u00e9e de Rome. Fait partie des Sept Nouvelles Merveilles du Monde ainsi que du Patrimoine Mondial de l&#8217;UNESCO depuis mille neuf cent quatre-vingt.<\/p>\n<p>-La murale comprend des laizes de 18\u2033 (45cm) de largeur. Par exemple, une murale de 6\u2032 (1,83m) de largeur a 4 laizes et une murale de 12\u2032 (3,66m) de largeur a 8 laizes.<\/p>\n<p>-Murale en papier\u00a0peint pr\u00e9encoll\u00e9e, lavable, s\u2019enl\u00e8ve \u00e0 sec et r\u00e9utilisable. Facile \u00e0 installer, se pose comme du papier\u00a0peint (tapisserie).<\/p>\n<p>-murale Colis\u00e9e de Rome, photo murale Colis\u00e9e de Rome, papier peint Colis\u00e9e de Rome, murale en papier peint Colis\u00e9e de Rome<\/p>\n","protected":false},"excerpt":{"rendered":"<p>-Murale en papier peint des Merveilles du Monde du Colis\u00e9e de Rome. Fait partie des Sept Nouvelles Merveilles du Monde ainsi que du Patrimoine Mondial de l&#8217;UNESCO depuis mille neuf cent quatre-vingt. -La murale comprend des laizes de 18\u2033 (45cm) de largeur. Par exemple, une murale de 6\u2032 (1,83m) de largeur a 4 laizes et [&hellip;]<\/p>\n","protected":false},"featured_media":5145,"template":"","meta":{"_acf_changed":false},"product_brand":[203],"product_cat":[128,401],"product_tag":[8780,8684,8727,9115,9536,9537,9545,9195,9338],"class_list":{"0":"post-5144","1":"product","2":"type-product","3":"status-publish","4":"has-post-thumbnail","6":"product_brand-muralunique-com","7":"product_cat-merveilles-du-monde","8":"product_cat-tous-nos-produits","9":"product_tag-architecture-fr","10":"product_tag-colisee","11":"product_tag-colisee-de-rome","12":"product_tag-italie","13":"product_tag-merveilles","14":"product_tag-merveilles-du-monde","15":"product_tag-monde","16":"product_tag-monument-fr","17":"product_tag-rome-fr","19":"first","20":"instock","21":"taxable","22":"shipping-taxable","23":"purchasable","24":"product-type-variable","25":"has-default-attributes"},"acf":[],"_links":{"self":[{"href":"https:\/\/www.muralunique.com\/fr\/wp-json\/wp\/v2\/product\/5144","targetHints":{"allow":["GET"]}}],"collection":[{"href":"https:\/\/www.muralunique.com\/fr\/wp-json\/wp\/v2\/product"}],"about":[{"href":"https:\/\/www.muralunique.com\/fr\/wp-json\/wp\/v2\/types\/product"}],"wp:featuredmedia":[{"embeddable":true,"href":"https:\/\/www.muralunique.com\/fr\/wp-json\/wp\/v2\/media\/5145"}],"wp:attachment":[{"href":"https:\/\/www.muralunique.com\/fr\/wp-json\/wp\/v2\/media?parent=5144"}],"wp:term":[{"taxonomy":"product_brand","embeddable":true,"href":"https:\/\/www.muralunique.com\/fr\/wp-json\/wp\/v2\/product_brand?post=5144"},{"taxonomy":"product_cat","embeddable":true,"href":"https:\/\/www.muralunique.com\/fr\/wp-json\/wp\/v2\/product_cat?post=5144"},{"taxonomy":"product_tag","embeddable":true,"href":"https:\/\/www.muralunique.com\/fr\/wp-json\/wp\/v2\/product_tag?post=5144"}],"curies":[{"name":"wp","href":"https:\/\/api.w.org\/{rel}","templated":true}]}}