{"id":5156,"date":"2012-02-28T10:06:09","date_gmt":"2012-02-28T10:06:09","guid":{"rendered":"https:\/\/muralunique.com\/?post_type=product&#038;p=5156"},"modified":"2022-10-19T14:17:21","modified_gmt":"2022-10-19T18:17:21","slug":"la-tour-de-pise","status":"publish","type":"product","link":"https:\/\/www.muralunique.com\/fr\/produit\/la-tour-de-pise\/","title":{"rendered":"La Tour de Pise"},"content":{"rendered":"<p>-Magnifique murale de la Tour Pench\u00e9e de Pise en Italie. Ce monument fait partie du Patrimoine Mondial de l&#8217;UNESCO depuis mille huit cent quatre-vingt sept.<\/p>\n<p>-La murale comprend des laizes de 18\u2033 (45cm) de largeur. Par exemple, une murale de 6\u2032 (1,83m) de largeur a 4 laizes et une murale de 12\u2032 (3,66m) de largeur a 8 laizes.<\/p>\n<p>-Murale en papier\u00a0peint pr\u00e9encoll\u00e9e, lavable, s\u2019enl\u00e8ve \u00e0 sec et r\u00e9utilisable. Facile \u00e0 installer, se pose comme du papier\u00a0peint (tapisserie).<\/p>\n<p>-murale Tour de Pise, murale en papier peint Tour de Pise, photo murale Tour de Pise, murale Italie, papier peint Italie<\/p>\n","protected":false},"excerpt":{"rendered":"<p>-Magnifique murale de la Tour Pench\u00e9e de Pise en Italie. Ce monument fait partie du Patrimoine Mondial de l&#8217;UNESCO depuis mille huit cent quatre-vingt sept. -La murale comprend des laizes de 18\u2033 (45cm) de largeur. Par exemple, une murale de 6\u2032 (1,83m) de largeur a 4 laizes et une murale de 12\u2032 (3,66m) de largeur [&hellip;]<\/p>\n","protected":false},"featured_media":5157,"template":"","meta":{"_acf_changed":false},"product_brand":[203],"product_cat":[128,401,163],"product_tag":[8780,8691,9115,9536,9537,9195,8723,9456,9458,9483,9612,9485,8739,9495],"class_list":{"0":"post-5156","1":"product","2":"type-product","3":"status-publish","4":"has-post-thumbnail","6":"product_brand-muralunique-com","7":"product_cat-merveilles-du-monde","8":"product_cat-tous-nos-produits","9":"product_cat-trompe-loeil","10":"product_tag-architecture-fr","11":"product_tag-europe-fr","12":"product_tag-italie","13":"product_tag-merveilles","14":"product_tag-merveilles-du-monde","15":"product_tag-monument-fr","16":"product_tag-pise","17":"product_tag-tour","18":"product_tag-tour-de-pise","19":"product_tag-trompe-l-oeil","20":"product_tag-trompe-loeil-fr","21":"product_tag-trompe-oeil-fr","22":"product_tag-tuscane","23":"product_tag-unesco-fr","25":"first","26":"instock","27":"taxable","28":"shipping-taxable","29":"purchasable","30":"product-type-variable","31":"has-default-attributes"},"acf":[],"_links":{"self":[{"href":"https:\/\/www.muralunique.com\/fr\/wp-json\/wp\/v2\/product\/5156","targetHints":{"allow":["GET"]}}],"collection":[{"href":"https:\/\/www.muralunique.com\/fr\/wp-json\/wp\/v2\/product"}],"about":[{"href":"https:\/\/www.muralunique.com\/fr\/wp-json\/wp\/v2\/types\/product"}],"wp:featuredmedia":[{"embeddable":true,"href":"https:\/\/www.muralunique.com\/fr\/wp-json\/wp\/v2\/media\/5157"}],"wp:attachment":[{"href":"https:\/\/www.muralunique.com\/fr\/wp-json\/wp\/v2\/media?parent=5156"}],"wp:term":[{"taxonomy":"product_brand","embeddable":true,"href":"https:\/\/www.muralunique.com\/fr\/wp-json\/wp\/v2\/product_brand?post=5156"},{"taxonomy":"product_cat","embeddable":true,"href":"https:\/\/www.muralunique.com\/fr\/wp-json\/wp\/v2\/product_cat?post=5156"},{"taxonomy":"product_tag","embeddable":true,"href":"https:\/\/www.muralunique.com\/fr\/wp-json\/wp\/v2\/product_tag?post=5156"}],"curies":[{"name":"wp","href":"https:\/\/api.w.org\/{rel}","templated":true}]}}