{"id":51736,"date":"2021-05-25T10:42:25","date_gmt":"2021-05-25T14:42:25","guid":{"rendered":"https:\/\/www.muralunique.com\/?post_type=product&#038;p=51736"},"modified":"2022-04-16T19:43:57","modified_gmt":"2022-04-16T23:43:57","slug":"un-accueil-chaleureux","status":"publish","type":"product","link":"https:\/\/www.muralunique.com\/fr\/produit\/un-accueil-chaleureux\/","title":{"rendered":"Un Accueil Chaleureux"},"content":{"rendered":"<p>-Photo murale d&#8217;une for\u00eat brumeuse en \u00e9t\u00e9 avec un petit sentier qui la traverse. Un paysage paisible et chaleureux avec un effet trompe l&#8217;oeil int\u00e9ressant.<\/p>\n<p>-La murale comprend des laizes de 18\u2033 (45cm) de largeur. Par exemple, une murale de 6\u2032 (1,83m) de largeur a 4 laizes et une murale de 12\u2032 (3,66m) de largeur a 8 laizes.<\/p>\n<p>-Murale en papier\u00a0peint pr\u00e9encoll\u00e9e, lavable, s\u2019enl\u00e8ve \u00e0 sec et r\u00e9utilisable. Facile \u00e0 installer, se pose comme du papier\u00a0peint (tapisserie).<\/p>\n<p>-Photographie de Lars Van de Goor. Vous pouvez obtenir plus d\u2019informations \u00e0\u00a0<a href=\"http:\/\/www.larsvandegoor.com\/\" rel=\"nofollow noopener\" target=\"_blank\">www.larsvandegoor.com<\/a>.<\/p>\n<p>-murale de for\u00eat, photo murale de for\u00eat, murale en papier peint de for\u00eat, tapisserie de for\u00eat, murale de paysage, murale de la nature, tapisserie de paysage, murale de la nature, tapisserie de la nature<\/p>\n","protected":false},"excerpt":{"rendered":"<p>-Photo murale d&#8217;une for\u00eat brumeuse en \u00e9t\u00e9 avec un petit sentier qui la traverse. Un paysage paisible et chaleureux avec un effet trompe l&#8217;oeil int\u00e9ressant. -La murale comprend des laizes de 18\u2033 (45cm) de largeur. Par exemple, une murale de 6\u2032 (1,83m) de largeur a 4 laizes et une murale de 12\u2032 (3,66m) de largeur [&hellip;]<\/p>\n","protected":false},"featured_media":51746,"template":"","meta":{"_acf_changed":false},"product_brand":[],"product_cat":[141,401,163],"product_tag":[9478,8864,9258,9019,9219,9261,9137,9467,9483,9612,9485],"class_list":{"0":"post-51736","1":"product","2":"type-product","3":"status-publish","4":"has-post-thumbnail","6":"artist-lars-van-de-goor-fr","7":"product_cat-nature-et-paysages","8":"product_cat-tous-nos-produits","9":"product_cat-trompe-loeil","10":"product_tag-arbres","11":"product_tag-calme","12":"product_tag-chemin","13":"product_tag-foret","14":"product_tag-nature-fr","15":"product_tag-paisible","16":"product_tag-paysage","17":"product_tag-tranquilite","18":"product_tag-trompe-l-oeil","19":"product_tag-trompe-loeil-fr","20":"product_tag-trompe-oeil-fr","22":"first","23":"instock","24":"taxable","25":"shipping-taxable","26":"purchasable","27":"product-type-variable","28":"has-default-attributes"},"acf":[],"_links":{"self":[{"href":"https:\/\/www.muralunique.com\/fr\/wp-json\/wp\/v2\/product\/51736","targetHints":{"allow":["GET"]}}],"collection":[{"href":"https:\/\/www.muralunique.com\/fr\/wp-json\/wp\/v2\/product"}],"about":[{"href":"https:\/\/www.muralunique.com\/fr\/wp-json\/wp\/v2\/types\/product"}],"wp:featuredmedia":[{"embeddable":true,"href":"https:\/\/www.muralunique.com\/fr\/wp-json\/wp\/v2\/media\/51746"}],"wp:attachment":[{"href":"https:\/\/www.muralunique.com\/fr\/wp-json\/wp\/v2\/media?parent=51736"}],"wp:term":[{"taxonomy":"product_brand","embeddable":true,"href":"https:\/\/www.muralunique.com\/fr\/wp-json\/wp\/v2\/product_brand?post=51736"},{"taxonomy":"product_cat","embeddable":true,"href":"https:\/\/www.muralunique.com\/fr\/wp-json\/wp\/v2\/product_cat?post=51736"},{"taxonomy":"product_tag","embeddable":true,"href":"https:\/\/www.muralunique.com\/fr\/wp-json\/wp\/v2\/product_tag?post=51736"}],"curies":[{"name":"wp","href":"https:\/\/api.w.org\/{rel}","templated":true}]}}