{"id":51854,"date":"2021-05-27T17:38:18","date_gmt":"2021-05-27T21:38:18","guid":{"rendered":"https:\/\/www.muralunique.com\/?post_type=product&#038;p=51854"},"modified":"2022-03-16T17:37:58","modified_gmt":"2022-03-16T21:37:58","slug":"eclaboussure-de-cichlide","status":"publish","type":"product","link":"https:\/\/www.muralunique.com\/fr\/produit\/eclaboussure-de-cichlide\/","title":{"rendered":"\u00c9claboussure de Cichlid\u00e9"},"content":{"rendered":"<p>-Murale en papier peint abstraite d&#8217;un poisson noir (poisson cichlid\u00e9). Une murale originale et audacieuse qui saura personnaliser vos murs et votre int\u00e9rieur.<\/p>\n<p>-La murale comprend des laizes de 18\u2033 (45cm) de largeur. Par exemple, une murale de 6\u2032 (1,83m) de largeur a 4 laizes et une murale de 12\u2032 (3,66m) de largeur a 8 laizes.<\/p>\n<p>-Murale en papier\u00a0peint pr\u00e9encoll\u00e9e, lavable, s\u2019enl\u00e8ve \u00e0 sec et r\u00e9utilisable. Facile \u00e0 installer, se pose comme du papier\u00a0peint (tapisserie).<\/p>\n<p>-Une cr\u00e9ation de l&#8217;artiste Birgit Schulz.<\/p>\n<p>-murale \u00e9claboussure de cichlid\u00e9, murale en papier peint \u00e9claboussure de cichlid\u00e9, tapisserie \u00e9claboussure de cichlid\u00e9, papier peint \u00e9claboussure de cichlid\u00e9, murale de poisson, tapisserie de poisson, murale abstraite<\/p>\n","protected":false},"excerpt":{"rendered":"<p>-Murale en papier peint abstraite d&#8217;un poisson noir (poisson cichlid\u00e9). Une murale originale et audacieuse qui saura personnaliser vos murs et votre int\u00e9rieur. -La murale comprend des laizes de 18\u2033 (45cm) de largeur. Par exemple, une murale de 6\u2032 (1,83m) de largeur a 4 laizes et une murale de 12\u2032 (3,66m) de largeur a 8 [&hellip;]<\/p>\n","protected":false},"featured_media":51862,"template":"","meta":{"_acf_changed":false},"product_brand":[],"product_cat":[125,134,401],"product_tag":[8751,8768,9758,9756,9002],"class_list":{"0":"post-51854","1":"product","2":"type-product","3":"status-publish","4":"has-post-thumbnail","6":"artist-birgit-schulz-fr","7":"product_cat-abstrait-et-geometrie","8":"product_cat-animaux","9":"product_cat-tous-nos-produits","10":"product_tag-abstrait","11":"product_tag-animal","12":"product_tag-cichlide","13":"product_tag-eclaboussure","14":"product_tag-poisson","16":"first","17":"instock","18":"taxable","19":"shipping-taxable","20":"purchasable","21":"product-type-variable","22":"has-default-attributes"},"acf":[],"_links":{"self":[{"href":"https:\/\/www.muralunique.com\/fr\/wp-json\/wp\/v2\/product\/51854","targetHints":{"allow":["GET"]}}],"collection":[{"href":"https:\/\/www.muralunique.com\/fr\/wp-json\/wp\/v2\/product"}],"about":[{"href":"https:\/\/www.muralunique.com\/fr\/wp-json\/wp\/v2\/types\/product"}],"wp:featuredmedia":[{"embeddable":true,"href":"https:\/\/www.muralunique.com\/fr\/wp-json\/wp\/v2\/media\/51862"}],"wp:attachment":[{"href":"https:\/\/www.muralunique.com\/fr\/wp-json\/wp\/v2\/media?parent=51854"}],"wp:term":[{"taxonomy":"product_brand","embeddable":true,"href":"https:\/\/www.muralunique.com\/fr\/wp-json\/wp\/v2\/product_brand?post=51854"},{"taxonomy":"product_cat","embeddable":true,"href":"https:\/\/www.muralunique.com\/fr\/wp-json\/wp\/v2\/product_cat?post=51854"},{"taxonomy":"product_tag","embeddable":true,"href":"https:\/\/www.muralunique.com\/fr\/wp-json\/wp\/v2\/product_tag?post=51854"}],"curies":[{"name":"wp","href":"https:\/\/api.w.org\/{rel}","templated":true}]}}