{"id":51884,"date":"2021-05-28T11:35:04","date_gmt":"2021-05-28T15:35:04","guid":{"rendered":"https:\/\/www.muralunique.com\/?post_type=product&#038;p=51884"},"modified":"2022-11-18T11:06:06","modified_gmt":"2022-11-18T16:06:06","slug":"eclaboussure-de-discus","status":"publish","type":"product","link":"https:\/\/www.muralunique.com\/fr\/produit\/eclaboussure-de-discus\/","title":{"rendered":"\u00c9claboussure de Discus"},"content":{"rendered":"<p>-Murale color\u00e9e, originale et exclusive de deux poissons discus oranges sur fond gris. Si vous recherchez \u00e0 cr\u00e9er un d\u00e9cor hors du commun, cette murale pourrait \u00eatre une tr\u00e8s bonne option.<\/p>\n<p>-La murale comprend des laizes de 18\u2033 (45cm) de largeur. Par exemple, une murale de 6\u2032 (1,83m) de largeur a 4 laizes et une murale de 12\u2032 (3,66m) de largeur a 8 laizes.<\/p>\n<p>-Murale en papier\u00a0peint pr\u00e9encoll\u00e9e, lavable, s\u2019enl\u00e8ve \u00e0 sec et r\u00e9utilisable. Facile \u00e0 installer, se pose comme du papier\u00a0peint (tapisserie).<\/p>\n<p>-Une cr\u00e9ation de l&#8217;artiste Birgit Schulz.<\/p>\n<p>-murale \u00e9claboussure de discus, murale en papier peint \u00e9claboussure de discus, tapisserie \u00e9claboussure de discus, papier peint \u00e9claboussure de discus, murale de poisson, tapisserie de poisson, murale abstraite<\/p>\n","protected":false},"excerpt":{"rendered":"<p>-Murale color\u00e9e, originale et exclusive de deux poissons discus oranges sur fond gris. Si vous recherchez \u00e0 cr\u00e9er un d\u00e9cor hors du commun, cette murale pourrait \u00eatre une tr\u00e8s bonne option. -La murale comprend des laizes de 18\u2033 (45cm) de largeur. Par exemple, une murale de 6\u2032 (1,83m) de largeur a 4 laizes et une [&hellip;]<\/p>\n","protected":false},"featured_media":52343,"template":"","meta":{"_acf_changed":false},"product_brand":[],"product_cat":[125,134,305,401],"product_tag":[8751,8768,9761,9756,9002,9003],"class_list":{"0":"post-51884","1":"product","2":"type-product","3":"status-publish","4":"has-post-thumbnail","6":"artist-birgit-schulz-fr","7":"product_cat-abstrait-et-geometrie","8":"product_cat-animaux","9":"product_cat-produits-vedettes","10":"product_cat-tous-nos-produits","11":"product_tag-abstrait","12":"product_tag-animal","13":"product_tag-discus-fr","14":"product_tag-eclaboussure","15":"product_tag-poisson","16":"product_tag-poissons","18":"first","19":"instock","20":"taxable","21":"shipping-taxable","22":"purchasable","23":"product-type-variable","24":"has-default-attributes"},"acf":[],"_links":{"self":[{"href":"https:\/\/www.muralunique.com\/fr\/wp-json\/wp\/v2\/product\/51884","targetHints":{"allow":["GET"]}}],"collection":[{"href":"https:\/\/www.muralunique.com\/fr\/wp-json\/wp\/v2\/product"}],"about":[{"href":"https:\/\/www.muralunique.com\/fr\/wp-json\/wp\/v2\/types\/product"}],"wp:featuredmedia":[{"embeddable":true,"href":"https:\/\/www.muralunique.com\/fr\/wp-json\/wp\/v2\/media\/52343"}],"wp:attachment":[{"href":"https:\/\/www.muralunique.com\/fr\/wp-json\/wp\/v2\/media?parent=51884"}],"wp:term":[{"taxonomy":"product_brand","embeddable":true,"href":"https:\/\/www.muralunique.com\/fr\/wp-json\/wp\/v2\/product_brand?post=51884"},{"taxonomy":"product_cat","embeddable":true,"href":"https:\/\/www.muralunique.com\/fr\/wp-json\/wp\/v2\/product_cat?post=51884"},{"taxonomy":"product_tag","embeddable":true,"href":"https:\/\/www.muralunique.com\/fr\/wp-json\/wp\/v2\/product_tag?post=51884"}],"curies":[{"name":"wp","href":"https:\/\/api.w.org\/{rel}","templated":true}]}}