{"id":51901,"date":"2021-05-28T13:09:35","date_gmt":"2021-05-28T17:09:35","guid":{"rendered":"https:\/\/www.muralunique.com\/?post_type=product&#038;p=51901"},"modified":"2022-03-16T17:37:55","modified_gmt":"2022-03-16T21:37:55","slug":"eclaboussure-doscar","status":"publish","type":"product","link":"https:\/\/www.muralunique.com\/fr\/produit\/eclaboussure-doscar\/","title":{"rendered":"\u00c9claboussure d&#8217;Oscar"},"content":{"rendered":"<p>-Murale en papier peint originale et exclusive d&#8217;un poisson oscar sur un fond gris fonc\u00e9. Un design abstrait, tout indiqu\u00e9 pour cr\u00e9er un d\u00e9cor myst\u00e9rieux et unique.<\/p>\n<p>-La murale comprend des laizes de 18\u2033 (45cm) de largeur. Par exemple, une murale de 6\u2032 (1,83m) de largeur a 4 laizes et une murale de 12\u2032 (3,66m) de largeur a 8 laizes.<\/p>\n<p>-Murale en papier\u00a0peint pr\u00e9encoll\u00e9e, lavable, s\u2019enl\u00e8ve \u00e0 sec et r\u00e9utilisable. Facile \u00e0 installer, se pose comme du papier\u00a0peint (tapisserie).<\/p>\n<p>-Une cr\u00e9ation de l&#8217;artiste Birgit Schulz.<\/p>\n<p>-murale \u00e9claboussure d&#8217;oscar, murale en papier peint \u00e9claboussure d&#8217;oscar, tapisserie \u00e9claboussure d&#8217;oscar, papier peint \u00e9claboussure d&#8217;oscar, murale de poisson, tapisserie de poisson, murale abstraite<\/p>\n","protected":false},"excerpt":{"rendered":"<p>-Murale en papier peint originale et exclusive d&#8217;un poisson oscar sur un fond gris fonc\u00e9. Un design abstrait, tout indiqu\u00e9 pour cr\u00e9er un d\u00e9cor myst\u00e9rieux et unique. -La murale comprend des laizes de 18\u2033 (45cm) de largeur. Par exemple, une murale de 6\u2032 (1,83m) de largeur a 4 laizes et une murale de 12\u2032 (3,66m) [&hellip;]<\/p>\n","protected":false},"featured_media":51909,"template":"","meta":{"_acf_changed":false},"product_brand":[],"product_cat":[125,134,401],"product_tag":[8751,8768,9756,9762,9002,9003],"class_list":{"0":"post-51901","1":"product","2":"type-product","3":"status-publish","4":"has-post-thumbnail","6":"artist-birgit-schulz-fr","7":"product_cat-abstrait-et-geometrie","8":"product_cat-animaux","9":"product_cat-tous-nos-produits","10":"product_tag-abstrait","11":"product_tag-animal","12":"product_tag-eclaboussure","13":"product_tag-oscar-fr","14":"product_tag-poisson","15":"product_tag-poissons","17":"first","18":"instock","19":"taxable","20":"shipping-taxable","21":"purchasable","22":"product-type-variable","23":"has-default-attributes"},"acf":[],"_links":{"self":[{"href":"https:\/\/www.muralunique.com\/fr\/wp-json\/wp\/v2\/product\/51901","targetHints":{"allow":["GET"]}}],"collection":[{"href":"https:\/\/www.muralunique.com\/fr\/wp-json\/wp\/v2\/product"}],"about":[{"href":"https:\/\/www.muralunique.com\/fr\/wp-json\/wp\/v2\/types\/product"}],"wp:featuredmedia":[{"embeddable":true,"href":"https:\/\/www.muralunique.com\/fr\/wp-json\/wp\/v2\/media\/51909"}],"wp:attachment":[{"href":"https:\/\/www.muralunique.com\/fr\/wp-json\/wp\/v2\/media?parent=51901"}],"wp:term":[{"taxonomy":"product_brand","embeddable":true,"href":"https:\/\/www.muralunique.com\/fr\/wp-json\/wp\/v2\/product_brand?post=51901"},{"taxonomy":"product_cat","embeddable":true,"href":"https:\/\/www.muralunique.com\/fr\/wp-json\/wp\/v2\/product_cat?post=51901"},{"taxonomy":"product_tag","embeddable":true,"href":"https:\/\/www.muralunique.com\/fr\/wp-json\/wp\/v2\/product_tag?post=51901"}],"curies":[{"name":"wp","href":"https:\/\/api.w.org\/{rel}","templated":true}]}}