{"id":5220,"date":"2012-02-28T11:30:27","date_gmt":"2012-02-28T11:30:27","guid":{"rendered":"https:\/\/muralunique.com\/?post_type=product&#038;p=5220"},"modified":"2022-04-16T19:43:41","modified_gmt":"2022-04-16T23:43:41","slug":"lac-de-la-gruyere-suisse","status":"publish","type":"product","link":"https:\/\/www.muralunique.com\/fr\/produit\/lac-de-la-gruyere-suisse\/","title":{"rendered":"Lac de la Gruy\u00e8re, Suisse"},"content":{"rendered":"<p>-Une murale en papier peint d&#8217;un magnifique lac en Suisse (photo murale).<\/p>\n<p>-La murale comprend des laizes de 18&#8243; (45cm) de largeur. Par exemple, une murale de 6&#8242; (1,83m) de largeur a 4 laizes et une murale de 12&#8242; (3,66m) de largeur a 8 laizes.<\/p>\n<p>-Murale en papier\u00a0peint pr\u00e9encoll\u00e9e, lavable, s&#8217;enl\u00e8ve \u00e0 sec et r\u00e9utilisable. Facile \u00e0 installer, se pose comme du papier\u00a0peint (tapisserie).<\/p>\n<p>-murale lac, papier peint lac, murale lac Gruy\u00e8re, papier peint lac Gruy\u00e8re, murale en papier peint Suisse<\/p>\n","protected":false},"excerpt":{"rendered":"<p>-Une murale en papier peint d&#8217;un magnifique lac en Suisse (photo murale). -La murale comprend des laizes de 18&#8243; (45cm) de largeur. Par exemple, une murale de 6&#8242; (1,83m) de largeur a 4 laizes et une murale de 12&#8242; (3,66m) de largeur a 8 laizes. -Murale en papier\u00a0peint pr\u00e9encoll\u00e9e, lavable, s&#8217;enl\u00e8ve \u00e0 sec et r\u00e9utilisable. [&hellip;]<\/p>\n","protected":false},"featured_media":31444,"template":"","meta":{"_acf_changed":false},"product_brand":[203],"product_cat":[153,141,401],"product_tag":[8864,9517,9427,8691,8695,9135,9208,9209,9219,9261,9137,8732,9467],"class_list":{"0":"post-5220","1":"product","2":"type-product","3":"status-publish","4":"has-post-thumbnail","6":"product_brand-muralunique-com","7":"product_cat-eau-et-plages","8":"product_cat-nature-et-paysages","9":"product_cat-tous-nos-produits","10":"product_tag-calme","11":"product_tag-eau","12":"product_tag-ete","13":"product_tag-europe-fr","14":"product_tag-gruyere-fr","15":"product_tag-lac","16":"product_tag-montagne","17":"product_tag-montagnes","18":"product_tag-nature-fr","19":"product_tag-paisible","20":"product_tag-paysage","21":"product_tag-suisse","22":"product_tag-tranquilite","24":"first","25":"instock","26":"taxable","27":"shipping-taxable","28":"purchasable","29":"product-type-variable","30":"has-default-attributes"},"acf":[],"_links":{"self":[{"href":"https:\/\/www.muralunique.com\/fr\/wp-json\/wp\/v2\/product\/5220","targetHints":{"allow":["GET"]}}],"collection":[{"href":"https:\/\/www.muralunique.com\/fr\/wp-json\/wp\/v2\/product"}],"about":[{"href":"https:\/\/www.muralunique.com\/fr\/wp-json\/wp\/v2\/types\/product"}],"wp:featuredmedia":[{"embeddable":true,"href":"https:\/\/www.muralunique.com\/fr\/wp-json\/wp\/v2\/media\/31444"}],"wp:attachment":[{"href":"https:\/\/www.muralunique.com\/fr\/wp-json\/wp\/v2\/media?parent=5220"}],"wp:term":[{"taxonomy":"product_brand","embeddable":true,"href":"https:\/\/www.muralunique.com\/fr\/wp-json\/wp\/v2\/product_brand?post=5220"},{"taxonomy":"product_cat","embeddable":true,"href":"https:\/\/www.muralunique.com\/fr\/wp-json\/wp\/v2\/product_cat?post=5220"},{"taxonomy":"product_tag","embeddable":true,"href":"https:\/\/www.muralunique.com\/fr\/wp-json\/wp\/v2\/product_tag?post=5220"}],"curies":[{"name":"wp","href":"https:\/\/api.w.org\/{rel}","templated":true}]}}