{"id":5226,"date":"2012-02-28T11:36:06","date_gmt":"2012-02-28T11:36:06","guid":{"rendered":"https:\/\/muralunique.com\/?post_type=product&#038;p=5226"},"modified":"2021-09-15T16:59:24","modified_gmt":"2021-09-15T20:59:24","slug":"hamac-aux-maldives","status":"publish","type":"product","link":"https:\/\/www.muralunique.com\/fr\/produit\/hamac-aux-maldives\/","title":{"rendered":"Hamac aux Maldives"},"content":{"rendered":"<p>-Murale d&#8217;une magnifique plage des Iles Maldives.<\/p>\n<p>-La murale comprend des laizes de 18&#8243; (45cm) de largeur. Par exemple, une murale de 6&#8242; (1,83m) de largeur a 4 laizes et une murale de 12&#8242; (3,66m) de largeur a 8 laizes.<\/p>\n<p>-Murale en papier\u00a0peint pr\u00e9encoll\u00e9e, lavable, s&#8217;enl\u00e8ve \u00e0 sec et r\u00e9utilisable. Facile \u00e0 installer, se pose comme du papier\u00a0peint (tapisserie).<\/p>\n<p>-Photos de George Fischer. Vous pouvez voir son portfolio \u00e0 <a href=\"http:\/\/www.georgefischerphotography.com\" rel=\"nofollow noopener\" target=\"_blank\">www.georgefischerphotography.com<\/a>.<\/p>\n<p>-murale hamac aux Maldives, papier peint hamac aux Maldives, photo murale hamac aux Maldives, murale plage, papier peint plage<\/p>\n<p>&nbsp;<\/p>\n","protected":false},"excerpt":{"rendered":"<p>-Murale d&#8217;une magnifique plage des Iles Maldives. -La murale comprend des laizes de 18&#8243; (45cm) de largeur. Par exemple, une murale de 6&#8242; (1,83m) de largeur a 4 laizes et une murale de 12&#8242; (3,66m) de largeur a 8 laizes. -Murale en papier\u00a0peint pr\u00e9encoll\u00e9e, lavable, s&#8217;enl\u00e8ve \u00e0 sec et r\u00e9utilisable. Facile \u00e0 installer, se pose [&hellip;]<\/p>\n","protected":false},"featured_media":31456,"template":"","meta":{"_acf_changed":false},"product_brand":[159],"product_cat":[153,141,401],"product_tag":[9478,8864,9517,9427,8970,9073,9113,9169,9352,9219,9231,9261,10138,9242,9137,8806,8807,9349,9467,9486],"class_list":{"0":"post-5226","1":"product","2":"type-product","3":"status-publish","4":"has-post-thumbnail","6":"artist-george-fischer-fr","7":"product_brand-george-fischer-2","8":"product_cat-eau-et-plages","9":"product_cat-nature-et-paysages","10":"product_cat-tous-nos-produits","11":"product_tag-arbres","12":"product_tag-calme","13":"product_tag-eau","14":"product_tag-ete","15":"product_tag-exotique","16":"product_tag-hamac","17":"product_tag-iles","18":"product_tag-maldives-fr","19":"product_tag-mer","20":"product_tag-nature-fr","21":"product_tag-ocean-fr-2","22":"product_tag-paisible","23":"product_tag-palmier-fr","24":"product_tag-palmiers","25":"product_tag-paysage","26":"product_tag-plage","27":"product_tag-plages","28":"product_tag-sable","29":"product_tag-tranquilite","30":"product_tag-tropical-fr","32":"first","33":"instock","34":"taxable","35":"shipping-taxable","36":"purchasable","37":"product-type-variable","38":"has-default-attributes"},"acf":[],"_links":{"self":[{"href":"https:\/\/www.muralunique.com\/fr\/wp-json\/wp\/v2\/product\/5226","targetHints":{"allow":["GET"]}}],"collection":[{"href":"https:\/\/www.muralunique.com\/fr\/wp-json\/wp\/v2\/product"}],"about":[{"href":"https:\/\/www.muralunique.com\/fr\/wp-json\/wp\/v2\/types\/product"}],"wp:featuredmedia":[{"embeddable":true,"href":"https:\/\/www.muralunique.com\/fr\/wp-json\/wp\/v2\/media\/31456"}],"wp:attachment":[{"href":"https:\/\/www.muralunique.com\/fr\/wp-json\/wp\/v2\/media?parent=5226"}],"wp:term":[{"taxonomy":"product_brand","embeddable":true,"href":"https:\/\/www.muralunique.com\/fr\/wp-json\/wp\/v2\/product_brand?post=5226"},{"taxonomy":"product_cat","embeddable":true,"href":"https:\/\/www.muralunique.com\/fr\/wp-json\/wp\/v2\/product_cat?post=5226"},{"taxonomy":"product_tag","embeddable":true,"href":"https:\/\/www.muralunique.com\/fr\/wp-json\/wp\/v2\/product_tag?post=5226"}],"curies":[{"name":"wp","href":"https:\/\/api.w.org\/{rel}","templated":true}]}}