{"id":52356,"date":"2021-06-14T14:12:42","date_gmt":"2021-06-14T18:12:42","guid":{"rendered":"https:\/\/www.muralunique.com\/?post_type=product&#038;p=52356"},"modified":"2022-03-16T17:37:55","modified_gmt":"2022-03-16T21:37:55","slug":"mur-de-falaise-noir","status":"publish","type":"product","link":"https:\/\/www.muralunique.com\/fr\/produit\/mur-de-falaise-noir\/","title":{"rendered":"Mur de Falaise (Noir)"},"content":{"rendered":"<p>-Photo murale en papier peint d&#8217;un grand mur de falaise noir. La qualit\u00e9 (r\u00e9solution) et l&#8217;effet trompe l&#8217;oeil de cette image sont exceptionnels (650 MegaPixels).<\/p>\n<p>-La murale comprend des laizes de 18&#8243; (45cm) de largeur. Par exemple, une murale de 6&#8242; (1,83m) de largeur a 4 laizes et une murale de 12&#8242; (3,66m) de largeur a 8 laizes.<\/p>\n<p>-Murale en papier\u00a0peint pr\u00e9encoll\u00e9e, lavable, s&#8217;enl\u00e8ve \u00e0 sec et r\u00e9utilisable. Facile \u00e0 installer, se pose comme du papier\u00a0peint (tapisserie).<\/p>\n<p>-Photographie de Donn Petelka. Vous pouvez obtenir plus d&#8217;informations \u00e0 cette adresse:\u00a0<a href=\"mailto:donnpetelka@gmail.com\" target=\"_blank\" rel=\"noopener noreferrer\">donnpetelka@gmail.com<\/a>.<\/p>\n<p>-murale mur de falaise noir, murales mur de falaise noir, tapisserie imitation pierre, papier peint imitation pierre, murale en papier peint mur de falaise noir<\/p>\n","protected":false},"excerpt":{"rendered":"<p>-Photo murale en papier peint d&#8217;un grand mur de falaise noir. La qualit\u00e9 (r\u00e9solution) et l&#8217;effet trompe l&#8217;oeil de cette image sont exceptionnels (650 MegaPixels). -La murale comprend des laizes de 18&#8243; (45cm) de largeur. Par exemple, une murale de 6&#8242; (1,83m) de largeur a 4 laizes et une murale de 12&#8242; (3,66m) de largeur [&hellip;]<\/p>\n","protected":false},"featured_media":56330,"template":"","meta":{"_acf_changed":false},"product_brand":[],"product_cat":[10434,169,401,163,427],"product_tag":[9515,9416,9332,9333,9447,9448,9449,9483,9482,9485],"class_list":{"0":"post-52356","1":"product","2":"type-product","3":"status-publish","4":"has-post-thumbnail","6":"artist-donn-petelka-fr","7":"product_cat-images-panoramiques","8":"product_cat-textures-2","9":"product_cat-tous-nos-produits","10":"product_cat-trompe-loeil","11":"product_cat-ultra-haute-d-finition-photos","12":"product_tag-mur","13":"product_tag-pierre","14":"product_tag-roc-fr","15":"product_tag-rocher-fr","16":"product_tag-texture-fr","17":"product_tag-texture-fr-2","18":"product_tag-textures","19":"product_tag-trompe-l-oeil","20":"product_tag-trompe-loeil","21":"product_tag-trompe-oeil-fr","23":"first","24":"instock","25":"taxable","26":"shipping-taxable","27":"purchasable","28":"product-type-variable","29":"has-default-attributes"},"acf":[],"_links":{"self":[{"href":"https:\/\/www.muralunique.com\/fr\/wp-json\/wp\/v2\/product\/52356","targetHints":{"allow":["GET"]}}],"collection":[{"href":"https:\/\/www.muralunique.com\/fr\/wp-json\/wp\/v2\/product"}],"about":[{"href":"https:\/\/www.muralunique.com\/fr\/wp-json\/wp\/v2\/types\/product"}],"wp:featuredmedia":[{"embeddable":true,"href":"https:\/\/www.muralunique.com\/fr\/wp-json\/wp\/v2\/media\/56330"}],"wp:attachment":[{"href":"https:\/\/www.muralunique.com\/fr\/wp-json\/wp\/v2\/media?parent=52356"}],"wp:term":[{"taxonomy":"product_brand","embeddable":true,"href":"https:\/\/www.muralunique.com\/fr\/wp-json\/wp\/v2\/product_brand?post=52356"},{"taxonomy":"product_cat","embeddable":true,"href":"https:\/\/www.muralunique.com\/fr\/wp-json\/wp\/v2\/product_cat?post=52356"},{"taxonomy":"product_tag","embeddable":true,"href":"https:\/\/www.muralunique.com\/fr\/wp-json\/wp\/v2\/product_tag?post=52356"}],"curies":[{"name":"wp","href":"https:\/\/api.w.org\/{rel}","templated":true}]}}