{"id":5240,"date":"2012-02-29T20:08:59","date_gmt":"2012-02-29T20:08:59","guid":{"rendered":"https:\/\/muralunique.com\/?post_type=product&#038;p=5240"},"modified":"2025-09-30T16:19:56","modified_gmt":"2025-09-30T20:19:56","slug":"palmiers-a-oahu-hawaii","status":"publish","type":"product","link":"https:\/\/www.muralunique.com\/fr\/produit\/palmiers-a-oahu-hawaii\/","title":{"rendered":"Palmiers \u00e0 Oahu, Hawaii"},"content":{"rendered":"<p>-Murale en papier peint d&#8217;une magnifique plage \u00e0 Oahu, Hawaii.<\/p>\n<p>-La murale comprend des laizes de 18\u2033 (45cm) de largeur. Par exemple, une murale de 6\u2032 (1,83m) de largeur a 4 laizes et une murale de 12\u2032 (3,66m) de largeur a 8 laizes.<\/p>\n<p>-Murale en papier\u00a0peint pr\u00e9encoll\u00e9e, lavable, s\u2019enl\u00e8ve \u00e0 sec et r\u00e9utilisable. Facile \u00e0 installer, se pose comme du papier\u00a0peint (tapisserie).<\/p>\n<p>-murale palmiers, murale en papier peint palmiers, photo murale palmiers, murale plage, photo murale plage<\/p>\n","protected":false},"excerpt":{"rendered":"<p>-Murale en papier peint d&#8217;une magnifique plage \u00e0 Oahu, Hawaii. -La murale comprend des laizes de 18\u2033 (45cm) de largeur. Par exemple, une murale de 6\u2032 (1,83m) de largeur a 4 laizes et une murale de 12\u2032 (3,66m) de largeur a 8 laizes. -Murale en papier\u00a0peint pr\u00e9encoll\u00e9e, lavable, s\u2019enl\u00e8ve \u00e0 sec et r\u00e9utilisable. Facile \u00e0 [&hellip;]<\/p>\n","protected":false},"featured_media":31446,"template":"","meta":{"_acf_changed":false},"product_brand":[203],"product_cat":[153,141,401],"product_tag":[9478,8864,9517,9499,9427,8970,9075,9352,9219,8718,9231,9261,10138,9242,9137,8806,8807,9349,9467,9486,8741],"class_list":{"0":"post-5240","1":"product","2":"type-product","3":"status-publish","4":"has-post-thumbnail","6":"product_brand-muralunique-com","7":"product_cat-eau-et-plages","8":"product_cat-nature-et-paysages","9":"product_cat-tous-nos-produits","10":"product_tag-arbres","11":"product_tag-calme","12":"product_tag-eau","13":"product_tag-etats-unis","14":"product_tag-ete","15":"product_tag-exotique","16":"product_tag-hawaii-fr","17":"product_tag-mer","18":"product_tag-nature-fr","19":"product_tag-oahu-fr","20":"product_tag-ocean-fr-2","21":"product_tag-paisible","22":"product_tag-palmier-fr","23":"product_tag-palmiers","24":"product_tag-paysage","25":"product_tag-plage","26":"product_tag-plages","27":"product_tag-sable","28":"product_tag-tranquilite","29":"product_tag-tropical-fr","30":"product_tag-usa-fr","32":"first","33":"instock","34":"taxable","35":"shipping-taxable","36":"purchasable","37":"product-type-variable","38":"has-default-attributes"},"acf":[],"_links":{"self":[{"href":"https:\/\/www.muralunique.com\/fr\/wp-json\/wp\/v2\/product\/5240","targetHints":{"allow":["GET"]}}],"collection":[{"href":"https:\/\/www.muralunique.com\/fr\/wp-json\/wp\/v2\/product"}],"about":[{"href":"https:\/\/www.muralunique.com\/fr\/wp-json\/wp\/v2\/types\/product"}],"wp:featuredmedia":[{"embeddable":true,"href":"https:\/\/www.muralunique.com\/fr\/wp-json\/wp\/v2\/media\/31446"}],"wp:attachment":[{"href":"https:\/\/www.muralunique.com\/fr\/wp-json\/wp\/v2\/media?parent=5240"}],"wp:term":[{"taxonomy":"product_brand","embeddable":true,"href":"https:\/\/www.muralunique.com\/fr\/wp-json\/wp\/v2\/product_brand?post=5240"},{"taxonomy":"product_cat","embeddable":true,"href":"https:\/\/www.muralunique.com\/fr\/wp-json\/wp\/v2\/product_cat?post=5240"},{"taxonomy":"product_tag","embeddable":true,"href":"https:\/\/www.muralunique.com\/fr\/wp-json\/wp\/v2\/product_tag?post=5240"}],"curies":[{"name":"wp","href":"https:\/\/api.w.org\/{rel}","templated":true}]}}