{"id":5246,"date":"2012-02-29T20:12:16","date_gmt":"2012-02-29T20:12:16","guid":{"rendered":"https:\/\/muralunique.com\/?post_type=product&#038;p=5246"},"modified":"2021-12-17T11:33:28","modified_gmt":"2021-12-17T16:33:28","slug":"palmiers-aux-maldives","status":"publish","type":"product","link":"https:\/\/www.muralunique.com\/fr\/produit\/palmiers-aux-maldives\/","title":{"rendered":"Palmiers aux Maldives"},"content":{"rendered":"<p>-Magnifique murale d&#8217;une plage des Iles Maldives (photo murale).<\/p>\n<p>-La murale comprend des laizes de 18\u2033 (45cm) de largeur. Par exemple, une murale de 6\u2032 (1,83m) de largeur a 4 laizes et une murale de 12\u2032 (3,66m) de largeur a 8 laizes.<\/p>\n<p>-Murale en papier\u00a0peint pr\u00e9encoll\u00e9e, lavable, s\u2019enl\u00e8ve \u00e0 sec et r\u00e9utilisable. Facile \u00e0 installer, se pose comme du papier\u00a0peint (tapisserie).<\/p>\n<p>-murale Maldives, papier peint Maldives, murale en papier peint plage, murale palmiers, murale palmiers aux Maldives<\/p>\n","protected":false},"excerpt":{"rendered":"<p>-Magnifique murale d&#8217;une plage des Iles Maldives (photo murale). -La murale comprend des laizes de 18\u2033 (45cm) de largeur. Par exemple, une murale de 6\u2032 (1,83m) de largeur a 4 laizes et une murale de 12\u2032 (3,66m) de largeur a 8 laizes. -Murale en papier\u00a0peint pr\u00e9encoll\u00e9e, lavable, s\u2019enl\u00e8ve \u00e0 sec et r\u00e9utilisable. Facile \u00e0 installer, [&hellip;]<\/p>\n","protected":false},"featured_media":59085,"template":"","meta":{"_acf_changed":false},"product_brand":[203],"product_cat":[153,141,401],"product_tag":[9478,8864,9517,9427,8970,9112,9113,9169,9352,9219,9231,9261,10138,9242,9137,8806,8807,9349,9467,9486],"class_list":{"0":"post-5246","1":"product","2":"type-product","3":"status-publish","4":"has-post-thumbnail","6":"product_brand-muralunique-com","7":"product_cat-eau-et-plages","8":"product_cat-nature-et-paysages","9":"product_cat-tous-nos-produits","10":"product_tag-arbres","11":"product_tag-calme","12":"product_tag-eau","13":"product_tag-ete","14":"product_tag-exotique","15":"product_tag-ile","16":"product_tag-iles","17":"product_tag-maldives-fr","18":"product_tag-mer","19":"product_tag-nature-fr","20":"product_tag-ocean-fr-2","21":"product_tag-paisible","22":"product_tag-palmier-fr","23":"product_tag-palmiers","24":"product_tag-paysage","25":"product_tag-plage","26":"product_tag-plages","27":"product_tag-sable","28":"product_tag-tranquilite","29":"product_tag-tropical-fr","31":"first","32":"instock","33":"taxable","34":"shipping-taxable","35":"purchasable","36":"product-type-variable","37":"has-default-attributes"},"acf":[],"_links":{"self":[{"href":"https:\/\/www.muralunique.com\/fr\/wp-json\/wp\/v2\/product\/5246","targetHints":{"allow":["GET"]}}],"collection":[{"href":"https:\/\/www.muralunique.com\/fr\/wp-json\/wp\/v2\/product"}],"about":[{"href":"https:\/\/www.muralunique.com\/fr\/wp-json\/wp\/v2\/types\/product"}],"wp:featuredmedia":[{"embeddable":true,"href":"https:\/\/www.muralunique.com\/fr\/wp-json\/wp\/v2\/media\/59085"}],"wp:attachment":[{"href":"https:\/\/www.muralunique.com\/fr\/wp-json\/wp\/v2\/media?parent=5246"}],"wp:term":[{"taxonomy":"product_brand","embeddable":true,"href":"https:\/\/www.muralunique.com\/fr\/wp-json\/wp\/v2\/product_brand?post=5246"},{"taxonomy":"product_cat","embeddable":true,"href":"https:\/\/www.muralunique.com\/fr\/wp-json\/wp\/v2\/product_cat?post=5246"},{"taxonomy":"product_tag","embeddable":true,"href":"https:\/\/www.muralunique.com\/fr\/wp-json\/wp\/v2\/product_tag?post=5246"}],"curies":[{"name":"wp","href":"https:\/\/api.w.org\/{rel}","templated":true}]}}