{"id":52525,"date":"2021-06-17T10:24:23","date_gmt":"2021-06-17T14:24:23","guid":{"rendered":"https:\/\/www.muralunique.com\/?post_type=product&#038;p=52525"},"modified":"2023-11-07T16:22:47","modified_gmt":"2023-11-07T21:22:47","slug":"pivoines-blanches-et-feuilles-dorees","status":"publish","type":"product","link":"https:\/\/www.muralunique.com\/fr\/produit\/pivoines-blanches-et-feuilles-dorees\/","title":{"rendered":"Pivoines Blanches et Feuilles Dor\u00e9es"},"content":{"rendered":"<p>-Murale d&#8217;un design floral \u00e9l\u00e9gant sur un fond noir. Cette murale tendance aux couleurs contrastantes est un incontournable pour habiller vos murs et donner un look chic \u00e0 votre int\u00e9rieur.<\/p>\n<p>-La murale comprend des laizes de 18\u2033 (45cm) de largeur. Par exemple, une murale de 6\u2032 (1,83m) de largeur a 4 laizes et une murale de 12\u2032 (3,66m) de largeur a 8 laizes.<\/p>\n<p>-Murale en papier\u00a0peint pr\u00e9encoll\u00e9e, lavable, s\u2019enl\u00e8ve \u00e0 sec et r\u00e9utilisable. Facile \u00e0 installer, se pose comme du papier\u00a0peint (tapisserie).<\/p>\n<p>-murale grosses fleurs sur fond noir, murale en papier peint grosses fleurs sur fond noir, papier peint grosses fleurs sur fond noir, tapisserie grosses fleurs sur fond noir, murale florale, murale en papier peint de fleurs<\/p>\n","protected":false},"excerpt":{"rendered":"<p>-Murale d&#8217;un design floral \u00e9l\u00e9gant sur un fond noir. Cette murale tendance aux couleurs contrastantes est un incontournable pour habiller vos murs et donner un look chic \u00e0 votre int\u00e9rieur. -La murale comprend des laizes de 18\u2033 (45cm) de largeur. Par exemple, une murale de 6\u2032 (1,83m) de largeur a 4 laizes et une murale [&hellip;]<\/p>\n","protected":false},"featured_media":52524,"template":"","meta":{"_acf_changed":false},"product_brand":[],"product_cat":[150,138,305,401],"product_tag":[9009,9010,9006,9238],"class_list":{"0":"post-52525","1":"product","2":"type-product","3":"status-publish","4":"has-post-thumbnail","6":"product_cat-fleurs-et-feuillages","7":"product_cat-oriental-religion-spiritualite","8":"product_cat-produits-vedettes","9":"product_cat-tous-nos-produits","10":"product_tag-fleur","11":"product_tag-fleurs","12":"product_tag-floral-fr","13":"product_tag-oriental-fr","15":"first","16":"instock","17":"taxable","18":"shipping-taxable","19":"purchasable","20":"product-type-variable","21":"has-default-attributes"},"acf":[],"_links":{"self":[{"href":"https:\/\/www.muralunique.com\/fr\/wp-json\/wp\/v2\/product\/52525","targetHints":{"allow":["GET"]}}],"collection":[{"href":"https:\/\/www.muralunique.com\/fr\/wp-json\/wp\/v2\/product"}],"about":[{"href":"https:\/\/www.muralunique.com\/fr\/wp-json\/wp\/v2\/types\/product"}],"wp:featuredmedia":[{"embeddable":true,"href":"https:\/\/www.muralunique.com\/fr\/wp-json\/wp\/v2\/media\/52524"}],"wp:attachment":[{"href":"https:\/\/www.muralunique.com\/fr\/wp-json\/wp\/v2\/media?parent=52525"}],"wp:term":[{"taxonomy":"product_brand","embeddable":true,"href":"https:\/\/www.muralunique.com\/fr\/wp-json\/wp\/v2\/product_brand?post=52525"},{"taxonomy":"product_cat","embeddable":true,"href":"https:\/\/www.muralunique.com\/fr\/wp-json\/wp\/v2\/product_cat?post=52525"},{"taxonomy":"product_tag","embeddable":true,"href":"https:\/\/www.muralunique.com\/fr\/wp-json\/wp\/v2\/product_tag?post=52525"}],"curies":[{"name":"wp","href":"https:\/\/api.w.org\/{rel}","templated":true}]}}