{"id":5266,"date":"2012-02-29T21:43:45","date_gmt":"2012-02-29T21:43:45","guid":{"rendered":"https:\/\/muralunique.com\/?post_type=product&#038;p=5266"},"modified":"2021-09-15T16:59:29","modified_gmt":"2021-09-15T20:59:29","slug":"dunes-de-sable","status":"publish","type":"product","link":"https:\/\/www.muralunique.com\/fr\/produit\/dunes-de-sable\/","title":{"rendered":"Dunes de Sable"},"content":{"rendered":"<p>-Photo murale en papier peint originale de dunes de sable dans le d\u00e9sert.<\/p>\n<p>-La murale comprend des laizes de 18\u2033 (45cm) de largeur. Par exemple, une murale de 6\u2032 (1,83m) de largeur a 4 laizes et une murale de 12\u2032 (3,66m) de largeur a 8 laizes<\/p>\n<p>-Murale en papier\u00a0peint pr\u00e9encoll\u00e9e, lavable, s\u2019enl\u00e8ve \u00e0 sec et r\u00e9utilisable. Facile \u00e0 installer, se pose comme du papier\u00a0peint (tapisserie).<\/p>\n<p>-murale dunes de sable, photo murale dunes de sable, murale en papier peint dunes de sable, murale d\u00e9sert, photo murale d\u00e9sert<\/p>\n","protected":false},"excerpt":{"rendered":"<p>-Photo murale en papier peint originale de dunes de sable dans le d\u00e9sert. -La murale comprend des laizes de 18\u2033 (45cm) de largeur. Par exemple, une murale de 6\u2032 (1,83m) de largeur a 4 laizes et une murale de 12\u2032 (3,66m) de largeur a 8 laizes -Murale en papier\u00a0peint pr\u00e9encoll\u00e9e, lavable, s\u2019enl\u00e8ve \u00e0 sec et [&hellip;]<\/p>\n","protected":false},"featured_media":31466,"template":"","meta":{"_acf_changed":false},"product_brand":[203],"product_cat":[141,401],"product_tag":[8864,8941,8960,9219,9261,9137,9349,9467],"class_list":{"0":"post-5266","1":"product","2":"type-product","3":"status-publish","4":"has-post-thumbnail","6":"product_brand-muralunique-com","7":"product_cat-nature-et-paysages","8":"product_cat-tous-nos-produits","9":"product_tag-calme","10":"product_tag-desert-fr","11":"product_tag-dunes-fr","12":"product_tag-nature-fr","13":"product_tag-paisible","14":"product_tag-paysage","15":"product_tag-sable","16":"product_tag-tranquilite","18":"first","19":"instock","20":"taxable","21":"shipping-taxable","22":"purchasable","23":"product-type-variable","24":"has-default-attributes"},"acf":[],"_links":{"self":[{"href":"https:\/\/www.muralunique.com\/fr\/wp-json\/wp\/v2\/product\/5266","targetHints":{"allow":["GET"]}}],"collection":[{"href":"https:\/\/www.muralunique.com\/fr\/wp-json\/wp\/v2\/product"}],"about":[{"href":"https:\/\/www.muralunique.com\/fr\/wp-json\/wp\/v2\/types\/product"}],"wp:featuredmedia":[{"embeddable":true,"href":"https:\/\/www.muralunique.com\/fr\/wp-json\/wp\/v2\/media\/31466"}],"wp:attachment":[{"href":"https:\/\/www.muralunique.com\/fr\/wp-json\/wp\/v2\/media?parent=5266"}],"wp:term":[{"taxonomy":"product_brand","embeddable":true,"href":"https:\/\/www.muralunique.com\/fr\/wp-json\/wp\/v2\/product_brand?post=5266"},{"taxonomy":"product_cat","embeddable":true,"href":"https:\/\/www.muralunique.com\/fr\/wp-json\/wp\/v2\/product_cat?post=5266"},{"taxonomy":"product_tag","embeddable":true,"href":"https:\/\/www.muralunique.com\/fr\/wp-json\/wp\/v2\/product_tag?post=5266"}],"curies":[{"name":"wp","href":"https:\/\/api.w.org\/{rel}","templated":true}]}}