{"id":5272,"date":"2012-02-29T21:48:10","date_gmt":"2012-02-29T21:48:10","guid":{"rendered":"https:\/\/muralunique.com\/?post_type=product&#038;p=5272"},"modified":"2022-02-14T11:33:50","modified_gmt":"2022-02-14T16:33:50","slug":"teintes-de-bleus-aux-iles-maldives","status":"publish","type":"product","link":"https:\/\/www.muralunique.com\/fr\/produit\/teintes-de-bleus-aux-iles-maldives\/","title":{"rendered":"Teintes de Bleus aux Iles Maldives"},"content":{"rendered":"<p>-Murale en papier peint d&#8217;une magnifique plage avec un parasol dans les\u00a0Iles Maldives (photo de George Fischer).<\/p>\n<p>-La murale comprend des laizes de 18\u2033 (45cm) de largeur. Par exemple, une murale de 6\u2032 (1,83m) de largeur a 4 laizes et une murale de 12\u2032 (3,66m) de largeur a 8 laizes.<\/p>\n<p>-Murale en papier\u00a0peint pr\u00e9encoll\u00e9e, lavable, s\u2019enl\u00e8ve \u00e0 sec et r\u00e9utilisable. Facile \u00e0 installer, se pose comme du papier\u00a0peint (tapisserie).<\/p>\n<p>-Photos de George Fischer. Vous pouvez voir son portfolio \u00e0 <a href=\"http:\/\/www.georgefischerphotography.com\" rel=\"nofollow noopener\" target=\"_blank\">georgefischerphotography.com<\/a>.<\/p>\n<p>-murale Iles Maldives, photo murale Iles Maldives, murale en papier peint Iles Maldives, murale plage, murale en papier peint plage<\/p>\n","protected":false},"excerpt":{"rendered":"<p>-Murale en papier peint d&#8217;une magnifique plage avec un parasol dans les\u00a0Iles Maldives (photo de George Fischer). -La murale comprend des laizes de 18\u2033 (45cm) de largeur. Par exemple, une murale de 6\u2032 (1,83m) de largeur a 4 laizes et une murale de 12\u2032 (3,66m) de largeur a 8 laizes. -Murale en papier\u00a0peint pr\u00e9encoll\u00e9e, lavable, [&hellip;]<\/p>\n","protected":false},"featured_media":60235,"template":"","meta":{"_acf_changed":false},"product_brand":[159],"product_cat":[153,141,401],"product_tag":[8864,9517,9427,8970,9113,9169,9352,9219,9231,9261,9493,9137,8806,8807,9349,9467,9486],"class_list":{"0":"post-5272","1":"product","2":"type-product","3":"status-publish","4":"has-post-thumbnail","6":"artist-george-fischer-fr","7":"product_brand-george-fischer-2","8":"product_cat-eau-et-plages","9":"product_cat-nature-et-paysages","10":"product_cat-tous-nos-produits","11":"product_tag-calme","12":"product_tag-eau","13":"product_tag-ete","14":"product_tag-exotique","15":"product_tag-iles","16":"product_tag-maldives-fr","17":"product_tag-mer","18":"product_tag-nature-fr","19":"product_tag-ocean-fr-2","20":"product_tag-paisible","21":"product_tag-parapluie","22":"product_tag-paysage","23":"product_tag-plage","24":"product_tag-plages","25":"product_tag-sable","26":"product_tag-tranquilite","27":"product_tag-tropical-fr","29":"first","30":"instock","31":"taxable","32":"shipping-taxable","33":"purchasable","34":"product-type-variable","35":"has-default-attributes"},"acf":[],"_links":{"self":[{"href":"https:\/\/www.muralunique.com\/fr\/wp-json\/wp\/v2\/product\/5272","targetHints":{"allow":["GET"]}}],"collection":[{"href":"https:\/\/www.muralunique.com\/fr\/wp-json\/wp\/v2\/product"}],"about":[{"href":"https:\/\/www.muralunique.com\/fr\/wp-json\/wp\/v2\/types\/product"}],"wp:featuredmedia":[{"embeddable":true,"href":"https:\/\/www.muralunique.com\/fr\/wp-json\/wp\/v2\/media\/60235"}],"wp:attachment":[{"href":"https:\/\/www.muralunique.com\/fr\/wp-json\/wp\/v2\/media?parent=5272"}],"wp:term":[{"taxonomy":"product_brand","embeddable":true,"href":"https:\/\/www.muralunique.com\/fr\/wp-json\/wp\/v2\/product_brand?post=5272"},{"taxonomy":"product_cat","embeddable":true,"href":"https:\/\/www.muralunique.com\/fr\/wp-json\/wp\/v2\/product_cat?post=5272"},{"taxonomy":"product_tag","embeddable":true,"href":"https:\/\/www.muralunique.com\/fr\/wp-json\/wp\/v2\/product_tag?post=5272"}],"curies":[{"name":"wp","href":"https:\/\/api.w.org\/{rel}","templated":true}]}}