{"id":52802,"date":"2021-06-30T14:50:05","date_gmt":"2021-06-30T18:50:05","guid":{"rendered":"https:\/\/www.muralunique.com\/?post_type=product&#038;p=52802"},"modified":"2025-09-30T16:18:01","modified_gmt":"2025-09-30T20:18:01","slug":"feuillage-philodendron","status":"publish","type":"product","link":"https:\/\/www.muralunique.com\/fr\/produit\/feuillage-philodendron\/","title":{"rendered":"Feuillage Philodendron"},"content":{"rendered":"<p>-Murale d&#8217;un \u00e9l\u00e9gant feuillage de philodendron. Avec ses couleurs vives et tendances, cette murale est le choix parfait pour cr\u00e9er un d\u00e9cor riche et surprenant.<\/p>\n<p>-La murale comprend des laizes de 18\u2033 (45cm) de largeur. Par exemple, une murale de 6\u2032 (1,83m) de largeur a 4 laizes et une murale de 12\u2032 (3,66m) de largeur a 8 laizes.<\/p>\n<p>-Murale en papier\u00a0peint pr\u00e9encoll\u00e9e, lavable, s\u2019enl\u00e8ve \u00e0 sec et r\u00e9utilisable. Facile \u00e0 installer, se pose comme du papier\u00a0peint (tapisserie).<\/p>\n<p>-murale feuillage de philodendron, murale en papier peint feuillage de philodendron, tapisserie feuillage de philodendron, papier peint feuillage de philodendron<\/p>\n","protected":false},"excerpt":{"rendered":"<p>-Murale d&#8217;un \u00e9l\u00e9gant feuillage de philodendron. Avec ses couleurs vives et tendances, cette murale est le choix parfait pour cr\u00e9er un d\u00e9cor riche et surprenant. -La murale comprend des laizes de 18\u2033 (45cm) de largeur. Par exemple, une murale de 6\u2032 (1,83m) de largeur a 4 laizes et une murale de 12\u2032 (3,66m) de largeur [&hellip;]<\/p>\n","protected":false},"featured_media":66734,"template":"","meta":{"_acf_changed":false},"product_brand":[],"product_cat":[150,305,401,425],"product_tag":[9014,9144,9765],"class_list":{"0":"post-52802","1":"product","2":"type-product","3":"status-publish","4":"has-post-thumbnail","6":"product_cat-fleurs-et-feuillages","7":"product_cat-produits-vedettes","8":"product_cat-tous-nos-produits","9":"product_cat-ultra-haute-d-finition-art","10":"product_tag-feuillage","11":"product_tag-feuilles","12":"product_tag-philodendron-fr","14":"first","15":"instock","16":"taxable","17":"shipping-taxable","18":"purchasable","19":"product-type-variable","20":"has-default-attributes"},"acf":[],"_links":{"self":[{"href":"https:\/\/www.muralunique.com\/fr\/wp-json\/wp\/v2\/product\/52802","targetHints":{"allow":["GET"]}}],"collection":[{"href":"https:\/\/www.muralunique.com\/fr\/wp-json\/wp\/v2\/product"}],"about":[{"href":"https:\/\/www.muralunique.com\/fr\/wp-json\/wp\/v2\/types\/product"}],"wp:featuredmedia":[{"embeddable":true,"href":"https:\/\/www.muralunique.com\/fr\/wp-json\/wp\/v2\/media\/66734"}],"wp:attachment":[{"href":"https:\/\/www.muralunique.com\/fr\/wp-json\/wp\/v2\/media?parent=52802"}],"wp:term":[{"taxonomy":"product_brand","embeddable":true,"href":"https:\/\/www.muralunique.com\/fr\/wp-json\/wp\/v2\/product_brand?post=52802"},{"taxonomy":"product_cat","embeddable":true,"href":"https:\/\/www.muralunique.com\/fr\/wp-json\/wp\/v2\/product_cat?post=52802"},{"taxonomy":"product_tag","embeddable":true,"href":"https:\/\/www.muralunique.com\/fr\/wp-json\/wp\/v2\/product_tag?post=52802"}],"curies":[{"name":"wp","href":"https:\/\/api.w.org\/{rel}","templated":true}]}}