{"id":5290,"date":"2012-03-01T10:16:05","date_gmt":"2012-03-01T10:16:05","guid":{"rendered":"https:\/\/muralunique.com\/?post_type=product&#038;p=5290"},"modified":"2021-09-15T16:59:30","modified_gmt":"2021-09-15T20:59:30","slug":"jour-dete","status":"publish","type":"product","link":"https:\/\/www.muralunique.com\/fr\/produit\/jour-dete\/","title":{"rendered":"Jour d&#8217;\u00c9t\u00e9"},"content":{"rendered":"<p>-Murale d&#8217;une journ\u00e9e ensoleill\u00e9e dans une for\u00eat (photo murale).<\/p>\n<p>-La murale comprend des laizes de 18\u2033 (45cm) de largeur. Par exemple, une murale de 6\u2032 (1,83m) de largeur a 4 laizes et une murale de 12\u2032 (3,66m) de largeur a 8 laizes.<\/p>\n<p>-Murale en papier\u00a0peint pr\u00e9encoll\u00e9e, lavable, s\u2019enl\u00e8ve \u00e0 sec et r\u00e9utilisable. Facile \u00e0 installer, se pose comme du papier\u00a0peint (tapisserie).<\/p>\n<p>-murale jour d&#8217;\u00e9t\u00e9, photo murale jour d&#8217;\u00e9t\u00e9, murale en papier peint for\u00eat verte, tapisserie for\u00eat, photo murale for\u00eat<\/p>\n","protected":false},"excerpt":{"rendered":"<p>-Murale d&#8217;une journ\u00e9e ensoleill\u00e9e dans une for\u00eat (photo murale). -La murale comprend des laizes de 18\u2033 (45cm) de largeur. Par exemple, une murale de 6\u2032 (1,83m) de largeur a 4 laizes et une murale de 12\u2032 (3,66m) de largeur a 8 laizes. -Murale en papier\u00a0peint pr\u00e9encoll\u00e9e, lavable, s\u2019enl\u00e8ve \u00e0 sec et r\u00e9utilisable. Facile \u00e0 installer, [&hellip;]<\/p>\n","protected":false},"featured_media":31504,"template":"","meta":{"_acf_changed":false},"product_brand":[203],"product_cat":[141,401],"product_tag":[9478,8864,9258,9431,9427,9019,9219,9261,9137,9429,9767,9770,9428,9467],"class_list":{"0":"post-5290","1":"product","2":"type-product","3":"status-publish","4":"has-post-thumbnail","6":"product_brand-muralunique-com","7":"product_cat-nature-et-paysages","8":"product_cat-tous-nos-produits","9":"product_tag-arbres","10":"product_tag-calme","11":"product_tag-chemin","12":"product_tag-ensoleille","13":"product_tag-ete","14":"product_tag-foret","15":"product_tag-nature-fr","16":"product_tag-paisible","17":"product_tag-paysage","18":"product_tag-rayons-de-soleil","19":"product_tag-rayons-de-soleil-fr","20":"product_tag-rayons-de-soleil-fr-2","21":"product_tag-soleil","22":"product_tag-tranquilite","24":"first","25":"instock","26":"taxable","27":"shipping-taxable","28":"purchasable","29":"product-type-variable","30":"has-default-attributes"},"acf":[],"_links":{"self":[{"href":"https:\/\/www.muralunique.com\/fr\/wp-json\/wp\/v2\/product\/5290","targetHints":{"allow":["GET"]}}],"collection":[{"href":"https:\/\/www.muralunique.com\/fr\/wp-json\/wp\/v2\/product"}],"about":[{"href":"https:\/\/www.muralunique.com\/fr\/wp-json\/wp\/v2\/types\/product"}],"wp:featuredmedia":[{"embeddable":true,"href":"https:\/\/www.muralunique.com\/fr\/wp-json\/wp\/v2\/media\/31504"}],"wp:attachment":[{"href":"https:\/\/www.muralunique.com\/fr\/wp-json\/wp\/v2\/media?parent=5290"}],"wp:term":[{"taxonomy":"product_brand","embeddable":true,"href":"https:\/\/www.muralunique.com\/fr\/wp-json\/wp\/v2\/product_brand?post=5290"},{"taxonomy":"product_cat","embeddable":true,"href":"https:\/\/www.muralunique.com\/fr\/wp-json\/wp\/v2\/product_cat?post=5290"},{"taxonomy":"product_tag","embeddable":true,"href":"https:\/\/www.muralunique.com\/fr\/wp-json\/wp\/v2\/product_tag?post=5290"}],"curies":[{"name":"wp","href":"https:\/\/api.w.org\/{rel}","templated":true}]}}