{"id":52943,"date":"2021-07-05T15:19:28","date_gmt":"2021-07-05T19:19:28","guid":{"rendered":"https:\/\/www.muralunique.com\/?post_type=product&#038;p=52943"},"modified":"2022-03-16T17:37:54","modified_gmt":"2022-03-16T21:37:54","slug":"cercles-style-boho","status":"publish","type":"product","link":"https:\/\/www.muralunique.com\/fr\/produit\/cercles-style-boho\/","title":{"rendered":"Cercles Style Boho"},"content":{"rendered":"<p>-Murale en papier peint g\u00e9om\u00e9trique de cercles textur\u00e9s de style boho. Un design tendance, id\u00e9al pour habiller un mur accent dans une pi\u00e8ce.<\/p>\n<p>-La murale comprend des laizes de 18\u2033 (45cm) de largeur. Par exemple, une murale de 6\u2032 (1,83m) de largeur a 4 laizes et une murale de 12\u2032 (3,66m) de largeur a 8 laizes.<\/p>\n<p>-Murale en papier\u00a0peint pr\u00e9encoll\u00e9e, lavable, s\u2019enl\u00e8ve \u00e0 sec et r\u00e9utilisable. Facile \u00e0 installer, se pose comme du papier\u00a0peint (tapisserie).<\/p>\n<p>-murale cercles style boho, murale en papier peint cercles style boho, tapisserie cercles style boho, papier peint cercles style boho, murale g\u00e9om\u00e9trique, papier peint g\u00e9om\u00e9trique<\/p>\n","protected":false},"excerpt":{"rendered":"<p>-Murale en papier peint g\u00e9om\u00e9trique de cercles textur\u00e9s de style boho. Un design tendance, id\u00e9al pour habiller un mur accent dans une pi\u00e8ce. -La murale comprend des laizes de 18\u2033 (45cm) de largeur. Par exemple, une murale de 6\u2032 (1,83m) de largeur a 4 laizes et une murale de 12\u2032 (3,66m) de largeur a 8 [&hellip;]<\/p>\n","protected":false},"featured_media":52941,"template":"","meta":{"_acf_changed":false},"product_brand":[],"product_cat":[125,169,401],"product_tag":[10193,8899,9047,9049,9447,9448,9449],"class_list":{"0":"post-52943","1":"product","2":"type-product","3":"status-publish","4":"has-post-thumbnail","6":"product_cat-abstrait-et-geometrie","7":"product_cat-textures-2","8":"product_cat-tous-nos-produits","9":"product_tag-cercle","10":"product_tag-cercles","11":"product_tag-geometrie","12":"product_tag-geometrique","13":"product_tag-texture-fr","14":"product_tag-texture-fr-2","15":"product_tag-textures","17":"first","18":"instock","19":"taxable","20":"shipping-taxable","21":"purchasable","22":"product-type-variable","23":"has-default-attributes"},"acf":[],"_links":{"self":[{"href":"https:\/\/www.muralunique.com\/fr\/wp-json\/wp\/v2\/product\/52943","targetHints":{"allow":["GET"]}}],"collection":[{"href":"https:\/\/www.muralunique.com\/fr\/wp-json\/wp\/v2\/product"}],"about":[{"href":"https:\/\/www.muralunique.com\/fr\/wp-json\/wp\/v2\/types\/product"}],"wp:featuredmedia":[{"embeddable":true,"href":"https:\/\/www.muralunique.com\/fr\/wp-json\/wp\/v2\/media\/52941"}],"wp:attachment":[{"href":"https:\/\/www.muralunique.com\/fr\/wp-json\/wp\/v2\/media?parent=52943"}],"wp:term":[{"taxonomy":"product_brand","embeddable":true,"href":"https:\/\/www.muralunique.com\/fr\/wp-json\/wp\/v2\/product_brand?post=52943"},{"taxonomy":"product_cat","embeddable":true,"href":"https:\/\/www.muralunique.com\/fr\/wp-json\/wp\/v2\/product_cat?post=52943"},{"taxonomy":"product_tag","embeddable":true,"href":"https:\/\/www.muralunique.com\/fr\/wp-json\/wp\/v2\/product_tag?post=52943"}],"curies":[{"name":"wp","href":"https:\/\/api.w.org\/{rel}","templated":true}]}}