{"id":53003,"date":"2021-07-07T10:42:34","date_gmt":"2021-07-07T14:42:34","guid":{"rendered":"https:\/\/www.muralunique.com\/?post_type=product&#038;p=53003"},"modified":"2022-04-16T19:43:51","modified_gmt":"2022-04-16T23:43:51","slug":"oiseaux-de-paradis","status":"publish","type":"product","link":"https:\/\/www.muralunique.com\/fr\/produit\/oiseaux-de-paradis\/","title":{"rendered":"Oiseaux de Paradis"},"content":{"rendered":"<p>-Oiseaux de Paradis. Murale en noir et blanc de fleurs d&#8217;oiseaux de paradis sur une texture de b\u00e9ton avec craquelures. Un design riche et \u00e9l\u00e9gant.<\/p>\n<p>-La murale comprend des laizes de 18\u2033 (45cm) de largeur. Par exemple, une murale de 6\u2032 (1,83m) de largeur a 4 laizes et une murale de 12\u2032 (3,66m) de largeur a 8 laizes.<\/p>\n<p>-Murale en papier\u00a0peint pr\u00e9encoll\u00e9e, lavable, s\u2019enl\u00e8ve \u00e0 sec et r\u00e9utilisable. Facile \u00e0 installer, se pose comme du papier\u00a0peint (tapisserie).<\/p>\n<p>-murale oiseaux de paradis, murale en papier peint oiseaux de paradis, murale de fleurs oiseaux de paradis, tapisserie oiseaux de paradis, tapisserie de fleurs oiseaux de paradis, papier peint floral<\/p>\n","protected":false},"excerpt":{"rendered":"<p>-Oiseaux de Paradis. Murale en noir et blanc de fleurs d&#8217;oiseaux de paradis sur une texture de b\u00e9ton avec craquelures. Un design riche et \u00e9l\u00e9gant. -La murale comprend des laizes de 18\u2033 (45cm) de largeur. Par exemple, une murale de 6\u2032 (1,83m) de largeur a 4 laizes et une murale de 12\u2032 (3,66m) de largeur [&hellip;]<\/p>\n","protected":false},"featured_media":53002,"template":"","meta":{"_acf_changed":false},"product_brand":[],"product_cat":[150,169,401],"product_tag":[8919,8882,9010,9006,9772,9447,9448,9449],"class_list":{"0":"post-53003","1":"product","2":"type-product","3":"status-publish","4":"has-post-thumbnail","6":"product_cat-fleurs-et-feuillages","7":"product_cat-textures-2","8":"product_cat-tous-nos-produits","9":"product_tag-beton","10":"product_tag-ciment","11":"product_tag-fleurs","12":"product_tag-floral-fr","13":"product_tag-oiseaux-de-paradis","14":"product_tag-texture-fr","15":"product_tag-texture-fr-2","16":"product_tag-textures","18":"first","19":"instock","20":"taxable","21":"shipping-taxable","22":"purchasable","23":"product-type-variable","24":"has-default-attributes"},"acf":[],"_links":{"self":[{"href":"https:\/\/www.muralunique.com\/fr\/wp-json\/wp\/v2\/product\/53003","targetHints":{"allow":["GET"]}}],"collection":[{"href":"https:\/\/www.muralunique.com\/fr\/wp-json\/wp\/v2\/product"}],"about":[{"href":"https:\/\/www.muralunique.com\/fr\/wp-json\/wp\/v2\/types\/product"}],"wp:featuredmedia":[{"embeddable":true,"href":"https:\/\/www.muralunique.com\/fr\/wp-json\/wp\/v2\/media\/53002"}],"wp:attachment":[{"href":"https:\/\/www.muralunique.com\/fr\/wp-json\/wp\/v2\/media?parent=53003"}],"wp:term":[{"taxonomy":"product_brand","embeddable":true,"href":"https:\/\/www.muralunique.com\/fr\/wp-json\/wp\/v2\/product_brand?post=53003"},{"taxonomy":"product_cat","embeddable":true,"href":"https:\/\/www.muralunique.com\/fr\/wp-json\/wp\/v2\/product_cat?post=53003"},{"taxonomy":"product_tag","embeddable":true,"href":"https:\/\/www.muralunique.com\/fr\/wp-json\/wp\/v2\/product_tag?post=53003"}],"curies":[{"name":"wp","href":"https:\/\/api.w.org\/{rel}","templated":true}]}}