{"id":53195,"date":"2021-07-13T13:29:32","date_gmt":"2021-07-13T17:29:32","guid":{"rendered":"https:\/\/www.muralunique.com\/?post_type=product&#038;p=53195"},"modified":"2022-03-16T17:37:54","modified_gmt":"2022-03-16T21:37:54","slug":"illustration-numerique-de-plumes","status":"publish","type":"product","link":"https:\/\/www.muralunique.com\/fr\/produit\/illustration-numerique-de-plumes\/","title":{"rendered":"Illustration Num\u00e9rique de Plumes"},"content":{"rendered":"<p>-Murale en papier peint d&#8217;une illustration num\u00e9rique de plumes. Un design en noir et blanc moderne. La touche parfaite d&#8217;originalit\u00e9 et d&#8217;\u00e9l\u00e9gance pour vos murs.<\/p>\n<p>-La murale comprend des laizes de 18\u2033 (45cm) de largeur. Par exemple, une murale de 6\u2032 (1,83m) de largeur a 4 laizes et une murale de 12\u2032 (3,66m) de largeur a 8 laizes.<\/p>\n<p>-Murale en papier\u00a0peint pr\u00e9encoll\u00e9e, lavable, s\u2019enl\u00e8ve \u00e0 sec et r\u00e9utilisable. Facile \u00e0 installer, se pose comme du papier\u00a0peint (tapisserie).<\/p>\n<p>-murale illustration num\u00e9rique de plumes, murale en papier peint illustration num\u00e9rique de plumes, tapisserie illustration num\u00e9rique de plumes, murale de plumes, murale en papier peint de plumes, tapisserie de plumes<\/p>\n","protected":false},"excerpt":{"rendered":"<p>-Murale en papier peint d&#8217;une illustration num\u00e9rique de plumes. Un design en noir et blanc moderne. La touche parfaite d&#8217;originalit\u00e9 et d&#8217;\u00e9l\u00e9gance pour vos murs. -La murale comprend des laizes de 18\u2033 (45cm) de largeur. Par exemple, une murale de 6\u2032 (1,83m) de largeur a 4 laizes et une murale de 12\u2032 (3,66m) de largeur [&hellip;]<\/p>\n","protected":false},"featured_media":53192,"template":"","meta":{"_acf_changed":false},"product_brand":[],"product_cat":[125,150,401],"product_tag":[8751,9014,9776,8989],"class_list":{"0":"post-53195","1":"product","2":"type-product","3":"status-publish","4":"has-post-thumbnail","6":"product_cat-abstrait-et-geometrie","7":"product_cat-fleurs-et-feuillages","8":"product_cat-tous-nos-produits","9":"product_tag-abstrait","10":"product_tag-feuillage","11":"product_tag-plumage-fr","12":"product_tag-plumes","14":"first","15":"instock","16":"taxable","17":"shipping-taxable","18":"purchasable","19":"product-type-variable","20":"has-default-attributes"},"acf":[],"_links":{"self":[{"href":"https:\/\/www.muralunique.com\/fr\/wp-json\/wp\/v2\/product\/53195","targetHints":{"allow":["GET"]}}],"collection":[{"href":"https:\/\/www.muralunique.com\/fr\/wp-json\/wp\/v2\/product"}],"about":[{"href":"https:\/\/www.muralunique.com\/fr\/wp-json\/wp\/v2\/types\/product"}],"wp:featuredmedia":[{"embeddable":true,"href":"https:\/\/www.muralunique.com\/fr\/wp-json\/wp\/v2\/media\/53192"}],"wp:attachment":[{"href":"https:\/\/www.muralunique.com\/fr\/wp-json\/wp\/v2\/media?parent=53195"}],"wp:term":[{"taxonomy":"product_brand","embeddable":true,"href":"https:\/\/www.muralunique.com\/fr\/wp-json\/wp\/v2\/product_brand?post=53195"},{"taxonomy":"product_cat","embeddable":true,"href":"https:\/\/www.muralunique.com\/fr\/wp-json\/wp\/v2\/product_cat?post=53195"},{"taxonomy":"product_tag","embeddable":true,"href":"https:\/\/www.muralunique.com\/fr\/wp-json\/wp\/v2\/product_tag?post=53195"}],"curies":[{"name":"wp","href":"https:\/\/api.w.org\/{rel}","templated":true}]}}