{"id":53232,"date":"2021-07-13T16:21:50","date_gmt":"2021-07-13T20:21:50","guid":{"rendered":"https:\/\/www.muralunique.com\/?post_type=product&#038;p=53232"},"modified":"2022-03-16T17:37:54","modified_gmt":"2022-03-16T21:37:54","slug":"lor-est-dans-ses-fleurs","status":"publish","type":"product","link":"https:\/\/www.muralunique.com\/fr\/produit\/lor-est-dans-ses-fleurs\/","title":{"rendered":"L&#8217;Or est dans ses Fleurs"},"content":{"rendered":"<p>-Murale en papier peint d&#8217;un arbre au tronc dor\u00e9 avec de jolies fleurs blanches sur fond blanc. Murale en 3d avec un bel effet de profondeur.<\/p>\n<p>-La murale comprend des laizes de 18\u2033 (45cm) de largeur. Par exemple, une murale de 6\u2032 (1,83m) de largeur a 4 laizes et une murale de 12\u2032 (3,66m) de largeur a 8 laizes.<\/p>\n<p>-Murale en papier\u00a0peint pr\u00e9encoll\u00e9e, lavable, s\u2019enl\u00e8ve \u00e0 sec et r\u00e9utilisable. Facile \u00e0 installer, se pose comme du papier\u00a0peint (tapisserie).<\/p>\n<p>-murale l&#8217;or est dans ses fleurs, murale en papier peint l&#8217;or est dans ses fleurs, murale arbre en or, papier peint arbre en or, murale 3d, papier peint 3d, tapisserie arbre 3d<\/p>\n","protected":false},"excerpt":{"rendered":"<p>-Murale en papier peint d&#8217;un arbre au tronc dor\u00e9 avec de jolies fleurs blanches sur fond blanc. Murale en 3d avec un bel effet de profondeur. -La murale comprend des laizes de 18\u2033 (45cm) de largeur. Par exemple, une murale de 6\u2032 (1,83m) de largeur a 4 laizes et une murale de 12\u2032 (3,66m) de [&hellip;]<\/p>\n","protected":false},"featured_media":53225,"template":"","meta":{"_acf_changed":false},"product_brand":[],"product_cat":[150,401,163],"product_tag":[8660,9477,9010,9006,9780],"class_list":{"0":"post-53232","1":"product","2":"type-product","3":"status-publish","4":"has-post-thumbnail","6":"product_cat-fleurs-et-feuillages","7":"product_cat-tous-nos-produits","8":"product_cat-trompe-loeil","9":"product_tag-3d-fr","10":"product_tag-arbre","11":"product_tag-fleurs","12":"product_tag-floral-fr","13":"product_tag-or","15":"first","16":"instock","17":"taxable","18":"shipping-taxable","19":"purchasable","20":"product-type-variable","21":"has-default-attributes"},"acf":[],"_links":{"self":[{"href":"https:\/\/www.muralunique.com\/fr\/wp-json\/wp\/v2\/product\/53232","targetHints":{"allow":["GET"]}}],"collection":[{"href":"https:\/\/www.muralunique.com\/fr\/wp-json\/wp\/v2\/product"}],"about":[{"href":"https:\/\/www.muralunique.com\/fr\/wp-json\/wp\/v2\/types\/product"}],"wp:featuredmedia":[{"embeddable":true,"href":"https:\/\/www.muralunique.com\/fr\/wp-json\/wp\/v2\/media\/53225"}],"wp:attachment":[{"href":"https:\/\/www.muralunique.com\/fr\/wp-json\/wp\/v2\/media?parent=53232"}],"wp:term":[{"taxonomy":"product_brand","embeddable":true,"href":"https:\/\/www.muralunique.com\/fr\/wp-json\/wp\/v2\/product_brand?post=53232"},{"taxonomy":"product_cat","embeddable":true,"href":"https:\/\/www.muralunique.com\/fr\/wp-json\/wp\/v2\/product_cat?post=53232"},{"taxonomy":"product_tag","embeddable":true,"href":"https:\/\/www.muralunique.com\/fr\/wp-json\/wp\/v2\/product_tag?post=53232"}],"curies":[{"name":"wp","href":"https:\/\/api.w.org\/{rel}","templated":true}]}}