{"id":5348,"date":"2012-03-03T17:57:47","date_gmt":"2012-03-03T17:57:47","guid":{"rendered":"https:\/\/muralunique.com\/?post_type=product&#038;p=5348"},"modified":"2021-09-15T16:59:35","modified_gmt":"2021-09-15T20:59:35","slug":"canada-bilingue","status":"publish","type":"product","link":"https:\/\/www.muralunique.com\/fr\/produit\/canada-bilingue\/","title":{"rendered":"Canada (Bilingue)"},"content":{"rendered":"<p>-Murale en papier\u00a0peint d&#8217;une carte g\u00e9ographique bilingue du Canada. Une murale\u00a0\u00e9ducative pour un mur d&#8217;\u00e9cole, une chambre d&#8217;enfant, un bureau ou n&#8217;importe quelle autre pi\u00e8ce.<\/p>\n<p>-La murale comprend des laizes de 18&#8243; (45cm) de largeur. Par exemple, une murale de 6&#8242; (1,83m) de largeur a 4 laizes et une murale de 12&#8242; (3,66m) de largeur a 8 laizes.<\/p>\n<p>-Murale en papier\u00a0peint pr\u00e9encoll\u00e9e, lavable, s&#8217;enl\u00e8ve \u00e0 sec et r\u00e9utilisable. Facile \u00e0 installer, se pose comme du papier\u00a0peint (tapisserie).<\/p>\n<p>-Cette carte est tir\u00e9e de l&#8217;Atlas du Canada <a href=\"http:\/\/atlas.gc.ca\" rel=\"nofollow noopener\" target=\"_blank\">http:\/\/atlas.gc.ca<\/a>. Donn\u00e9es reproduites en vertu d&#8217;une licence de Sa Majest\u00e9 la Reine du chef du Canada, avec la permission de Ressources naturelles Canada.<\/p>\n<p>-murale carte du Canada, papier peint carte du Canada, tapisserie carte du Canada, murale carte g\u00e9ographique, papier peint carte g\u00e9ographique<\/p>\n","protected":false},"excerpt":{"rendered":"<p>-Murale en papier\u00a0peint d&#8217;une carte g\u00e9ographique bilingue du Canada. Une murale\u00a0\u00e9ducative pour un mur d&#8217;\u00e9cole, une chambre d&#8217;enfant, un bureau ou n&#8217;importe quelle autre pi\u00e8ce. -La murale comprend des laizes de 18&#8243; (45cm) de largeur. Par exemple, une murale de 6&#8242; (1,83m) de largeur a 4 laizes et une murale de 12&#8242; (3,66m) de largeur [&hellip;]<\/p>\n","protected":false},"featured_media":5349,"template":"","meta":{"_acf_changed":false},"product_brand":[203],"product_cat":[160,401,427],"product_tag":[8787,8676,9172,8867,8963,8962,9046,9045,9300],"class_list":{"0":"post-5348","1":"product","2":"type-product","3":"status-publish","4":"has-post-thumbnail","6":"product_brand-muralunique-com","7":"product_cat-cartes-et-drapeaux","8":"product_cat-tous-nos-produits","9":"product_cat-ultra-haute-d-finition-photos","10":"product_tag-atlas-fr","11":"product_tag-canada-fr","12":"product_tag-cartes","13":"product_tag-cartes-du-canada","14":"product_tag-educatif","15":"product_tag-education-fr","16":"product_tag-geographie","17":"product_tag-geographique","18":"product_tag-provinces-fr","20":"first","21":"instock","22":"taxable","23":"shipping-taxable","24":"purchasable","25":"product-type-variable","26":"has-default-attributes"},"acf":[],"_links":{"self":[{"href":"https:\/\/www.muralunique.com\/fr\/wp-json\/wp\/v2\/product\/5348","targetHints":{"allow":["GET"]}}],"collection":[{"href":"https:\/\/www.muralunique.com\/fr\/wp-json\/wp\/v2\/product"}],"about":[{"href":"https:\/\/www.muralunique.com\/fr\/wp-json\/wp\/v2\/types\/product"}],"wp:featuredmedia":[{"embeddable":true,"href":"https:\/\/www.muralunique.com\/fr\/wp-json\/wp\/v2\/media\/5349"}],"wp:attachment":[{"href":"https:\/\/www.muralunique.com\/fr\/wp-json\/wp\/v2\/media?parent=5348"}],"wp:term":[{"taxonomy":"product_brand","embeddable":true,"href":"https:\/\/www.muralunique.com\/fr\/wp-json\/wp\/v2\/product_brand?post=5348"},{"taxonomy":"product_cat","embeddable":true,"href":"https:\/\/www.muralunique.com\/fr\/wp-json\/wp\/v2\/product_cat?post=5348"},{"taxonomy":"product_tag","embeddable":true,"href":"https:\/\/www.muralunique.com\/fr\/wp-json\/wp\/v2\/product_tag?post=5348"}],"curies":[{"name":"wp","href":"https:\/\/api.w.org\/{rel}","templated":true}]}}