{"id":5361,"date":"2012-03-03T18:10:31","date_gmt":"2012-03-03T18:10:31","guid":{"rendered":"https:\/\/muralunique.com\/?post_type=product&#038;p=5361"},"modified":"2021-09-15T16:59:37","modified_gmt":"2021-09-15T20:59:37","slug":"les-cercles-du-temps","status":"publish","type":"product","link":"https:\/\/www.muralunique.com\/fr\/produit\/les-cercles-du-temps\/","title":{"rendered":"Les Cercles du Temps"},"content":{"rendered":"<p>-Murale en papier peint\u00a0tr\u00e8s originale d&#8217;une coupe transversale d&#8217;une b\u00fbche de bois (photo murale).<\/p>\n<p>-La murale comprend des laizes de 18&#8243; (45cm) de largeur. Par exemple, une murale de 6&#8242; (1,83m) de largeur a 4 laizes et une murale de 12&#8242; (3,66m) de largeur a 8 laizes.<\/p>\n<p>-Murale en papier\u00a0peint pr\u00e9encoll\u00e9e, lavable, s&#8217;enl\u00e8ve \u00e0 sec et r\u00e9utilisable. Facile \u00e0 installer, se pose comme du papier\u00a0peint (tapisserie).<\/p>\n<p>-murale cercles du temps, papier peint cercles du temps, murale bois, papier peint bois, tapisserie bois<\/p>\n","protected":false},"excerpt":{"rendered":"<p>-Murale en papier peint\u00a0tr\u00e8s originale d&#8217;une coupe transversale d&#8217;une b\u00fbche de bois (photo murale). -La murale comprend des laizes de 18&#8243; (45cm) de largeur. Par exemple, une murale de 6&#8242; (1,83m) de largeur a 4 laizes et une murale de 12&#8242; (3,66m) de largeur a 8 laizes. -Murale en papier\u00a0peint pr\u00e9encoll\u00e9e, lavable, s&#8217;enl\u00e8ve \u00e0 sec [&hellip;]<\/p>\n","protected":false},"featured_media":5362,"template":"","meta":{"_acf_changed":false},"product_brand":[203],"product_cat":[169,401],"product_tag":[9477,9538,9159,9540,10193,8899,8932,9355,9453,9447,9448,9449,9488],"class_list":{"0":"post-5361","1":"product","2":"type-product","3":"status-publish","4":"has-post-thumbnail","6":"product_brand-muralunique-com","7":"product_cat-textures-2","8":"product_cat-tous-nos-produits","9":"product_tag-arbre","10":"product_tag-bois","11":"product_tag-buche","12":"product_tag-buche-de-bois","13":"product_tag-cercle","14":"product_tag-cercles","15":"product_tag-coupe-transversale","16":"product_tag-section","17":"product_tag-temps","18":"product_tag-texture-fr","19":"product_tag-texture-fr-2","20":"product_tag-textures","21":"product_tag-tronc","23":"first","24":"instock","25":"taxable","26":"shipping-taxable","27":"purchasable","28":"product-type-variable","29":"has-default-attributes"},"acf":[],"_links":{"self":[{"href":"https:\/\/www.muralunique.com\/fr\/wp-json\/wp\/v2\/product\/5361","targetHints":{"allow":["GET"]}}],"collection":[{"href":"https:\/\/www.muralunique.com\/fr\/wp-json\/wp\/v2\/product"}],"about":[{"href":"https:\/\/www.muralunique.com\/fr\/wp-json\/wp\/v2\/types\/product"}],"wp:featuredmedia":[{"embeddable":true,"href":"https:\/\/www.muralunique.com\/fr\/wp-json\/wp\/v2\/media\/5362"}],"wp:attachment":[{"href":"https:\/\/www.muralunique.com\/fr\/wp-json\/wp\/v2\/media?parent=5361"}],"wp:term":[{"taxonomy":"product_brand","embeddable":true,"href":"https:\/\/www.muralunique.com\/fr\/wp-json\/wp\/v2\/product_brand?post=5361"},{"taxonomy":"product_cat","embeddable":true,"href":"https:\/\/www.muralunique.com\/fr\/wp-json\/wp\/v2\/product_cat?post=5361"},{"taxonomy":"product_tag","embeddable":true,"href":"https:\/\/www.muralunique.com\/fr\/wp-json\/wp\/v2\/product_tag?post=5361"}],"curies":[{"name":"wp","href":"https:\/\/api.w.org\/{rel}","templated":true}]}}