{"id":53610,"date":"2021-07-21T15:08:03","date_gmt":"2021-07-21T19:08:03","guid":{"rendered":"https:\/\/www.muralunique.com\/?post_type=product&#038;p=53610"},"modified":"2022-03-16T17:37:53","modified_gmt":"2022-03-16T21:37:53","slug":"graffitis-musique","status":"publish","type":"product","link":"https:\/\/www.muralunique.com\/fr\/produit\/graffitis-musique\/","title":{"rendered":"Graffitis Musique"},"content":{"rendered":"<p>-Graffitis Musique. Murale color\u00e9e de graffitis de musique sur un mur de brique. Une murale divertissante et originale pour les amateurs de musique.<\/p>\n<p>-La murale comprend des laizes de 18\u2033 (45cm) de largeur. Par exemple, une murale de 6\u2032 (1,83m) de largeur a 4 laizes et une murale de 12\u2032 (3,66m) de largeur a 8 laizes.<\/p>\n<p>-Murale en papier\u00a0peint pr\u00e9encoll\u00e9e, lavable, s\u2019enl\u00e8ve \u00e0 sec et r\u00e9utilisable. Facile \u00e0 installer, se pose comme du papier\u00a0peint (tapisserie).<\/p>\n<p>-murale graffitis musique, murale en papier peint graffitis musique, tapisserie graffitis musique, papier peint graffitis musique, murale de musique, papier peint de graffiti<\/p>\n","protected":false},"excerpt":{"rendered":"<p>-Graffitis Musique. Murale color\u00e9e de graffitis de musique sur un mur de brique. Une murale divertissante et originale pour les amateurs de musique. -La murale comprend des laizes de 18\u2033 (45cm) de largeur. Par exemple, une murale de 6\u2032 (1,83m) de largeur a 4 laizes et une murale de 12\u2032 (3,66m) de largeur a 8 [&hellip;]<\/p>\n","protected":false},"featured_media":53609,"template":"","meta":{"_acf_changed":false},"product_brand":[],"product_cat":[131,477,169,401,179],"product_tag":[8846,8847,9057,9058,9059,9060,9070,8848,9211,9447,9448,9449,9786,8874],"class_list":{"0":"post-53610","1":"product","2":"type-product","3":"status-publish","4":"has-post-thumbnail","6":"product_cat-adolescents","7":"product_cat-musique","8":"product_cat-textures-2","9":"product_cat-tous-nos-produits","10":"product_cat-transports","11":"product_tag-brique","12":"product_tag-briques","13":"product_tag-graffiti-fr","14":"product_tag-graffitis-fr","15":"product_tag-grafiti","16":"product_tag-grafitis-fr","17":"product_tag-guitare","18":"product_tag-mur-de-briques","19":"product_tag-musique","20":"product_tag-texture-fr","21":"product_tag-texture-fr-2","22":"product_tag-textures","23":"product_tag-voiture","24":"product_tag-voitures","26":"first","27":"instock","28":"taxable","29":"shipping-taxable","30":"purchasable","31":"product-type-variable","32":"has-default-attributes"},"acf":[],"_links":{"self":[{"href":"https:\/\/www.muralunique.com\/fr\/wp-json\/wp\/v2\/product\/53610","targetHints":{"allow":["GET"]}}],"collection":[{"href":"https:\/\/www.muralunique.com\/fr\/wp-json\/wp\/v2\/product"}],"about":[{"href":"https:\/\/www.muralunique.com\/fr\/wp-json\/wp\/v2\/types\/product"}],"wp:featuredmedia":[{"embeddable":true,"href":"https:\/\/www.muralunique.com\/fr\/wp-json\/wp\/v2\/media\/53609"}],"wp:attachment":[{"href":"https:\/\/www.muralunique.com\/fr\/wp-json\/wp\/v2\/media?parent=53610"}],"wp:term":[{"taxonomy":"product_brand","embeddable":true,"href":"https:\/\/www.muralunique.com\/fr\/wp-json\/wp\/v2\/product_brand?post=53610"},{"taxonomy":"product_cat","embeddable":true,"href":"https:\/\/www.muralunique.com\/fr\/wp-json\/wp\/v2\/product_cat?post=53610"},{"taxonomy":"product_tag","embeddable":true,"href":"https:\/\/www.muralunique.com\/fr\/wp-json\/wp\/v2\/product_tag?post=53610"}],"curies":[{"name":"wp","href":"https:\/\/api.w.org\/{rel}","templated":true}]}}