{"id":53627,"date":"2021-07-21T16:07:10","date_gmt":"2021-07-21T20:07:10","guid":{"rendered":"https:\/\/www.muralunique.com\/?post_type=product&#038;p=53627"},"modified":"2022-03-16T17:37:53","modified_gmt":"2022-03-16T21:37:53","slug":"foret-verte","status":"publish","type":"product","link":"https:\/\/www.muralunique.com\/fr\/produit\/foret-verte\/","title":{"rendered":"For\u00eat Verte"},"content":{"rendered":"<p>-For\u00eat Verte. Photo murale d&#8217;une for\u00eat verte transperc\u00e9e par de magnifiques rayons de soleil. Un paysage paisible et relaxant.<\/p>\n<p>-La murale comprend des laizes de 18\u2033 (45cm) de largeur. Par exemple, une murale de 6\u2032 (1,83m) de largeur a 4 laizes et une murale de 12\u2032 (3,66m) de largeur a 8 laizes.<\/p>\n<p>-Murale en papier\u00a0peint pr\u00e9encoll\u00e9e, lavable, s\u2019enl\u00e8ve \u00e0 sec et r\u00e9utilisable. Facile \u00e0 installer, se pose comme du papier\u00a0peint (tapisserie).<\/p>\n<p>-murale for\u00eat verte, murale en papier peint for\u00eat verte, tapisserie for\u00eat verte, papier peint for\u00eat verte, murale de for\u00eat, papier peint de for\u00eat, tapisserie de for\u00eat<\/p>\n","protected":false},"excerpt":{"rendered":"<p>-For\u00eat Verte. Photo murale d&#8217;une for\u00eat verte transperc\u00e9e par de magnifiques rayons de soleil. Un paysage paisible et relaxant. -La murale comprend des laizes de 18\u2033 (45cm) de largeur. Par exemple, une murale de 6\u2032 (1,83m) de largeur a 4 laizes et une murale de 12\u2032 (3,66m) de largeur a 8 laizes. -Murale en papier\u00a0peint [&hellip;]<\/p>\n","protected":false},"featured_media":53626,"template":"","meta":{"_acf_changed":false},"product_brand":[],"product_cat":[141,401],"product_tag":[9478,8864,9427,9019,9219,9261,9137,9429,9767,9770,9428,9467],"class_list":{"0":"post-53627","1":"product","2":"type-product","3":"status-publish","4":"has-post-thumbnail","6":"product_cat-nature-et-paysages","7":"product_cat-tous-nos-produits","8":"product_tag-arbres","9":"product_tag-calme","10":"product_tag-ete","11":"product_tag-foret","12":"product_tag-nature-fr","13":"product_tag-paisible","14":"product_tag-paysage","15":"product_tag-rayons-de-soleil","16":"product_tag-rayons-de-soleil-fr","17":"product_tag-rayons-de-soleil-fr-2","18":"product_tag-soleil","19":"product_tag-tranquilite","21":"first","22":"instock","23":"taxable","24":"shipping-taxable","25":"purchasable","26":"product-type-variable","27":"has-default-attributes"},"acf":[],"_links":{"self":[{"href":"https:\/\/www.muralunique.com\/fr\/wp-json\/wp\/v2\/product\/53627","targetHints":{"allow":["GET"]}}],"collection":[{"href":"https:\/\/www.muralunique.com\/fr\/wp-json\/wp\/v2\/product"}],"about":[{"href":"https:\/\/www.muralunique.com\/fr\/wp-json\/wp\/v2\/types\/product"}],"wp:featuredmedia":[{"embeddable":true,"href":"https:\/\/www.muralunique.com\/fr\/wp-json\/wp\/v2\/media\/53626"}],"wp:attachment":[{"href":"https:\/\/www.muralunique.com\/fr\/wp-json\/wp\/v2\/media?parent=53627"}],"wp:term":[{"taxonomy":"product_brand","embeddable":true,"href":"https:\/\/www.muralunique.com\/fr\/wp-json\/wp\/v2\/product_brand?post=53627"},{"taxonomy":"product_cat","embeddable":true,"href":"https:\/\/www.muralunique.com\/fr\/wp-json\/wp\/v2\/product_cat?post=53627"},{"taxonomy":"product_tag","embeddable":true,"href":"https:\/\/www.muralunique.com\/fr\/wp-json\/wp\/v2\/product_tag?post=53627"}],"curies":[{"name":"wp","href":"https:\/\/api.w.org\/{rel}","templated":true}]}}