{"id":53650,"date":"2021-07-21T17:29:59","date_gmt":"2021-07-21T21:29:59","guid":{"rendered":"https:\/\/www.muralunique.com\/?post_type=product&#038;p=53650"},"modified":"2022-06-10T12:12:42","modified_gmt":"2022-06-10T16:12:42","slug":"parisienne","status":"publish","type":"product","link":"https:\/\/www.muralunique.com\/fr\/produit\/parisienne\/","title":{"rendered":"Parisienne"},"content":{"rendered":"<p>-Murale en papier peint d&#8217;une jeune femme dans une voiture avec la Tour Eiffel en arri\u00e8re plan. Murale de style antique avec des touches de rouge.<\/p>\n<p>-La murale comprend des laizes de 18\u2033 (45cm) de largeur. Par exemple, une murale de 6\u2032 (1,83m) de largeur a 4 laizes et une murale de 12\u2032 (3,66m) de largeur a 8 laizes.<\/p>\n<p>-Murale en papier\u00a0peint pr\u00e9encoll\u00e9e, lavable, s\u2019enl\u00e8ve \u00e0 sec et r\u00e9utilisable. Facile \u00e0 installer, se pose comme du papier\u00a0peint (tapisserie).<\/p>\n<p>-murale parisienne, murale en papier peint parisienne, photo murale parisienne, papier peint Paris, murale en papier peint Tour Eiffel, papier peint Tour Eiffel<\/p>\n","protected":false},"excerpt":{"rendered":"<p>-Murale en papier peint d&#8217;une jeune femme dans une voiture avec la Tour Eiffel en arri\u00e8re plan. Murale de style antique avec des touches de rouge. -La murale comprend des laizes de 18\u2033 (45cm) de largeur. Par exemple, une murale de 6\u2032 (1,83m) de largeur a 4 laizes et une murale de 12\u2032 (3,66m) de [&hellip;]<\/p>\n","protected":false},"featured_media":53649,"template":"","meta":{"_acf_changed":false},"product_brand":[],"product_cat":[166,401,179],"product_tag":[8691,9788,9787,9250,8902,8965,9235,9786,8874],"class_list":{"0":"post-53650","1":"product","2":"type-product","3":"status-publish","4":"has-post-thumbnail","6":"product_cat-scenes-urbaines-villes","7":"product_cat-tous-nos-produits","8":"product_cat-transports","9":"product_tag-europe-fr","10":"product_tag-femme","11":"product_tag-jeune-femme","12":"product_tag-paris-fr","13":"product_tag-paysage-urbain","14":"product_tag-tour-eiffel","15":"product_tag-vieille-voiture","16":"product_tag-voiture","17":"product_tag-voitures","19":"first","20":"instock","21":"taxable","22":"shipping-taxable","23":"purchasable","24":"product-type-variable","25":"has-default-attributes"},"acf":[],"_links":{"self":[{"href":"https:\/\/www.muralunique.com\/fr\/wp-json\/wp\/v2\/product\/53650","targetHints":{"allow":["GET"]}}],"collection":[{"href":"https:\/\/www.muralunique.com\/fr\/wp-json\/wp\/v2\/product"}],"about":[{"href":"https:\/\/www.muralunique.com\/fr\/wp-json\/wp\/v2\/types\/product"}],"wp:featuredmedia":[{"embeddable":true,"href":"https:\/\/www.muralunique.com\/fr\/wp-json\/wp\/v2\/media\/53649"}],"wp:attachment":[{"href":"https:\/\/www.muralunique.com\/fr\/wp-json\/wp\/v2\/media?parent=53650"}],"wp:term":[{"taxonomy":"product_brand","embeddable":true,"href":"https:\/\/www.muralunique.com\/fr\/wp-json\/wp\/v2\/product_brand?post=53650"},{"taxonomy":"product_cat","embeddable":true,"href":"https:\/\/www.muralunique.com\/fr\/wp-json\/wp\/v2\/product_cat?post=53650"},{"taxonomy":"product_tag","embeddable":true,"href":"https:\/\/www.muralunique.com\/fr\/wp-json\/wp\/v2\/product_tag?post=53650"}],"curies":[{"name":"wp","href":"https:\/\/api.w.org\/{rel}","templated":true}]}}