{"id":5398,"date":"2012-03-09T09:35:11","date_gmt":"2012-03-09T09:35:11","guid":{"rendered":"https:\/\/muralunique.com\/?post_type=product&#038;p=5398"},"modified":"2022-04-16T19:43:56","modified_gmt":"2022-04-16T23:43:56","slug":"trou-7-a-pebble-beach","status":"publish","type":"product","link":"https:\/\/www.muralunique.com\/fr\/produit\/trou-7-a-pebble-beach\/","title":{"rendered":"Trou #7 \u00e0 Pebble Beach"},"content":{"rendered":"<p>-Photo murale en papier\u00a0peint du c\u00e9l\u00e8bre trou #7 \u00e0 Pebble Beach en Californie.<\/p>\n<p>-La murale comprend des laizes de 18&#8243; (45cm) de largeur. Par exemple, une murale de 6&#8242; (1,83m) de largeur a 4 laizes et une murale de 12&#8242; (3,66m) de largeur a 8 laizes.<\/p>\n<p>-Murale en papier\u00a0peint pr\u00e9encoll\u00e9e, lavable, s&#8217;enl\u00e8ve \u00e0 sec et r\u00e9utilisable. Facile \u00e0 installer, se pose comme du papier\u00a0peint (tapisserie).<\/p>\n<p>-photo murale golf, papier peint golf, murale golf, murale en papier peint golf, murale sports<\/p>\n<p>&nbsp;<\/p>\n","protected":false},"excerpt":{"rendered":"<p>-Photo murale en papier\u00a0peint du c\u00e9l\u00e8bre trou #7 \u00e0 Pebble Beach en Californie. -La murale comprend des laizes de 18&#8243; (45cm) de largeur. Par exemple, une murale de 6&#8242; (1,83m) de largeur a 4 laizes et une murale de 12&#8242; (3,66m) de largeur a 8 laizes. -Murale en papier\u00a0peint pr\u00e9encoll\u00e9e, lavable, s&#8217;enl\u00e8ve \u00e0 sec et [&hellip;]<\/p>\n","protected":false},"featured_media":31478,"template":"","meta":{"_acf_changed":false},"product_brand":[203],"product_cat":[153,141,145,401],"product_tag":[8863,8864,9517,9499,9427,9054,9352,9219,9231,9261,9137,8721,9369,9399,9400,9467,9089,8741],"class_list":{"0":"post-5398","1":"product","2":"type-product","3":"status-publish","4":"has-post-thumbnail","6":"product_brand-muralunique-com","7":"product_cat-eau-et-plages","8":"product_cat-nature-et-paysages","9":"product_cat-sports-2","10":"product_cat-tous-nos-produits","11":"product_tag-californie","12":"product_tag-calme","13":"product_tag-eau","14":"product_tag-etats-unis","15":"product_tag-ete","16":"product_tag-golf-fr","17":"product_tag-mer","18":"product_tag-nature-fr","19":"product_tag-ocean-fr-2","20":"product_tag-paisible","21":"product_tag-paysage","22":"product_tag-pebble-beach-fr","23":"product_tag-signature-fr","24":"product_tag-sport","25":"product_tag-sports","26":"product_tag-tranquilite","27":"product_tag-trou","28":"product_tag-usa-fr","30":"first","31":"instock","32":"taxable","33":"shipping-taxable","34":"purchasable","35":"product-type-variable","36":"has-default-attributes"},"acf":[],"_links":{"self":[{"href":"https:\/\/www.muralunique.com\/fr\/wp-json\/wp\/v2\/product\/5398","targetHints":{"allow":["GET"]}}],"collection":[{"href":"https:\/\/www.muralunique.com\/fr\/wp-json\/wp\/v2\/product"}],"about":[{"href":"https:\/\/www.muralunique.com\/fr\/wp-json\/wp\/v2\/types\/product"}],"wp:featuredmedia":[{"embeddable":true,"href":"https:\/\/www.muralunique.com\/fr\/wp-json\/wp\/v2\/media\/31478"}],"wp:attachment":[{"href":"https:\/\/www.muralunique.com\/fr\/wp-json\/wp\/v2\/media?parent=5398"}],"wp:term":[{"taxonomy":"product_brand","embeddable":true,"href":"https:\/\/www.muralunique.com\/fr\/wp-json\/wp\/v2\/product_brand?post=5398"},{"taxonomy":"product_cat","embeddable":true,"href":"https:\/\/www.muralunique.com\/fr\/wp-json\/wp\/v2\/product_cat?post=5398"},{"taxonomy":"product_tag","embeddable":true,"href":"https:\/\/www.muralunique.com\/fr\/wp-json\/wp\/v2\/product_tag?post=5398"}],"curies":[{"name":"wp","href":"https:\/\/api.w.org\/{rel}","templated":true}]}}