{"id":5404,"date":"2012-03-09T09:39:30","date_gmt":"2012-03-09T09:39:30","guid":{"rendered":"https:\/\/muralunique.com\/?post_type=product&#038;p=5404"},"modified":"2025-09-30T16:18:05","modified_gmt":"2025-09-30T20:18:05","slug":"pub-irlandais","status":"publish","type":"product","link":"https:\/\/www.muralunique.com\/fr\/produit\/pub-irlandais\/","title":{"rendered":"Pub Irlandais"},"content":{"rendered":"<p>-Murale trompe l&#8217;oeil d&#8217;un pub Irlandais. Cr\u00e9ation originale de Ruth Baker.<\/p>\n<p>-La murale comprend des laizes de 18&#8243; (45cm) de largeur. Par exemple, une murale de 6&#8242; (1,83m) de largeur a 4 laizes et une murale de 12&#8242; (3,66m) de largeur a 8 laizes.<\/p>\n<p>-Murale en papier\u00a0peint pr\u00e9encoll\u00e9e, lavable, s&#8217;enl\u00e8ve \u00e0 sec et r\u00e9utilisable. Facile \u00e0 installer, se pose comme du papier\u00a0peint (tapisserie).<\/p>\n<p>-Cette toile est une cr\u00e9ation de Ruth Baker.<\/p>\n<p>-murale pub Irlandais, papier peint pub Irlandais, tapisserie pub Irlandais, murale trompe l&#8217;oeil, papier peint trompe l&#8217;oeil<\/p>\n","protected":false},"excerpt":{"rendered":"<p>-Murale trompe l&#8217;oeil d&#8217;un pub Irlandais. Cr\u00e9ation originale de Ruth Baker. -La murale comprend des laizes de 18&#8243; (45cm) de largeur. Par exemple, une murale de 6&#8242; (1,83m) de largeur a 4 laizes et une murale de 12&#8242; (3,66m) de largeur a 8 laizes. -Murale en papier\u00a0peint pr\u00e9encoll\u00e9e, lavable, s&#8217;enl\u00e8ve \u00e0 sec et r\u00e9utilisable. Facile [&hellip;]<\/p>\n","protected":false},"featured_media":5405,"template":"","meta":{"_acf_changed":false},"product_brand":[152],"product_cat":[401,163,425],"product_tag":[8800,8697,9301,9325,9483,9612,9485],"class_list":{"0":"post-5404","1":"product","2":"type-product","3":"status-publish","4":"has-post-thumbnail","6":"artist-ruth-baker-fr","7":"product_brand-ruth-baker","8":"product_cat-tous-nos-produits","9":"product_cat-trompe-loeil","10":"product_cat-ultra-haute-d-finition-art","11":"product_tag-bar-fr","12":"product_tag-irlandais","13":"product_tag-pub-fr","14":"product_tag-restaurant-fr","15":"product_tag-trompe-l-oeil","16":"product_tag-trompe-loeil-fr","17":"product_tag-trompe-oeil-fr","19":"first","20":"instock","21":"taxable","22":"shipping-taxable","23":"purchasable","24":"product-type-variable","25":"has-default-attributes"},"acf":[],"_links":{"self":[{"href":"https:\/\/www.muralunique.com\/fr\/wp-json\/wp\/v2\/product\/5404","targetHints":{"allow":["GET"]}}],"collection":[{"href":"https:\/\/www.muralunique.com\/fr\/wp-json\/wp\/v2\/product"}],"about":[{"href":"https:\/\/www.muralunique.com\/fr\/wp-json\/wp\/v2\/types\/product"}],"wp:featuredmedia":[{"embeddable":true,"href":"https:\/\/www.muralunique.com\/fr\/wp-json\/wp\/v2\/media\/5405"}],"wp:attachment":[{"href":"https:\/\/www.muralunique.com\/fr\/wp-json\/wp\/v2\/media?parent=5404"}],"wp:term":[{"taxonomy":"product_brand","embeddable":true,"href":"https:\/\/www.muralunique.com\/fr\/wp-json\/wp\/v2\/product_brand?post=5404"},{"taxonomy":"product_cat","embeddable":true,"href":"https:\/\/www.muralunique.com\/fr\/wp-json\/wp\/v2\/product_cat?post=5404"},{"taxonomy":"product_tag","embeddable":true,"href":"https:\/\/www.muralunique.com\/fr\/wp-json\/wp\/v2\/product_tag?post=5404"}],"curies":[{"name":"wp","href":"https:\/\/api.w.org\/{rel}","templated":true}]}}