{"id":5420,"date":"2012-03-09T10:11:58","date_gmt":"2012-03-09T10:11:58","guid":{"rendered":"https:\/\/muralunique.com\/?post_type=product&#038;p=5420"},"modified":"2022-04-16T19:44:07","modified_gmt":"2022-04-16T23:44:07","slug":"trou-signature","status":"publish","type":"product","link":"https:\/\/www.muralunique.com\/fr\/produit\/trou-signature\/","title":{"rendered":"Trou Signature"},"content":{"rendered":"<p>-Murale en papier peint d&#8217;un magnifique terrain de golf (photo murale).<\/p>\n<p>-La murale comprend des laizes de 18\u2033 (45cm) de largeur. Par exemple, une murale de 6\u2032 (1,83m) de largeur a 4 laizes et une murale de 12\u2032 (3,66m) de largeur a 8 laizes.<\/p>\n<p>-Murale en papier\u00a0peint pr\u00e9encoll\u00e9e, lavable, s\u2019enl\u00e8ve \u00e0 sec et r\u00e9utilisable. Facile \u00e0 installer, se pose comme du papier\u00a0peint (tapisserie).<\/p>\n<p>-murale golf, murale en papier peint golf, photo murale golf, papier peint golf, murale trou signature<\/p>\n","protected":false},"excerpt":{"rendered":"<p>-Murale en papier peint d&#8217;un magnifique terrain de golf (photo murale). -La murale comprend des laizes de 18\u2033 (45cm) de largeur. Par exemple, une murale de 6\u2032 (1,83m) de largeur a 4 laizes et une murale de 12\u2032 (3,66m) de largeur a 8 laizes. -Murale en papier\u00a0peint pr\u00e9encoll\u00e9e, lavable, s\u2019enl\u00e8ve \u00e0 sec et r\u00e9utilisable. Facile [&hellip;]<\/p>\n","protected":false},"featured_media":31530,"template":"","meta":{"_acf_changed":false},"product_brand":[203],"product_cat":[141,145,401],"product_tag":[8864,9427,9054,9219,9261,8928,9055,9137,9399,9400,9467,9089,9370],"class_list":{"0":"post-5420","1":"product","2":"type-product","3":"status-publish","4":"has-post-thumbnail","6":"product_brand-muralunique-com","7":"product_cat-nature-et-paysages","8":"product_cat-sports-2","9":"product_cat-tous-nos-produits","10":"product_tag-calme","11":"product_tag-ete","12":"product_tag-golf-fr","13":"product_tag-nature-fr","14":"product_tag-paisible","15":"product_tag-parcours","16":"product_tag-parcours-de-golf","17":"product_tag-paysage","18":"product_tag-sport","19":"product_tag-sports","20":"product_tag-tranquilite","21":"product_tag-trou","22":"product_tag-trou-signature","24":"first","25":"instock","26":"taxable","27":"shipping-taxable","28":"purchasable","29":"product-type-variable","30":"has-default-attributes"},"acf":[],"_links":{"self":[{"href":"https:\/\/www.muralunique.com\/fr\/wp-json\/wp\/v2\/product\/5420","targetHints":{"allow":["GET"]}}],"collection":[{"href":"https:\/\/www.muralunique.com\/fr\/wp-json\/wp\/v2\/product"}],"about":[{"href":"https:\/\/www.muralunique.com\/fr\/wp-json\/wp\/v2\/types\/product"}],"wp:featuredmedia":[{"embeddable":true,"href":"https:\/\/www.muralunique.com\/fr\/wp-json\/wp\/v2\/media\/31530"}],"wp:attachment":[{"href":"https:\/\/www.muralunique.com\/fr\/wp-json\/wp\/v2\/media?parent=5420"}],"wp:term":[{"taxonomy":"product_brand","embeddable":true,"href":"https:\/\/www.muralunique.com\/fr\/wp-json\/wp\/v2\/product_brand?post=5420"},{"taxonomy":"product_cat","embeddable":true,"href":"https:\/\/www.muralunique.com\/fr\/wp-json\/wp\/v2\/product_cat?post=5420"},{"taxonomy":"product_tag","embeddable":true,"href":"https:\/\/www.muralunique.com\/fr\/wp-json\/wp\/v2\/product_tag?post=5420"}],"curies":[{"name":"wp","href":"https:\/\/api.w.org\/{rel}","templated":true}]}}