{"id":5444,"date":"2012-03-09T10:44:35","date_gmt":"2012-03-09T10:44:35","guid":{"rendered":"https:\/\/muralunique.com\/?post_type=product&#038;p=5444"},"modified":"2022-04-16T19:44:22","modified_gmt":"2022-04-16T23:44:22","slug":"paladine","status":"publish","type":"product","link":"https:\/\/www.muralunique.com\/fr\/produit\/paladine\/","title":{"rendered":"Paladine"},"content":{"rendered":"<p>-Cette murale pour adolescents provient d&#8217;un dessin original de Louis Major.<\/p>\n<p>-La murale comprend des laizes de 18\u2033 (45cm) de largeur. Par exemple, une murale de 6\u2032 (1,83m) de largeur a 4 laizes et une murale de 12\u2032 (3,66m) de largeur a 8 laizes.<\/p>\n<p>-Murale en papier\u00a0peint pr\u00e9encoll\u00e9e, lavable, s\u2019enl\u00e8ve \u00e0 sec et r\u00e9utilisable. Facile \u00e0 installer, se pose comme du papier\u00a0peint (tapisserie).<\/p>\n<p>-Ce dessin est une cr\u00e9ation de Louis Major.<\/p>\n<p>-murale Paladine, papier peint Paladine, murale en papier peint Paladine, murale m\u00e9di\u00e9vale, papier peint m\u00e9di\u00e9val<\/p>\n","protected":false},"excerpt":{"rendered":"<p>-Cette murale pour adolescents provient d&#8217;un dessin original de Louis Major. -La murale comprend des laizes de 18\u2033 (45cm) de largeur. Par exemple, une murale de 6\u2032 (1,83m) de largeur a 4 laizes et une murale de 12\u2032 (3,66m) de largeur a 8 laizes. -Murale en papier\u00a0peint pr\u00e9encoll\u00e9e, lavable, s\u2019enl\u00e8ve \u00e0 sec et r\u00e9utilisable. Facile [&hellip;]<\/p>\n","protected":false},"featured_media":5445,"template":"","meta":{"_acf_changed":false},"product_brand":[137],"product_cat":[131,134,173,401,425],"product_tag":[9441,9442,8768,8769,8880,9129,8961,8954,8955,9437,8993,9516,9181,9241,9386],"class_list":{"0":"post-5444","1":"product","2":"type-product","3":"status-publish","4":"has-post-thumbnail","6":"artist-louis-major-fr","7":"product_brand-louis-major","8":"product_cat-adolescents","9":"product_cat-animaux","10":"product_cat-enfants","11":"product_cat-tous-nos-produits","12":"product_cat-ultra-haute-d-finition-art","13":"product_tag-ado","14":"product_tag-adolescents","15":"product_tag-animal","16":"product_tag-animaux","17":"product_tag-cave-fr","18":"product_tag-chevalier","19":"product_tag-donjon","20":"product_tag-dragon-fr","21":"product_tag-dragons-fr","22":"product_tag-epee","23":"product_tag-fiction-fr","24":"product_tag-guerrier","25":"product_tag-medieval-fr","26":"product_tag-paladine-fr","27":"product_tag-serpent","29":"first","30":"instock","31":"taxable","32":"shipping-taxable","33":"purchasable","34":"product-type-variable","35":"has-default-attributes"},"acf":[],"_links":{"self":[{"href":"https:\/\/www.muralunique.com\/fr\/wp-json\/wp\/v2\/product\/5444","targetHints":{"allow":["GET"]}}],"collection":[{"href":"https:\/\/www.muralunique.com\/fr\/wp-json\/wp\/v2\/product"}],"about":[{"href":"https:\/\/www.muralunique.com\/fr\/wp-json\/wp\/v2\/types\/product"}],"wp:featuredmedia":[{"embeddable":true,"href":"https:\/\/www.muralunique.com\/fr\/wp-json\/wp\/v2\/media\/5445"}],"wp:attachment":[{"href":"https:\/\/www.muralunique.com\/fr\/wp-json\/wp\/v2\/media?parent=5444"}],"wp:term":[{"taxonomy":"product_brand","embeddable":true,"href":"https:\/\/www.muralunique.com\/fr\/wp-json\/wp\/v2\/product_brand?post=5444"},{"taxonomy":"product_cat","embeddable":true,"href":"https:\/\/www.muralunique.com\/fr\/wp-json\/wp\/v2\/product_cat?post=5444"},{"taxonomy":"product_tag","embeddable":true,"href":"https:\/\/www.muralunique.com\/fr\/wp-json\/wp\/v2\/product_tag?post=5444"}],"curies":[{"name":"wp","href":"https:\/\/api.w.org\/{rel}","templated":true}]}}