{"id":5450,"date":"2012-03-09T10:56:43","date_gmt":"2012-03-09T10:56:43","guid":{"rendered":"https:\/\/muralunique.com\/?post_type=product&#038;p=5450"},"modified":"2025-09-30T16:20:14","modified_gmt":"2025-09-30T20:20:14","slug":"peace","status":"publish","type":"product","link":"https:\/\/www.muralunique.com\/fr\/produit\/peace\/","title":{"rendered":"Peace"},"content":{"rendered":"<p>-Murale multicolore &#8220;peace&#8221;, parfaite pour les adolescents.<\/p>\n<p>-La murale comprend des laizes de 18\u2033 (45cm) de largeur. Par exemple, une murale de 6\u2032 (1,83m) de largeur a 4 laizes et une murale de 12\u2032 (3,66m) de largeur a 8 laizes.<\/p>\n<p>-Murale en papier\u00a0peint pr\u00e9encoll\u00e9e, lavable, s\u2019enl\u00e8ve \u00e0 sec et r\u00e9utilisable. Facile \u00e0 installer, se pose comme du papier\u00a0peint (tapisserie).<\/p>\n<p>-Cette toile est une cr\u00e9ation de Ruth Baker.<\/p>\n<p>-murale peace, murale pour ado, murale en papier peint pour adolescents, papier peint pour adolescents, tapisserie peace<\/p>\n<p>&nbsp;<\/p>\n","protected":false},"excerpt":{"rendered":"<p>-Murale multicolore &#8220;peace&#8221;, parfaite pour les adolescents. -La murale comprend des laizes de 18\u2033 (45cm) de largeur. Par exemple, une murale de 6\u2032 (1,83m) de largeur a 4 laizes et une murale de 12\u2032 (3,66m) de largeur a 8 laizes. -Murale en papier\u00a0peint pr\u00e9encoll\u00e9e, lavable, s\u2019enl\u00e8ve \u00e0 sec et r\u00e9utilisable. Facile \u00e0 installer, se pose [&hellip;]<\/p>\n","protected":false},"featured_media":5451,"template":"","meta":{"_acf_changed":false},"product_brand":[152],"product_cat":[131,145,401,425],"product_tag":[8752,8754,8753,9441,9442,8819,9057,9058,9059,9060,9260,9376,9375,9399,9400,8815],"class_list":{"0":"post-5450","1":"product","2":"type-product","3":"status-publish","4":"has-post-thumbnail","6":"artist-ruth-baker-fr","7":"product_brand-ruth-baker","8":"product_cat-adolescents","9":"product_cat-sports-2","10":"product_cat-tous-nos-produits","11":"product_cat-ultra-haute-d-finition-art","12":"product_tag-action-fr","13":"product_tag-activite","14":"product_tag-activites","15":"product_tag-ado","16":"product_tag-adolescents","17":"product_tag-bicyclettes","18":"product_tag-graffiti-fr","19":"product_tag-graffitis-fr","20":"product_tag-grafiti","21":"product_tag-grafitis-fr","22":"product_tag-paix","23":"product_tag-patins","24":"product_tag-planches-a-roulette","25":"product_tag-sport","26":"product_tag-sports","27":"product_tag-velos","29":"first","30":"instock","31":"taxable","32":"shipping-taxable","33":"purchasable","34":"product-type-variable","35":"has-default-attributes"},"acf":[],"_links":{"self":[{"href":"https:\/\/www.muralunique.com\/fr\/wp-json\/wp\/v2\/product\/5450","targetHints":{"allow":["GET"]}}],"collection":[{"href":"https:\/\/www.muralunique.com\/fr\/wp-json\/wp\/v2\/product"}],"about":[{"href":"https:\/\/www.muralunique.com\/fr\/wp-json\/wp\/v2\/types\/product"}],"wp:featuredmedia":[{"embeddable":true,"href":"https:\/\/www.muralunique.com\/fr\/wp-json\/wp\/v2\/media\/5451"}],"wp:attachment":[{"href":"https:\/\/www.muralunique.com\/fr\/wp-json\/wp\/v2\/media?parent=5450"}],"wp:term":[{"taxonomy":"product_brand","embeddable":true,"href":"https:\/\/www.muralunique.com\/fr\/wp-json\/wp\/v2\/product_brand?post=5450"},{"taxonomy":"product_cat","embeddable":true,"href":"https:\/\/www.muralunique.com\/fr\/wp-json\/wp\/v2\/product_cat?post=5450"},{"taxonomy":"product_tag","embeddable":true,"href":"https:\/\/www.muralunique.com\/fr\/wp-json\/wp\/v2\/product_tag?post=5450"}],"curies":[{"name":"wp","href":"https:\/\/api.w.org\/{rel}","templated":true}]}}