{"id":5458,"date":"2012-03-09T11:16:18","date_gmt":"2012-03-09T11:16:18","guid":{"rendered":"https:\/\/muralunique.com\/?post_type=product&#038;p=5458"},"modified":"2022-02-14T11:34:36","modified_gmt":"2022-02-14T16:34:36","slug":"ruelle-a-mykonos-en-grece","status":"publish","type":"product","link":"https:\/\/www.muralunique.com\/fr\/produit\/ruelle-a-mykonos-en-grece\/","title":{"rendered":"Ruelle \u00e0 Mykonos en Gr\u00e8ce"},"content":{"rendered":"<p>-Une magnifique murale en papier peint trompe l&#8217;oeil d&#8217;une ruelle \u00e0 Mykonos en Gr\u00e8ce.<\/p>\n<p>-La murale comprend des laizes de 18&#8243; (45cm) de largeur. Par exemple, une murale de 6&#8242; (1,83m) de largeur a 4 laizes et une murale de 12&#8242; (3,66m) de largeur a 8 laizes.<\/p>\n<p>-Murale en papier\u00a0peint pr\u00e9encoll\u00e9e, lavable, s&#8217;enl\u00e8ve \u00e0 sec et r\u00e9utilisable. Facile \u00e0 installer, se pose comme du papier\u00a0peint (tapisserie).<\/p>\n<p>-murale Mykonos, papier peint Mykonos, murale Gr\u00e8ce, papier peint Gr\u00e8ce, tapisserie Gr\u00e8ce<\/p>\n<p>&nbsp;<\/p>\n","protected":false},"excerpt":{"rendered":"<p>-Une magnifique murale en papier peint trompe l&#8217;oeil d&#8217;une ruelle \u00e0 Mykonos en Gr\u00e8ce. -La murale comprend des laizes de 18&#8243; (45cm) de largeur. Par exemple, une murale de 6&#8242; (1,83m) de largeur a 4 laizes et une murale de 12&#8242; (3,66m) de largeur a 8 laizes. -Murale en papier\u00a0peint pr\u00e9encoll\u00e9e, lavable, s&#8217;enl\u00e8ve \u00e0 sec [&hellip;]<\/p>\n","protected":false},"featured_media":5459,"template":"","meta":{"_acf_changed":false},"product_brand":[203],"product_cat":[166,401,163],"product_tag":[8762,8912,8921,8694,8712,8911,8902,9483,9612,9485,9500],"class_list":{"0":"post-5458","1":"product","2":"type-product","3":"status-publish","4":"has-post-thumbnail","6":"product_brand-muralunique-com","7":"product_cat-scenes-urbaines-villes","8":"product_cat-tous-nos-produits","9":"product_cat-trompe-loeil","10":"product_tag-allee","11":"product_tag-allee-pavee","12":"product_tag-contemporain","13":"product_tag-grece","14":"product_tag-mykonos-fr","15":"product_tag-pave","16":"product_tag-paysage-urbain","17":"product_tag-trompe-l-oeil","18":"product_tag-trompe-loeil-fr","19":"product_tag-trompe-oeil-fr","20":"product_tag-urbain","22":"first","23":"instock","24":"taxable","25":"shipping-taxable","26":"purchasable","27":"product-type-variable","28":"has-default-attributes"},"acf":[],"_links":{"self":[{"href":"https:\/\/www.muralunique.com\/fr\/wp-json\/wp\/v2\/product\/5458","targetHints":{"allow":["GET"]}}],"collection":[{"href":"https:\/\/www.muralunique.com\/fr\/wp-json\/wp\/v2\/product"}],"about":[{"href":"https:\/\/www.muralunique.com\/fr\/wp-json\/wp\/v2\/types\/product"}],"wp:featuredmedia":[{"embeddable":true,"href":"https:\/\/www.muralunique.com\/fr\/wp-json\/wp\/v2\/media\/5459"}],"wp:attachment":[{"href":"https:\/\/www.muralunique.com\/fr\/wp-json\/wp\/v2\/media?parent=5458"}],"wp:term":[{"taxonomy":"product_brand","embeddable":true,"href":"https:\/\/www.muralunique.com\/fr\/wp-json\/wp\/v2\/product_brand?post=5458"},{"taxonomy":"product_cat","embeddable":true,"href":"https:\/\/www.muralunique.com\/fr\/wp-json\/wp\/v2\/product_cat?post=5458"},{"taxonomy":"product_tag","embeddable":true,"href":"https:\/\/www.muralunique.com\/fr\/wp-json\/wp\/v2\/product_tag?post=5458"}],"curies":[{"name":"wp","href":"https:\/\/api.w.org\/{rel}","templated":true}]}}