{"id":5482,"date":"2012-03-09T11:46:10","date_gmt":"2012-03-09T11:46:10","guid":{"rendered":"https:\/\/muralunique.com\/?post_type=product&#038;p=5482"},"modified":"2021-09-15T16:59:24","modified_gmt":"2021-09-15T20:59:24","slug":"train-a-vapeur","status":"publish","type":"product","link":"https:\/\/www.muralunique.com\/fr\/produit\/train-a-vapeur\/","title":{"rendered":"Train \u00e0 Vapeur"},"content":{"rendered":"<p>-Magnifique photo murale d&#8217;un train \u00e0 vapeur.<\/p>\n<p>-La murale comprend des laizes de 18\u2033 (45cm) de largeur. Par exemple, une murale de 6\u2032 (1,83m) de largeur a 4 laizes et une murale de 12\u2032 (3,66m) de largeur a 8 laizes.<\/p>\n<p>-Murale en papier\u00a0peint pr\u00e9encoll\u00e9e, lavable, s\u2019enl\u00e8ve \u00e0 sec et r\u00e9utilisable. Facile \u00e0 installer, se pose comme du papier\u00a0peint (tapisserie).<\/p>\n<p>-murale train \u00e0 vapeur, photo murale train \u00e0 vapeur, papier peint train \u00e0 vapeur, murale en papier peint train \u00e0 vapeur, tapisserie train \u00e0 vapeur<\/p>\n","protected":false},"excerpt":{"rendered":"<p>-Magnifique photo murale d&#8217;un train \u00e0 vapeur. -La murale comprend des laizes de 18\u2033 (45cm) de largeur. Par exemple, une murale de 6\u2032 (1,83m) de largeur a 4 laizes et une murale de 12\u2032 (3,66m) de largeur a 8 laizes. -Murale en papier\u00a0peint pr\u00e9encoll\u00e9e, lavable, s\u2019enl\u00e8ve \u00e0 sec et r\u00e9utilisable. Facile \u00e0 installer, se pose [&hellip;]<\/p>\n","protected":false},"featured_media":31415,"template":"","meta":{"_acf_changed":false},"product_brand":[203],"product_cat":[401,179,163],"product_tag":[9466,9411,9469,9470,9483,9612,9485],"class_list":{"0":"post-5482","1":"product","2":"type-product","3":"status-publish","4":"has-post-thumbnail","6":"product_brand-muralunique-com","7":"product_cat-tous-nos-produits","8":"product_cat-transports","9":"product_cat-trompe-loeil","10":"product_tag-train-fr","11":"product_tag-train-a-vapeur","12":"product_tag-transport-fr","13":"product_tag-transportation","14":"product_tag-trompe-l-oeil","15":"product_tag-trompe-loeil-fr","16":"product_tag-trompe-oeil-fr","18":"first","19":"instock","20":"taxable","21":"shipping-taxable","22":"purchasable","23":"product-type-variable","24":"has-default-attributes"},"acf":[],"_links":{"self":[{"href":"https:\/\/www.muralunique.com\/fr\/wp-json\/wp\/v2\/product\/5482","targetHints":{"allow":["GET"]}}],"collection":[{"href":"https:\/\/www.muralunique.com\/fr\/wp-json\/wp\/v2\/product"}],"about":[{"href":"https:\/\/www.muralunique.com\/fr\/wp-json\/wp\/v2\/types\/product"}],"wp:featuredmedia":[{"embeddable":true,"href":"https:\/\/www.muralunique.com\/fr\/wp-json\/wp\/v2\/media\/31415"}],"wp:attachment":[{"href":"https:\/\/www.muralunique.com\/fr\/wp-json\/wp\/v2\/media?parent=5482"}],"wp:term":[{"taxonomy":"product_brand","embeddable":true,"href":"https:\/\/www.muralunique.com\/fr\/wp-json\/wp\/v2\/product_brand?post=5482"},{"taxonomy":"product_cat","embeddable":true,"href":"https:\/\/www.muralunique.com\/fr\/wp-json\/wp\/v2\/product_cat?post=5482"},{"taxonomy":"product_tag","embeddable":true,"href":"https:\/\/www.muralunique.com\/fr\/wp-json\/wp\/v2\/product_tag?post=5482"}],"curies":[{"name":"wp","href":"https:\/\/api.w.org\/{rel}","templated":true}]}}