{"id":5502,"date":"2012-03-09T12:01:54","date_gmt":"2012-03-09T12:01:54","guid":{"rendered":"https:\/\/muralunique.com\/?post_type=product&#038;p=5502"},"modified":"2021-11-03T17:13:57","modified_gmt":"2021-11-03T21:13:57","slug":"vue-du-monastere-de-montserrat-espagne","status":"publish","type":"product","link":"https:\/\/www.muralunique.com\/fr\/produit\/vue-du-monastere-de-montserrat-espagne\/","title":{"rendered":"Vue du Monast\u00e8re de Montserrat, Espagne"},"content":{"rendered":"<p>-Magnifique murale d&#8217;une vue du Monast\u00e8re Santa Maria de Montserrat en Catalogne (Espagne).<\/p>\n<p>-La murale comprend des laizes de 18\u2033 (45cm) de largeur. Par exemple, une murale de 6\u2032 (1,83m) de largeur a 4 laizes et une murale de 12\u2032 (3,66m) de largeur a 8 laizes.<\/p>\n<p>-Murale en papier\u00a0peint pr\u00e9encoll\u00e9e, lavable, s\u2019enl\u00e8ve \u00e0 sec et r\u00e9utilisable. Facile \u00e0 installer, se pose comme du papier\u00a0peint (tapisserie).<\/p>\n<p>-murale vue monast\u00e8re, murale trompe l&#8217;oeil, murale fen\u00eatres trompe l&#8217;oeil, tapisserie murale fen\u00eatres trompe l&#8217;oeil, photo murale fen\u00eatres trompe l&#8217;oeil<\/p>\n","protected":false},"excerpt":{"rendered":"<p>-Magnifique murale d&#8217;une vue du Monast\u00e8re Santa Maria de Montserrat en Catalogne (Espagne). -La murale comprend des laizes de 18\u2033 (45cm) de largeur. Par exemple, une murale de 6\u2032 (1,83m) de largeur a 4 laizes et une murale de 12\u2032 (3,66m) de largeur a 8 laizes. -Murale en papier\u00a0peint pr\u00e9encoll\u00e9e, lavable, s\u2019enl\u00e8ve \u00e0 sec et [&hellip;]<\/p>\n","protected":false},"featured_media":31566,"template":"","meta":{"_acf_changed":false},"product_brand":[203],"product_cat":[141,138,401,163],"product_tag":[8679,8680,8878,8731,9427,8691,9190,9208,9209,8711,9219,9137,9322,9321,9483,9612,9485],"class_list":{"0":"post-5502","1":"product","2":"type-product","3":"status-publish","4":"has-post-thumbnail","6":"product_brand-muralunique-com","7":"product_cat-nature-et-paysages","8":"product_cat-oriental-religion-spiritualite","9":"product_cat-tous-nos-produits","10":"product_cat-trompe-loeil","11":"product_tag-catalogne","12":"product_tag-catholicisme","13":"product_tag-catholique","14":"product_tag-espagne","15":"product_tag-ete","16":"product_tag-europe-fr","17":"product_tag-monastere","18":"product_tag-montagne","19":"product_tag-montagnes","20":"product_tag-montserrat-fr","21":"product_tag-nature-fr","22":"product_tag-paysage","23":"product_tag-religieux","24":"product_tag-religion-fr","25":"product_tag-trompe-l-oeil","26":"product_tag-trompe-loeil-fr","27":"product_tag-trompe-oeil-fr","29":"first","30":"instock","31":"taxable","32":"shipping-taxable","33":"purchasable","34":"product-type-variable","35":"has-default-attributes"},"acf":[],"_links":{"self":[{"href":"https:\/\/www.muralunique.com\/fr\/wp-json\/wp\/v2\/product\/5502","targetHints":{"allow":["GET"]}}],"collection":[{"href":"https:\/\/www.muralunique.com\/fr\/wp-json\/wp\/v2\/product"}],"about":[{"href":"https:\/\/www.muralunique.com\/fr\/wp-json\/wp\/v2\/types\/product"}],"wp:featuredmedia":[{"embeddable":true,"href":"https:\/\/www.muralunique.com\/fr\/wp-json\/wp\/v2\/media\/31566"}],"wp:attachment":[{"href":"https:\/\/www.muralunique.com\/fr\/wp-json\/wp\/v2\/media?parent=5502"}],"wp:term":[{"taxonomy":"product_brand","embeddable":true,"href":"https:\/\/www.muralunique.com\/fr\/wp-json\/wp\/v2\/product_brand?post=5502"},{"taxonomy":"product_cat","embeddable":true,"href":"https:\/\/www.muralunique.com\/fr\/wp-json\/wp\/v2\/product_cat?post=5502"},{"taxonomy":"product_tag","embeddable":true,"href":"https:\/\/www.muralunique.com\/fr\/wp-json\/wp\/v2\/product_tag?post=5502"}],"curies":[{"name":"wp","href":"https:\/\/api.w.org\/{rel}","templated":true}]}}