{"id":5507,"date":"2012-03-09T12:05:25","date_gmt":"2012-03-09T12:05:25","guid":{"rendered":"https:\/\/muralunique.com\/?post_type=product&#038;p=5507"},"modified":"2021-09-15T16:59:26","modified_gmt":"2021-09-15T20:59:26","slug":"bistro-en-provence","status":"publish","type":"product","link":"https:\/\/www.muralunique.com\/fr\/produit\/bistro-en-provence\/","title":{"rendered":"Bistro en Provence"},"content":{"rendered":"<p>-Murale en papier peint de la terrasse d&#8217;un petit restaurant en Provence (France). Un excellent trompe l&#8217;oeil pour un petit mur dans un caf\u00e9 ou un restaurant.<\/p>\n<p>-La murale comprend des laizes de 18&#8243; (45cm) de largeur. Par exemple, une murale de 6&#8242; (1,83m) de largeur a 4 laizes et une murale de 12&#8242; (3,66m) de largeur a 8 laizes.<\/p>\n<p>-Murale en papier\u00a0peint pr\u00e9encoll\u00e9e, lavable, s&#8217;enl\u00e8ve \u00e0 sec et r\u00e9utilisable. Facile \u00e0 installer, se pose comme du papier\u00a0peint (tapisserie).<\/p>\n<p>-murale bistro en Provence, murale d&#8217;un bistro en France, murale trompe l&#8217;oeil, murale bistro trompe l&#8217;oeil, papier peint trompe l&#8217;oeil<\/p>\n","protected":false},"excerpt":{"rendered":"<p>-Murale en papier peint de la terrasse d&#8217;un petit restaurant en Provence (France). Un excellent trompe l&#8217;oeil pour un petit mur dans un caf\u00e9 ou un restaurant. -La murale comprend des laizes de 18&#8243; (45cm) de largeur. Par exemple, une murale de 6&#8242; (1,83m) de largeur a 4 laizes et une murale de 12&#8242; (3,66m) [&hellip;]<\/p>\n","protected":false},"featured_media":5508,"template":"","meta":{"_acf_changed":false},"product_brand":[203],"product_cat":[166,401,163],"product_tag":[8825,8862,8864,9427,8691,9029,9261,9299,9325,9467,9483,9612,9485],"class_list":{"0":"post-5507","1":"product","2":"type-product","3":"status-publish","4":"has-post-thumbnail","6":"product_brand-muralunique-com","7":"product_cat-scenes-urbaines-villes","8":"product_cat-tous-nos-produits","9":"product_cat-trompe-loeil","10":"product_tag-bistro-fr","11":"product_tag-cafe-fr","12":"product_tag-calme","13":"product_tag-ete","14":"product_tag-europe-fr","15":"product_tag-france-fr","16":"product_tag-paisible","17":"product_tag-provence-fr","18":"product_tag-restaurant-fr","19":"product_tag-tranquilite","20":"product_tag-trompe-l-oeil","21":"product_tag-trompe-loeil-fr","22":"product_tag-trompe-oeil-fr","24":"first","25":"instock","26":"taxable","27":"shipping-taxable","28":"purchasable","29":"product-type-variable","30":"has-default-attributes"},"acf":[],"_links":{"self":[{"href":"https:\/\/www.muralunique.com\/fr\/wp-json\/wp\/v2\/product\/5507","targetHints":{"allow":["GET"]}}],"collection":[{"href":"https:\/\/www.muralunique.com\/fr\/wp-json\/wp\/v2\/product"}],"about":[{"href":"https:\/\/www.muralunique.com\/fr\/wp-json\/wp\/v2\/types\/product"}],"wp:featuredmedia":[{"embeddable":true,"href":"https:\/\/www.muralunique.com\/fr\/wp-json\/wp\/v2\/media\/5508"}],"wp:attachment":[{"href":"https:\/\/www.muralunique.com\/fr\/wp-json\/wp\/v2\/media?parent=5507"}],"wp:term":[{"taxonomy":"product_brand","embeddable":true,"href":"https:\/\/www.muralunique.com\/fr\/wp-json\/wp\/v2\/product_brand?post=5507"},{"taxonomy":"product_cat","embeddable":true,"href":"https:\/\/www.muralunique.com\/fr\/wp-json\/wp\/v2\/product_cat?post=5507"},{"taxonomy":"product_tag","embeddable":true,"href":"https:\/\/www.muralunique.com\/fr\/wp-json\/wp\/v2\/product_tag?post=5507"}],"curies":[{"name":"wp","href":"https:\/\/api.w.org\/{rel}","templated":true}]}}