{"id":5539,"date":"2012-03-12T12:05:06","date_gmt":"2012-03-12T12:05:06","guid":{"rendered":"https:\/\/muralunique.com\/?post_type=product&#038;p=5539"},"modified":"2024-03-18T11:56:16","modified_gmt":"2024-03-18T15:56:16","slug":"montreal-la-nuit","status":"publish","type":"product","link":"https:\/\/www.muralunique.com\/fr\/produit\/montreal-la-nuit\/","title":{"rendered":"Montr\u00e9al la Nuit"},"content":{"rendered":"<p>-Magnifique photo murale de la ville de Montr\u00e9al la nuit (photo murale).<\/p>\n<p>-La murale comprend des laizes de 18\u2033 (45cm) de largeur. Par exemple, une murale de 6\u2032 (1,83m) de largeur a 4 laizes et une murale de 12\u2032 (3,66m) de largeur a 8 laizes.<\/p>\n<p>-Murale en papier\u00a0peint pr\u00e9encoll\u00e9e, lavable, s\u2019enl\u00e8ve \u00e0 sec et r\u00e9utilisable. Facile \u00e0 installer, se pose comme du papier\u00a0peint (tapisserie).<\/p>\n<p>-Photographie\u00a0de\u00a0Patrice Savard.<\/p>\n<p>-murale Montreal la nuit, photo murale Montreal la nuit, papier peint Montreal la nuit, murale Montreal, papier peint Montreal<\/p>\n<p>&nbsp;<\/p>\n","protected":false},"excerpt":{"rendered":"<p>-Magnifique photo murale de la ville de Montr\u00e9al la nuit (photo murale). -La murale comprend des laizes de 18\u2033 (45cm) de largeur. Par exemple, une murale de 6\u2032 (1,83m) de largeur a 4 laizes et une murale de 12\u2032 (3,66m) de largeur a 8 laizes. -Murale en papier\u00a0peint pr\u00e9encoll\u00e9e, lavable, s\u2019enl\u00e8ve \u00e0 sec et r\u00e9utilisable. [&hellip;]<\/p>\n","protected":false},"featured_media":5540,"template":"","meta":{"_acf_changed":false},"product_brand":[188],"product_cat":[10297,166,401],"product_tag":[8676,8921,9382,9381,9194,9227,8902,9306,9500,8901],"class_list":{"0":"post-5539","1":"product","2":"type-product","3":"status-publish","4":"has-post-thumbnail","6":"artist-patrice-savard-fr","7":"product_brand-patrice-savard","8":"product_cat-inspiration-artistique","9":"product_cat-scenes-urbaines-villes","10":"product_cat-tous-nos-produits","11":"product_tag-canada-fr","12":"product_tag-contemporain","13":"product_tag-grattes-ciels","14":"product_tag-horizon","15":"product_tag-montreal-fr","16":"product_tag-nuit","17":"product_tag-paysage-urbain","18":"product_tag-quebec-fr","19":"product_tag-urbain","20":"product_tag-ville","22":"first","23":"instock","24":"taxable","25":"shipping-taxable","26":"purchasable","27":"product-type-variable","28":"has-default-attributes"},"acf":[],"_links":{"self":[{"href":"https:\/\/www.muralunique.com\/fr\/wp-json\/wp\/v2\/product\/5539","targetHints":{"allow":["GET"]}}],"collection":[{"href":"https:\/\/www.muralunique.com\/fr\/wp-json\/wp\/v2\/product"}],"about":[{"href":"https:\/\/www.muralunique.com\/fr\/wp-json\/wp\/v2\/types\/product"}],"wp:featuredmedia":[{"embeddable":true,"href":"https:\/\/www.muralunique.com\/fr\/wp-json\/wp\/v2\/media\/5540"}],"wp:attachment":[{"href":"https:\/\/www.muralunique.com\/fr\/wp-json\/wp\/v2\/media?parent=5539"}],"wp:term":[{"taxonomy":"product_brand","embeddable":true,"href":"https:\/\/www.muralunique.com\/fr\/wp-json\/wp\/v2\/product_brand?post=5539"},{"taxonomy":"product_cat","embeddable":true,"href":"https:\/\/www.muralunique.com\/fr\/wp-json\/wp\/v2\/product_cat?post=5539"},{"taxonomy":"product_tag","embeddable":true,"href":"https:\/\/www.muralunique.com\/fr\/wp-json\/wp\/v2\/product_tag?post=5539"}],"curies":[{"name":"wp","href":"https:\/\/api.w.org\/{rel}","templated":true}]}}