{"id":5552,"date":"2012-03-12T12:14:08","date_gmt":"2012-03-12T12:14:08","guid":{"rendered":"https:\/\/muralunique.com\/?post_type=product&#038;p=5552"},"modified":"2021-09-15T16:59:31","modified_gmt":"2021-09-15T20:59:31","slug":"montreal-un-matin-dautomne","status":"publish","type":"product","link":"https:\/\/www.muralunique.com\/fr\/produit\/montreal-un-matin-dautomne\/","title":{"rendered":"Montr\u00e9al, un Matin d&#8217;Automne"},"content":{"rendered":"<p>-Murale en papier peint de la ville de Montr\u00e9al, Qu\u00e9bec, Canada.<\/p>\n<p>-La murale comprend des laizes de 18\u2033 (45cm) de largeur. Par exemple, une murale de 6\u2032 (1,83m) de largeur a 4 laizes et une murale de 12\u2032 (3,66m) de largeur a 8 laizes.<\/p>\n<p>-Murale en papier\u00a0peint pr\u00e9encoll\u00e9e, lavable, s\u2019enl\u00e8ve \u00e0 sec et r\u00e9utilisable. Facile \u00e0 installer, se pose comme du papier\u00a0peint (tapisserie).<\/p>\n<p>-Photographie de Nathalie Quirion.<\/p>\n<p>-murale Montr\u00e9al, photo murale Montr\u00e9al, papier peint Montr\u00e9al, tapisserie Montr\u00e9al, murale en papier peint Montr\u00e9al<\/p>\n<p>&nbsp;<\/p>\n","protected":false},"excerpt":{"rendered":"<p>-Murale en papier peint de la ville de Montr\u00e9al, Qu\u00e9bec, Canada. -La murale comprend des laizes de 18\u2033 (45cm) de largeur. Par exemple, une murale de 6\u2032 (1,83m) de largeur a 4 laizes et une murale de 12\u2032 (3,66m) de largeur a 8 laizes. -Murale en papier\u00a0peint pr\u00e9encoll\u00e9e, lavable, s\u2019enl\u00e8ve \u00e0 sec et r\u00e9utilisable. Facile [&hellip;]<\/p>\n","protected":false},"featured_media":5553,"template":"","meta":{"_acf_changed":false},"product_brand":[162],"product_cat":[166,401],"product_tag":[8979,8788,8676,8921,9382,9381,9194,8902,9306,9500,8901],"class_list":{"0":"post-5552","1":"product","2":"type-product","3":"status-publish","4":"has-post-thumbnail","6":"artist-nathalie-quirion-fr","7":"product_brand-nathalie-quirion","8":"product_cat-scenes-urbaines-villes","9":"product_cat-tous-nos-produits","10":"product_tag-automne-fr","11":"product_tag-automne","12":"product_tag-canada-fr","13":"product_tag-contemporain","14":"product_tag-grattes-ciels","15":"product_tag-horizon","16":"product_tag-montreal-fr","17":"product_tag-paysage-urbain","18":"product_tag-quebec-fr","19":"product_tag-urbain","20":"product_tag-ville","22":"first","23":"instock","24":"taxable","25":"shipping-taxable","26":"purchasable","27":"product-type-variable","28":"has-default-attributes"},"acf":[],"_links":{"self":[{"href":"https:\/\/www.muralunique.com\/fr\/wp-json\/wp\/v2\/product\/5552","targetHints":{"allow":["GET"]}}],"collection":[{"href":"https:\/\/www.muralunique.com\/fr\/wp-json\/wp\/v2\/product"}],"about":[{"href":"https:\/\/www.muralunique.com\/fr\/wp-json\/wp\/v2\/types\/product"}],"wp:featuredmedia":[{"embeddable":true,"href":"https:\/\/www.muralunique.com\/fr\/wp-json\/wp\/v2\/media\/5553"}],"wp:attachment":[{"href":"https:\/\/www.muralunique.com\/fr\/wp-json\/wp\/v2\/media?parent=5552"}],"wp:term":[{"taxonomy":"product_brand","embeddable":true,"href":"https:\/\/www.muralunique.com\/fr\/wp-json\/wp\/v2\/product_brand?post=5552"},{"taxonomy":"product_cat","embeddable":true,"href":"https:\/\/www.muralunique.com\/fr\/wp-json\/wp\/v2\/product_cat?post=5552"},{"taxonomy":"product_tag","embeddable":true,"href":"https:\/\/www.muralunique.com\/fr\/wp-json\/wp\/v2\/product_tag?post=5552"}],"curies":[{"name":"wp","href":"https:\/\/api.w.org\/{rel}","templated":true}]}}