{"id":55534,"date":"2021-09-28T17:09:35","date_gmt":"2021-09-28T21:09:35","guid":{"rendered":"https:\/\/www.muralunique.com\/?post_type=product&#038;p=55534"},"modified":"2022-03-16T17:37:53","modified_gmt":"2022-03-16T21:37:53","slug":"foret-vintage-noir-et-blanc","status":"publish","type":"product","link":"https:\/\/www.muralunique.com\/fr\/produit\/foret-vintage-noir-et-blanc\/","title":{"rendered":"For\u00eat Vintage (Noir et Blanc)"},"content":{"rendered":"<p>-Murale en papier peint en noir et blanc d&#8217;une for\u00eat de style vintage avec deux chevreuils. Un magnifique et paisible paysage.<\/p>\n<p>-La murale comprend des laizes de 18\u2033 (45cm) de largeur. Par exemple, une murale de 6\u2032 (1,83m) de largeur a 4 laizes et une murale de 12\u2032 (3,66m) de largeur a 8 laizes.<\/p>\n<p>-Murale en papier\u00a0peint pr\u00e9encoll\u00e9e, lavable, s\u2019enl\u00e8ve \u00e0 sec et r\u00e9utilisable. Facile \u00e0 installer, se pose comme du papier\u00a0peint (tapisserie).<\/p>\n<p>-murale for\u00eat vintage, murale en papier peint for\u00eat vintage, papier peint for\u00eat vintage, tapisserie for\u00eat vintage, murale de chevreuils, murale en papier peint de chevreuils, tapisserie de chevreuils, murale en noir et blanc, murale en papier peint en noir et blanc, tapisserie en noir et blanc<\/p>\n","protected":false},"excerpt":{"rendered":"<p>-Murale en papier peint en noir et blanc d&#8217;une for\u00eat de style vintage avec deux chevreuils. Un magnifique et paisible paysage. -La murale comprend des laizes de 18\u2033 (45cm) de largeur. Par exemple, une murale de 6\u2032 (1,83m) de largeur a 4 laizes et une murale de 12\u2032 (3,66m) de largeur a 8 laizes. -Murale [&hellip;]<\/p>\n","protected":false},"featured_media":55546,"template":"","meta":{"_acf_changed":false},"product_brand":[],"product_cat":[134,141,401],"product_tag":[8769,9478,8864,10002,8940,9019,9219,9261,9137,9467,9512],"class_list":{"0":"post-55534","1":"product","2":"type-product","3":"status-publish","4":"has-post-thumbnail","6":"product_cat-animaux","7":"product_cat-nature-et-paysages","8":"product_cat-tous-nos-produits","9":"product_tag-animaux","10":"product_tag-arbres","11":"product_tag-calme","12":"product_tag-cerf-fr","13":"product_tag-chevreuil","14":"product_tag-foret","15":"product_tag-nature-fr","16":"product_tag-paisible","17":"product_tag-paysage","18":"product_tag-tranquilite","19":"product_tag-vintage-fr","21":"first","22":"instock","23":"taxable","24":"shipping-taxable","25":"purchasable","26":"product-type-variable","27":"has-default-attributes"},"acf":[],"_links":{"self":[{"href":"https:\/\/www.muralunique.com\/fr\/wp-json\/wp\/v2\/product\/55534","targetHints":{"allow":["GET"]}}],"collection":[{"href":"https:\/\/www.muralunique.com\/fr\/wp-json\/wp\/v2\/product"}],"about":[{"href":"https:\/\/www.muralunique.com\/fr\/wp-json\/wp\/v2\/types\/product"}],"wp:featuredmedia":[{"embeddable":true,"href":"https:\/\/www.muralunique.com\/fr\/wp-json\/wp\/v2\/media\/55546"}],"wp:attachment":[{"href":"https:\/\/www.muralunique.com\/fr\/wp-json\/wp\/v2\/media?parent=55534"}],"wp:term":[{"taxonomy":"product_brand","embeddable":true,"href":"https:\/\/www.muralunique.com\/fr\/wp-json\/wp\/v2\/product_brand?post=55534"},{"taxonomy":"product_cat","embeddable":true,"href":"https:\/\/www.muralunique.com\/fr\/wp-json\/wp\/v2\/product_cat?post=55534"},{"taxonomy":"product_tag","embeddable":true,"href":"https:\/\/www.muralunique.com\/fr\/wp-json\/wp\/v2\/product_tag?post=55534"}],"curies":[{"name":"wp","href":"https:\/\/api.w.org\/{rel}","templated":true}]}}