{"id":5558,"date":"2012-03-12T12:23:24","date_gmt":"2012-03-12T12:23:24","guid":{"rendered":"https:\/\/muralunique.com\/?post_type=product&#038;p=5558"},"modified":"2021-09-15T16:59:31","modified_gmt":"2021-09-15T20:59:31","slug":"rock-it-diner","status":"publish","type":"product","link":"https:\/\/www.muralunique.com\/fr\/produit\/rock-it-diner\/","title":{"rendered":"Rock it Diner"},"content":{"rendered":"<p>-Photo murale en papier\u00a0peint originale d&#8217;un diner.<\/p>\n<p>-La murale comprend des laizes de 18\u2033 (45cm) de largeur. Par exemple, une murale de 6\u2032 (1,83m) de largeur a 4 laizes et une murale de 12\u2032 (3,66m) de largeur a 8 laizes.<\/p>\n<p>-Murale en papier\u00a0peint pr\u00e9encoll\u00e9e, lavable, s\u2019enl\u00e8ve \u00e0 sec et r\u00e9utilisable. Facile \u00e0 installer, se pose comme du papier\u00a0peint (tapisserie).<\/p>\n<p>-murale Rock it Diner, murale en papier peint Rock it Diner, papier peint Rock it Diner, photo murale Rock it Diner<\/p>\n","protected":false},"excerpt":{"rendered":"<p>-Photo murale en papier\u00a0peint originale d&#8217;un diner. -La murale comprend des laizes de 18\u2033 (45cm) de largeur. Par exemple, une murale de 6\u2032 (1,83m) de largeur a 4 laizes et une murale de 12\u2032 (3,66m) de largeur a 8 laizes. -Murale en papier\u00a0peint pr\u00e9encoll\u00e9e, lavable, s\u2019enl\u00e8ve \u00e0 sec et r\u00e9utilisable. Facile \u00e0 installer, se pose [&hellip;]<\/p>\n","protected":false},"featured_media":31417,"template":"","meta":{"_acf_changed":false},"product_brand":[203],"product_cat":[401,179,163],"product_tag":[8943,9325,9326,9335,9469,9470,9483,9612,9485,9235,9786,8874],"class_list":{"0":"post-5558","1":"product","2":"type-product","3":"status-publish","4":"has-post-thumbnail","6":"product_brand-muralunique-com","7":"product_cat-tous-nos-produits","8":"product_cat-transports","9":"product_cat-trompe-loeil","10":"product_tag-diner-fr","11":"product_tag-restaurant-fr","12":"product_tag-retro","13":"product_tag-rock-it-diner-fr","14":"product_tag-transport-fr","15":"product_tag-transportation","16":"product_tag-trompe-l-oeil","17":"product_tag-trompe-loeil-fr","18":"product_tag-trompe-oeil-fr","19":"product_tag-vieille-voiture","20":"product_tag-voiture","21":"product_tag-voitures","23":"first","24":"instock","25":"taxable","26":"shipping-taxable","27":"purchasable","28":"product-type-variable","29":"has-default-attributes"},"acf":[],"_links":{"self":[{"href":"https:\/\/www.muralunique.com\/fr\/wp-json\/wp\/v2\/product\/5558","targetHints":{"allow":["GET"]}}],"collection":[{"href":"https:\/\/www.muralunique.com\/fr\/wp-json\/wp\/v2\/product"}],"about":[{"href":"https:\/\/www.muralunique.com\/fr\/wp-json\/wp\/v2\/types\/product"}],"wp:featuredmedia":[{"embeddable":true,"href":"https:\/\/www.muralunique.com\/fr\/wp-json\/wp\/v2\/media\/31417"}],"wp:attachment":[{"href":"https:\/\/www.muralunique.com\/fr\/wp-json\/wp\/v2\/media?parent=5558"}],"wp:term":[{"taxonomy":"product_brand","embeddable":true,"href":"https:\/\/www.muralunique.com\/fr\/wp-json\/wp\/v2\/product_brand?post=5558"},{"taxonomy":"product_cat","embeddable":true,"href":"https:\/\/www.muralunique.com\/fr\/wp-json\/wp\/v2\/product_cat?post=5558"},{"taxonomy":"product_tag","embeddable":true,"href":"https:\/\/www.muralunique.com\/fr\/wp-json\/wp\/v2\/product_tag?post=5558"}],"curies":[{"name":"wp","href":"https:\/\/api.w.org\/{rel}","templated":true}]}}