{"id":55626,"date":"2021-09-30T12:43:14","date_gmt":"2021-09-30T16:43:14","guid":{"rendered":"https:\/\/www.muralunique.com\/?post_type=product&#038;p=55626"},"modified":"2022-04-16T19:44:26","modified_gmt":"2022-04-16T23:44:26","slug":"soleil-de-la-commemoration","status":"publish","type":"product","link":"https:\/\/www.muralunique.com\/fr\/produit\/soleil-de-la-commemoration\/","title":{"rendered":"Soleil de la Comm\u00e9moration"},"content":{"rendered":"<p>-Murale en papier peint du soleil de la comm\u00e9moration Autochtone sur fond orange. Une murale sp\u00e9ciale pour la &#8220;Journ\u00e9e Nationale de la v\u00e9rit\u00e9 et de la r\u00e9conciliation&#8221; Canadienne. Pour plus d&#8217;informations: <a href=\"https:\/\/www.canada.ca\/fr\/patrimoine-canadien\/campagnes\/journee-nationale-verite-reconciliation.html\" rel=\"nofollow noopener\" target=\"_blank\">Canada.ca\/fr\/patrimoine-canadien\/campagnes\/journee-nationale-verite-reconciliation.<\/a><\/p>\n<p>-La murale comprend des laizes de 18\u2033 (45cm) de largeur. Par exemple, une murale de 6\u2032 (1,83m) de largeur a 4 laizes et une murale de 12\u2032 (3,66m) de largeur a 8 laizes.<\/p>\n<p>-Murale en papier\u00a0peint pr\u00e9encoll\u00e9e, lavable, s\u2019enl\u00e8ve \u00e0 sec et r\u00e9utilisable. Facile \u00e0 installer, se pose comme du papier\u00a0peint (tapisserie).<\/p>\n<p>-murale soleil aborig\u00e8ne, murale en papier peint soleil aborig\u00e8ne, tapisserie soleil aborig\u00e8ne, papier peint soleil aborig\u00e8ne, murale soleil aborig\u00e8ne orange, papier peint soleil aborig\u00e8ne orange<\/p>\n<h1 id=\"wb-cont\" dir=\"ltr\"><\/h1>\n","protected":false},"excerpt":{"rendered":"<p>-Murale en papier peint du soleil de la comm\u00e9moration Autochtone sur fond orange. Une murale sp\u00e9ciale pour la &#8220;Journ\u00e9e Nationale de la v\u00e9rit\u00e9 et de la r\u00e9conciliation&#8221; Canadienne. Pour plus d&#8217;informations: Canada.ca\/fr\/patrimoine-canadien\/campagnes\/journee-nationale-verite-reconciliation. -La murale comprend des laizes de 18\u2033 (45cm) de largeur. Par exemple, une murale de 6\u2032 (1,83m) de largeur a 4 laizes et [&hellip;]<\/p>\n","protected":false},"featured_media":55625,"template":"","meta":{"_acf_changed":false},"product_brand":[],"product_cat":[125,138,401],"product_tag":[9794,8751,9798,9797,9793,9321,9428],"class_list":{"0":"post-55626","1":"product","2":"type-product","3":"status-publish","4":"has-post-thumbnail","6":"product_cat-abstrait-et-geometrie","7":"product_cat-oriental-religion-spiritualite","8":"product_cat-tous-nos-produits","9":"product_tag-aborigene","10":"product_tag-abstrait","11":"product_tag-autochtone","12":"product_tag-commemoration-fr","13":"product_tag-indigene","14":"product_tag-religion-fr","15":"product_tag-soleil","17":"first","18":"instock","19":"taxable","20":"shipping-taxable","21":"purchasable","22":"product-type-variable","23":"has-default-attributes"},"acf":[],"_links":{"self":[{"href":"https:\/\/www.muralunique.com\/fr\/wp-json\/wp\/v2\/product\/55626","targetHints":{"allow":["GET"]}}],"collection":[{"href":"https:\/\/www.muralunique.com\/fr\/wp-json\/wp\/v2\/product"}],"about":[{"href":"https:\/\/www.muralunique.com\/fr\/wp-json\/wp\/v2\/types\/product"}],"wp:featuredmedia":[{"embeddable":true,"href":"https:\/\/www.muralunique.com\/fr\/wp-json\/wp\/v2\/media\/55625"}],"wp:attachment":[{"href":"https:\/\/www.muralunique.com\/fr\/wp-json\/wp\/v2\/media?parent=55626"}],"wp:term":[{"taxonomy":"product_brand","embeddable":true,"href":"https:\/\/www.muralunique.com\/fr\/wp-json\/wp\/v2\/product_brand?post=55626"},{"taxonomy":"product_cat","embeddable":true,"href":"https:\/\/www.muralunique.com\/fr\/wp-json\/wp\/v2\/product_cat?post=55626"},{"taxonomy":"product_tag","embeddable":true,"href":"https:\/\/www.muralunique.com\/fr\/wp-json\/wp\/v2\/product_tag?post=55626"}],"curies":[{"name":"wp","href":"https:\/\/api.w.org\/{rel}","templated":true}]}}