{"id":5565,"date":"2012-03-12T12:43:47","date_gmt":"2012-03-12T12:43:47","guid":{"rendered":"https:\/\/muralunique.com\/?post_type=product&#038;p=5565"},"modified":"2021-09-15T16:59:31","modified_gmt":"2021-09-15T20:59:31","slug":"toronto-la-nuit","status":"publish","type":"product","link":"https:\/\/www.muralunique.com\/fr\/produit\/toronto-la-nuit\/","title":{"rendered":"Toronto la Nuit"},"content":{"rendered":"<p>-Magnifique photo murale de la ville de Toronto en Ontario, Canada.<\/p>\n<p>-La murale comprend des laizes de 18\u2033 (45cm) de largeur. Par exemple, une murale de 6\u2032 (1,83m) de largeur a 4 laizes et une murale de 12\u2032 (3,66m) de largeur a 8 laizes.<\/p>\n<p>-Murale en papier\u00a0peint pr\u00e9encoll\u00e9e, lavable, s\u2019enl\u00e8ve \u00e0 sec et r\u00e9utilisable. Facile \u00e0 installer, se pose comme du papier\u00a0peint (tapisserie).<\/p>\n<p>-murale Toronto la nuit, murale en papier peint Toronto la nuit, photo murale Toronto la nuit, papier peint Toronto la nuit, murale Toronto<\/p>\n","protected":false},"excerpt":{"rendered":"<p>-Magnifique photo murale de la ville de Toronto en Ontario, Canada. -La murale comprend des laizes de 18\u2033 (45cm) de largeur. Par exemple, une murale de 6\u2032 (1,83m) de largeur a 4 laizes et une murale de 12\u2032 (3,66m) de largeur a 8 laizes. -Murale en papier\u00a0peint pr\u00e9encoll\u00e9e, lavable, s\u2019enl\u00e8ve \u00e0 sec et r\u00e9utilisable. Facile [&hellip;]<\/p>\n","protected":false},"featured_media":5566,"template":"","meta":{"_acf_changed":false},"product_brand":[203],"product_cat":[153,166,401],"product_tag":[8676,8921,9382,9381,8719,8902,9455,8674,9500,8901],"class_list":{"0":"post-5565","1":"product","2":"type-product","3":"status-publish","4":"has-post-thumbnail","6":"product_brand-muralunique-com","7":"product_cat-eau-et-plages","8":"product_cat-scenes-urbaines-villes","9":"product_cat-tous-nos-produits","10":"product_tag-canada-fr","11":"product_tag-contemporain","12":"product_tag-grattes-ciels","13":"product_tag-horizon","14":"product_tag-ontario-fr","15":"product_tag-paysage-urbain","16":"product_tag-toronto-fr","17":"product_tag-tour-du-cn","18":"product_tag-urbain","19":"product_tag-ville","21":"first","22":"instock","23":"taxable","24":"shipping-taxable","25":"purchasable","26":"product-type-variable","27":"has-default-attributes"},"acf":[],"_links":{"self":[{"href":"https:\/\/www.muralunique.com\/fr\/wp-json\/wp\/v2\/product\/5565","targetHints":{"allow":["GET"]}}],"collection":[{"href":"https:\/\/www.muralunique.com\/fr\/wp-json\/wp\/v2\/product"}],"about":[{"href":"https:\/\/www.muralunique.com\/fr\/wp-json\/wp\/v2\/types\/product"}],"wp:featuredmedia":[{"embeddable":true,"href":"https:\/\/www.muralunique.com\/fr\/wp-json\/wp\/v2\/media\/5566"}],"wp:attachment":[{"href":"https:\/\/www.muralunique.com\/fr\/wp-json\/wp\/v2\/media?parent=5565"}],"wp:term":[{"taxonomy":"product_brand","embeddable":true,"href":"https:\/\/www.muralunique.com\/fr\/wp-json\/wp\/v2\/product_brand?post=5565"},{"taxonomy":"product_cat","embeddable":true,"href":"https:\/\/www.muralunique.com\/fr\/wp-json\/wp\/v2\/product_cat?post=5565"},{"taxonomy":"product_tag","embeddable":true,"href":"https:\/\/www.muralunique.com\/fr\/wp-json\/wp\/v2\/product_tag?post=5565"}],"curies":[{"name":"wp","href":"https:\/\/api.w.org\/{rel}","templated":true}]}}