{"id":55752,"date":"2021-10-04T12:11:22","date_gmt":"2021-10-04T16:11:22","guid":{"rendered":"https:\/\/www.muralunique.com\/?post_type=product&#038;p=55752"},"modified":"2022-03-16T17:37:53","modified_gmt":"2022-03-16T21:37:53","slug":"portrait-de-femme","status":"publish","type":"product","link":"https:\/\/www.muralunique.com\/fr\/produit\/portrait-de-femme\/","title":{"rendered":"Portrait de Femme"},"content":{"rendered":"<p>-Murale d&#8217;un portrait de femme en art abstrait. Une v\u00e9ritable oeuvre d&#8217;art pour personnaliser vos murs. Une murale unique et originale pour cr\u00e9er un d\u00e9cor \u00e0 faire r\u00eaver.<\/p>\n<p>-La murale comprend des laizes de 18\u2033 (45cm) de largeur. Par exemple, une murale de 6\u2032 (1,83m) de largeur a 4 laizes et une murale de 12\u2032 (3,66m) de largeur a 8 laizes.<\/p>\n<p>-Murale en papier\u00a0peint pr\u00e9encoll\u00e9e, lavable, s\u2019enl\u00e8ve \u00e0 sec et r\u00e9utilisable. Facile \u00e0 installer, se pose comme du papier\u00a0peint (tapisserie).<\/p>\n<p>-murale portrait de femme, murale en papier peint portrait de femme, tapisserie portrait de femme, papier peint portrait de femme, murale visage de femme, tapisserie visage de femme, papier peint visage de femme<\/p>\n","protected":false},"excerpt":{"rendered":"<p>-Murale d&#8217;un portrait de femme en art abstrait. Une v\u00e9ritable oeuvre d&#8217;art pour personnaliser vos murs. Une murale unique et originale pour cr\u00e9er un d\u00e9cor \u00e0 faire r\u00eaver. -La murale comprend des laizes de 18\u2033 (45cm) de largeur. Par exemple, une murale de 6\u2032 (1,83m) de largeur a 4 laizes et une murale de 12\u2032 [&hellip;]<\/p>\n","protected":false},"featured_media":55751,"template":"","meta":{"_acf_changed":false},"product_brand":[],"product_cat":[125,10297,401],"product_tag":[8751,9724,9788,9804,9803,9800,8975],"class_list":{"0":"post-55752","1":"product","2":"type-product","3":"status-publish","4":"has-post-thumbnail","6":"product_cat-abstrait-et-geometrie","7":"product_cat-inspiration-artistique","8":"product_cat-tous-nos-produits","9":"product_tag-abstrait","10":"product_tag-art-fr","11":"product_tag-femme","12":"product_tag-fille","13":"product_tag-mode","14":"product_tag-portrait-fr","15":"product_tag-visage","17":"first","18":"instock","19":"taxable","20":"shipping-taxable","21":"purchasable","22":"product-type-variable","23":"has-default-attributes"},"acf":[],"_links":{"self":[{"href":"https:\/\/www.muralunique.com\/fr\/wp-json\/wp\/v2\/product\/55752","targetHints":{"allow":["GET"]}}],"collection":[{"href":"https:\/\/www.muralunique.com\/fr\/wp-json\/wp\/v2\/product"}],"about":[{"href":"https:\/\/www.muralunique.com\/fr\/wp-json\/wp\/v2\/types\/product"}],"wp:featuredmedia":[{"embeddable":true,"href":"https:\/\/www.muralunique.com\/fr\/wp-json\/wp\/v2\/media\/55751"}],"wp:attachment":[{"href":"https:\/\/www.muralunique.com\/fr\/wp-json\/wp\/v2\/media?parent=55752"}],"wp:term":[{"taxonomy":"product_brand","embeddable":true,"href":"https:\/\/www.muralunique.com\/fr\/wp-json\/wp\/v2\/product_brand?post=55752"},{"taxonomy":"product_cat","embeddable":true,"href":"https:\/\/www.muralunique.com\/fr\/wp-json\/wp\/v2\/product_cat?post=55752"},{"taxonomy":"product_tag","embeddable":true,"href":"https:\/\/www.muralunique.com\/fr\/wp-json\/wp\/v2\/product_tag?post=55752"}],"curies":[{"name":"wp","href":"https:\/\/api.w.org\/{rel}","templated":true}]}}