{"id":55769,"date":"2021-10-04T13:44:54","date_gmt":"2021-10-04T17:44:54","guid":{"rendered":"https:\/\/www.muralunique.com\/?post_type=product&#038;p=55769"},"modified":"2022-03-16T17:37:53","modified_gmt":"2022-03-16T21:37:53","slug":"top-modele","status":"publish","type":"product","link":"https:\/\/www.muralunique.com\/fr\/produit\/top-modele\/","title":{"rendered":"Top Mod\u00e8le"},"content":{"rendered":"<p>-Murale abstraite d&#8217;un visage de femme. Un design chic qui donnera certainement une touche d&#8217;originalit\u00e9 et d&#8217;\u00e9l\u00e9gance \u00e0 votre int\u00e9rieur.<\/p>\n<p>-La murale comprend des laizes de 18\u2033 (45cm) de largeur. Par exemple, une murale de 6\u2032 (1,83m) de largeur a 4 laizes et une murale de 12\u2032 (3,66m) de largeur a 8 laizes.<\/p>\n<p>-Murale en papier\u00a0peint pr\u00e9encoll\u00e9e, lavable, s\u2019enl\u00e8ve \u00e0 sec et r\u00e9utilisable. Facile \u00e0 installer, se pose comme du papier\u00a0peint (tapisserie).<\/p>\n<p>-murale top mod\u00e8le, tapisserie top mod\u00e8le, papier peint top mod\u00e8le, murale en papier peint top mod\u00e8le, murale visage de femme, papier peint visage de femme, tapisserie visage de femme<\/p>\n","protected":false},"excerpt":{"rendered":"<p>-Murale abstraite d&#8217;un visage de femme. Un design chic qui donnera certainement une touche d&#8217;originalit\u00e9 et d&#8217;\u00e9l\u00e9gance \u00e0 votre int\u00e9rieur. -La murale comprend des laizes de 18\u2033 (45cm) de largeur. Par exemple, une murale de 6\u2032 (1,83m) de largeur a 4 laizes et une murale de 12\u2032 (3,66m) de largeur a 8 laizes. -Murale en [&hellip;]<\/p>\n","protected":false},"featured_media":55781,"template":"","meta":{"_acf_changed":false},"product_brand":[],"product_cat":[125,401],"product_tag":[8751,9724,9788,9804,9803,9800,8975],"class_list":{"0":"post-55769","1":"product","2":"type-product","3":"status-publish","4":"has-post-thumbnail","6":"product_cat-abstrait-et-geometrie","7":"product_cat-tous-nos-produits","8":"product_tag-abstrait","9":"product_tag-art-fr","10":"product_tag-femme","11":"product_tag-fille","12":"product_tag-mode","13":"product_tag-portrait-fr","14":"product_tag-visage","16":"first","17":"instock","18":"taxable","19":"shipping-taxable","20":"purchasable","21":"product-type-variable","22":"has-default-attributes"},"acf":[],"_links":{"self":[{"href":"https:\/\/www.muralunique.com\/fr\/wp-json\/wp\/v2\/product\/55769","targetHints":{"allow":["GET"]}}],"collection":[{"href":"https:\/\/www.muralunique.com\/fr\/wp-json\/wp\/v2\/product"}],"about":[{"href":"https:\/\/www.muralunique.com\/fr\/wp-json\/wp\/v2\/types\/product"}],"wp:featuredmedia":[{"embeddable":true,"href":"https:\/\/www.muralunique.com\/fr\/wp-json\/wp\/v2\/media\/55781"}],"wp:attachment":[{"href":"https:\/\/www.muralunique.com\/fr\/wp-json\/wp\/v2\/media?parent=55769"}],"wp:term":[{"taxonomy":"product_brand","embeddable":true,"href":"https:\/\/www.muralunique.com\/fr\/wp-json\/wp\/v2\/product_brand?post=55769"},{"taxonomy":"product_cat","embeddable":true,"href":"https:\/\/www.muralunique.com\/fr\/wp-json\/wp\/v2\/product_cat?post=55769"},{"taxonomy":"product_tag","embeddable":true,"href":"https:\/\/www.muralunique.com\/fr\/wp-json\/wp\/v2\/product_tag?post=55769"}],"curies":[{"name":"wp","href":"https:\/\/api.w.org\/{rel}","templated":true}]}}