{"id":5588,"date":"2012-03-12T12:57:04","date_gmt":"2012-03-12T12:57:04","guid":{"rendered":"https:\/\/muralunique.com\/?post_type=product&#038;p=5588"},"modified":"2021-09-15T16:59:34","modified_gmt":"2021-09-15T20:59:34","slug":"paysage-dete-avec-des-arches-et-des-roses","status":"publish","type":"product","link":"https:\/\/www.muralunique.com\/fr\/produit\/paysage-dete-avec-des-arches-et-des-roses\/","title":{"rendered":"Paysage d&#8217;\u00c9t\u00e9 avec des Arches et des Roses"},"content":{"rendered":"<p>-Murale en papier peint d&#8217;un magnifique paysage d&#8217;\u00e9t\u00e9 avec des arches et des fleurs. Murale trompe l&#8217;oeil.<\/p>\n<p>-La murale comprend des laizes de 18\u2033 (45cm) de largeur. Par exemple, une murale de 6\u2032 (1,83m) de largeur a 4 laizes et une murale de 12\u2032 (3,66m) de largeur a 8 laizes.<\/p>\n<p>-Murale en papier\u00a0peint pr\u00e9encoll\u00e9e, lavable, s\u2019enl\u00e8ve \u00e0 sec et r\u00e9utilisable. Facile \u00e0 installer, se pose comme du papier\u00a0peint (tapisserie).<\/p>\n<p>-murale sc\u00e8ne avec des arches, papier peint sc\u00e8ne avec des arches, murale en papier peint arches, murale arches<\/p>\n<p>&nbsp;<\/p>\n","protected":false},"excerpt":{"rendered":"<p>-Murale en papier peint d&#8217;un magnifique paysage d&#8217;\u00e9t\u00e9 avec des arches et des fleurs. Murale trompe l&#8217;oeil. -La murale comprend des laizes de 18\u2033 (45cm) de largeur. Par exemple, une murale de 6\u2032 (1,83m) de largeur a 4 laizes et une murale de 12\u2032 (3,66m) de largeur a 8 laizes. -Murale en papier\u00a0peint pr\u00e9encoll\u00e9e, lavable, [&hellip;]<\/p>\n","protected":false},"featured_media":31711,"template":"","meta":{"_acf_changed":false},"product_brand":[203],"product_cat":[150,141,401,163],"product_tag":[8777,8779,9427,9009,9010,9006,9219,9137,9340,9341,9351,9483,9612,9485],"class_list":{"0":"post-5588","1":"product","2":"type-product","3":"status-publish","4":"has-post-thumbnail","6":"product_brand-muralunique-com","7":"product_cat-fleurs-et-feuillages","8":"product_cat-nature-et-paysages","9":"product_cat-tous-nos-produits","10":"product_cat-trompe-loeil","11":"product_tag-arche","12":"product_tag-arches-fr","13":"product_tag-ete","14":"product_tag-fleur","15":"product_tag-fleurs","16":"product_tag-floral-fr","17":"product_tag-nature-fr","18":"product_tag-paysage","19":"product_tag-rose","20":"product_tag-roses-fr","21":"product_tag-scene-fr","22":"product_tag-trompe-l-oeil","23":"product_tag-trompe-loeil-fr","24":"product_tag-trompe-oeil-fr","26":"first","27":"instock","28":"taxable","29":"shipping-taxable","30":"purchasable","31":"product-type-variable","32":"has-default-attributes"},"acf":[],"_links":{"self":[{"href":"https:\/\/www.muralunique.com\/fr\/wp-json\/wp\/v2\/product\/5588","targetHints":{"allow":["GET"]}}],"collection":[{"href":"https:\/\/www.muralunique.com\/fr\/wp-json\/wp\/v2\/product"}],"about":[{"href":"https:\/\/www.muralunique.com\/fr\/wp-json\/wp\/v2\/types\/product"}],"wp:featuredmedia":[{"embeddable":true,"href":"https:\/\/www.muralunique.com\/fr\/wp-json\/wp\/v2\/media\/31711"}],"wp:attachment":[{"href":"https:\/\/www.muralunique.com\/fr\/wp-json\/wp\/v2\/media?parent=5588"}],"wp:term":[{"taxonomy":"product_brand","embeddable":true,"href":"https:\/\/www.muralunique.com\/fr\/wp-json\/wp\/v2\/product_brand?post=5588"},{"taxonomy":"product_cat","embeddable":true,"href":"https:\/\/www.muralunique.com\/fr\/wp-json\/wp\/v2\/product_cat?post=5588"},{"taxonomy":"product_tag","embeddable":true,"href":"https:\/\/www.muralunique.com\/fr\/wp-json\/wp\/v2\/product_tag?post=5588"}],"curies":[{"name":"wp","href":"https:\/\/api.w.org\/{rel}","templated":true}]}}