{"id":5594,"date":"2012-03-12T13:03:48","date_gmt":"2012-03-12T13:03:48","guid":{"rendered":"https:\/\/muralunique.com\/?post_type=product&#038;p=5594"},"modified":"2021-09-15T16:59:35","modified_gmt":"2021-09-15T20:59:35","slug":"coucher-de-soleil-sur-la-plage","status":"publish","type":"product","link":"https:\/\/www.muralunique.com\/fr\/produit\/coucher-de-soleil-sur-la-plage\/","title":{"rendered":"Coucher de Soleil sur la Plage"},"content":{"rendered":"<p>-Murale en papier peint d&#8217;un coucher de soleil sur la plage. Oeuvre originale de Tony Floreani.<\/p>\n<p>-La murale comprend des laizes de 18&#8243; (45cm) de largeur. Par exemple, une murale de 6&#8242; (1,83m) de largeur a 4 laizes et une murale de 12&#8242; (3,66m) de largeur a 8 laizes.<\/p>\n<p>-Murale en papier\u00a0peint pr\u00e9encoll\u00e9e, lavable, s&#8217;enl\u00e8ve \u00e0 sec et r\u00e9utilisable. Facile \u00e0 installer, se pose comme du papier\u00a0peint (tapisserie).<\/p>\n<p>-Cette toile est une cr\u00e9ation de Tony Floreani.<\/p>\n<p>-murale de plages, murale en papier peint d&#8217;eau et de plages, murale coucher de soleil, tapisserie coucher de soleil, papier peint de plage<\/p>\n","protected":false},"excerpt":{"rendered":"<p>-Murale en papier peint d&#8217;un coucher de soleil sur la plage. Oeuvre originale de Tony Floreani. -La murale comprend des laizes de 18&#8243; (45cm) de largeur. Par exemple, une murale de 6&#8242; (1,83m) de largeur a 4 laizes et une murale de 12&#8242; (3,66m) de largeur a 8 laizes. -Murale en papier\u00a0peint pr\u00e9encoll\u00e9e, lavable, s&#8217;enl\u00e8ve [&hellip;]<\/p>\n","protected":false},"featured_media":31986,"template":"","meta":{"_acf_changed":false},"product_brand":[136],"product_cat":[153,141,401,425],"product_tag":[9478,8864,9432,9517,9427,8970,9073,9352,9219,9231,9261,10138,9242,9137,8806,8807,9349,9467,9486],"class_list":{"0":"post-5594","1":"product","2":"type-product","3":"status-publish","4":"has-post-thumbnail","6":"artist-tony-floreani-fr","7":"product_brand-tony-floreani","8":"product_cat-eau-et-plages","9":"product_cat-nature-et-paysages","10":"product_cat-tous-nos-produits","11":"product_cat-ultra-haute-d-finition-art","12":"product_tag-arbres","13":"product_tag-calme","14":"product_tag-coucher-de-soleil","15":"product_tag-eau","16":"product_tag-ete","17":"product_tag-exotique","18":"product_tag-hamac","19":"product_tag-mer","20":"product_tag-nature-fr","21":"product_tag-ocean-fr-2","22":"product_tag-paisible","23":"product_tag-palmier-fr","24":"product_tag-palmiers","25":"product_tag-paysage","26":"product_tag-plage","27":"product_tag-plages","28":"product_tag-sable","29":"product_tag-tranquilite","30":"product_tag-tropical-fr","32":"first","33":"instock","34":"taxable","35":"shipping-taxable","36":"purchasable","37":"product-type-variable","38":"has-default-attributes"},"acf":[],"_links":{"self":[{"href":"https:\/\/www.muralunique.com\/fr\/wp-json\/wp\/v2\/product\/5594","targetHints":{"allow":["GET"]}}],"collection":[{"href":"https:\/\/www.muralunique.com\/fr\/wp-json\/wp\/v2\/product"}],"about":[{"href":"https:\/\/www.muralunique.com\/fr\/wp-json\/wp\/v2\/types\/product"}],"wp:featuredmedia":[{"embeddable":true,"href":"https:\/\/www.muralunique.com\/fr\/wp-json\/wp\/v2\/media\/31986"}],"wp:attachment":[{"href":"https:\/\/www.muralunique.com\/fr\/wp-json\/wp\/v2\/media?parent=5594"}],"wp:term":[{"taxonomy":"product_brand","embeddable":true,"href":"https:\/\/www.muralunique.com\/fr\/wp-json\/wp\/v2\/product_brand?post=5594"},{"taxonomy":"product_cat","embeddable":true,"href":"https:\/\/www.muralunique.com\/fr\/wp-json\/wp\/v2\/product_cat?post=5594"},{"taxonomy":"product_tag","embeddable":true,"href":"https:\/\/www.muralunique.com\/fr\/wp-json\/wp\/v2\/product_tag?post=5594"}],"curies":[{"name":"wp","href":"https:\/\/api.w.org\/{rel}","templated":true}]}}